{"id":9274,"date":"2024-01-25T14:29:44","date_gmt":"2024-01-25T13:29:44","guid":{"rendered":"https:\/\/dogsport-online.com\/?post_type=product&#038;p=9274"},"modified":"2025-09-29T08:55:16","modified_gmt":"2025-09-29T06:55:16","slug":"faehrte-teil-3-gegenstand-verweisen","status":"publish","type":"product","link":"https:\/\/dogsport-online.com\/en\/product\/faehrte-teil-3-gegenstand-verweisen\/","title":{"rendered":"Tracking part 3 - indicating the articles"},"content":{"rendered":"<p><strong>Video details:<\/strong><\/p>\n<ul>\n<li>Splitting the exercise and starting with the final picture: dog lying and fixating on the object<\/li>\n<li>Help command is installed<\/li>\n<li>Lots of help with feedback to get correct and happy indicating<\/li>\n<li>Dismantling the help with the hand<\/li>\n<li>Assuming the correct position\/distance in front of the object<\/li>\n<li>The object is sniffed out by the dog<\/li>\n<li>With the help command, the dog learns to point out the objects on the trail<\/li>\n<li>Video examples and explanations to the individual points alternating<\/li>\n<li>Lenght 13:33 minutes<\/li>\n<li>Language: German, Subtitle: English<\/li>\n<\/ul>\n<p><strong>Preparatory videos: \u00a0\u00a0\u00a0\u00a0<\/strong><\/p>\n<ul>\n<li><a href=\"https:\/\/dogsport-online.com\/en\/product\/faehrte-der-anfang\/\">Tracking, the beginning<\/a><\/li>\n<li><a href=\"https:\/\/dogsport-online.com\/en\/product\/faehrte-teil2-futterabbau-winkelarbeit\/\">Tracking part 2 - reduction from the food and corner work<\/a><\/li>\n<\/ul>\n<p><strong>Link zum Video (Freischaltung nach Kauf):<\/strong><\/p>\n<ul>\n<li><a href=\"https:\/\/dogsport-online.com\/en\/courses\/faehrte-teil-3-gegenstand-verweisen\/\">Tracking part 3 - indicating the articles<\/a><\/li>\n<\/ul>","protected":false},"excerpt":{"rendered":"<p>In this video we would like to show you how we teach our dogs to indicate the articles. In a separate exercise, we help them to understand what and how the task of indicating looks like. To do this, we use an help command and have a plan for how we take over the indicating on the track.<br \/>\n<strong>Note: After payment, the <span style=\"color: #2e8b57;\">video is unlocked for 30 days<\/span>.<br \/>\nLink to video: <span style=\"color: #2e8b57;\"><a style=\"color: #2e8b57;\" href=\"https:\/\/dogsport-online.com\/en\/courses\/faehrte-teil-3-gegenstand-verweisen\/\">Tracking part 3 - indicating the articles<\/a><\/span><\/strong> (unlock after payment)<\/p>","protected":false},"featured_media":9262,"comment_status":"open","ping_status":"closed","template":"","meta":{"site-sidebar-layout":"default","site-content-layout":"default","ast-site-content-layout":"default","site-content-style":"default","site-sidebar-style":"default","ast-global-header-display":"","ast-banner-title-visibility":"","ast-main-header-display":"","ast-hfb-above-header-display":"","ast-hfb-below-header-display":"","ast-hfb-mobile-header-display":"","site-post-title":"","ast-breadcrumbs-content":"","ast-featured-img":"","footer-sml-layout":"","theme-transparent-header-meta":"default","adv-header-id-meta":"","stick-header-meta":"","header-above-stick-meta":"","header-main-stick-meta":"","header-below-stick-meta":"","astra-migrate-meta-layouts":"set","ast-page-background-enabled":"default","ast-page-background-meta":{"desktop":{"background-color":"","background-image":"","background-repeat":"repeat","background-position":"center center","background-size":"auto","background-attachment":"scroll","background-type":"","background-media":"","overlay-type":"","overlay-color":"","overlay-gradient":""},"tablet":{"background-color":"","background-image":"","background-repeat":"repeat","background-position":"center center","background-size":"auto","background-attachment":"scroll","background-type":"","background-media":"","overlay-type":"","overlay-color":"","overlay-gradient":""},"mobile":{"background-color":"","background-image":"","background-repeat":"repeat","background-position":"center center","background-size":"auto","background-attachment":"scroll","background-type":"","background-media":"","overlay-type":"","overlay-color":"","overlay-gradient":""}},"ast-content-background-meta":{"desktop":{"background-color":"var(--ast-global-color-5)","background-image":"","background-repeat":"repeat","background-position":"center center","background-size":"auto","background-attachment":"scroll","background-type":"","background-media":"","overlay-type":"","overlay-color":"","overlay-gradient":""},"tablet":{"background-color":"var(--ast-global-color-5)","background-image":"","background-repeat":"repeat","background-position":"center center","background-size":"auto","background-attachment":"scroll","background-type":"","background-media":"","overlay-type":"","overlay-color":"","overlay-gradient":""},"mobile":{"background-color":"var(--ast-global-color-5)","background-image":"","background-repeat":"repeat","background-position":"center center","background-size":"auto","background-attachment":"scroll","background-type":"","background-media":"","overlay-type":"","overlay-color":"","overlay-gradient":""}}},"product_brand":[],"product_cat":[368],"product_tag":[369,370,441,489,490,491,109,492,122,493,124,301],"giftcard-category":[],"class_list":{"0":"post-9274","1":"product","2":"type-product","3":"status-publish","4":"has-post-thumbnail","6":"product_cat-faehrte","7":"product_tag-tracking","8":"product_tag-faehrte","9":"product_tag-young-dog-training","10":"product_tag-verweisen","11":"product_tag-gegenstaende","12":"product_tag-gegenstand","13":"product_tag-heuwinkl","14":"product_tag-article","15":"product_tag-junghundtraining","16":"product_tag-articles","17":"product_tag-puppy-training","18":"product_tag-hundesport","19":"desktop-align-left","20":"tablet-align-left","21":"mobile-align-left","23":"first","24":"instock","25":"virtual","26":"sold-individually","27":"taxable","28":"purchasable","29":"product-type-simple"},"yoast_head":"<!-- This site is optimized with the Yoast SEO plugin v26.0 - https:\/\/yoast.com\/wordpress\/plugins\/seo\/ -->\n<title>F\u00e4hrte Teil 3 -Gegenstand verweisen - Dogsport-Online.com<\/title>\n<meta name=\"description\" content=\"In diesem Trainingsvideo erkl\u00e4ren wir, wie Schritt f\u00fcr die Gegenstandarbeit vorbereiten und dann in der F\u00e4hrte einf\u00fchren.\" \/>\n<meta name=\"robots\" content=\"index, follow, max-snippet:-1, max-image-preview:large, max-video-preview:-1\" \/>\n<link rel=\"canonical\" href=\"https:\/\/dogsport-online.com\/en\/product\/faehrte-teil-3-gegenstand-verweisen\/\" \/>\n<meta property=\"og:locale\" content=\"en_US\" \/>\n<meta property=\"og:type\" content=\"article\" \/>\n<meta property=\"og:title\" content=\"F\u00e4hrte Teil 3 -Gegenstand verweisen - Dogsport-Online.com\" \/>\n<meta property=\"og:description\" content=\"In diesem Trainingsvideo erkl\u00e4ren wir, wie Schritt f\u00fcr die Gegenstandarbeit vorbereiten und dann in der F\u00e4hrte einf\u00fchren.\" \/>\n<meta property=\"og:url\" content=\"https:\/\/dogsport-online.com\/en\/product\/faehrte-teil-3-gegenstand-verweisen\/\" \/>\n<meta property=\"og:site_name\" content=\"Dogsport-Online.com\" \/>\n<meta property=\"article:modified_time\" content=\"2025-09-29T06:55:16+00:00\" \/>\n<meta property=\"og:image\" content=\"https:\/\/dogsport-online.com\/wp-content\/uploads\/2024\/01\/44-Faehrte-Gegenstand-verweisen.jpg\" \/>\n\t<meta property=\"og:image:width\" content=\"500\" \/>\n\t<meta property=\"og:image:height\" content=\"281\" \/>\n\t<meta property=\"og:image:type\" content=\"image\/jpeg\" \/>\n<meta name=\"twitter:card\" content=\"summary_large_image\" \/>\n<meta name=\"twitter:label1\" content=\"Est. reading time\" \/>\n\t<meta name=\"twitter:data1\" content=\"1 minute\" \/>\n<script type=\"application\/ld+json\" class=\"yoast-schema-graph\">{\"@context\":\"https:\/\/schema.org\",\"@graph\":[{\"@type\":\"WebPage\",\"@id\":\"https:\/\/dogsport-online.com\/produkt\/faehrte-teil-3-gegenstand-verweisen\/\",\"url\":\"https:\/\/dogsport-online.com\/produkt\/faehrte-teil-3-gegenstand-verweisen\/\",\"name\":\"F\u00e4hrte Teil 3 -Gegenstand verweisen - Dogsport-Online.com\",\"isPartOf\":{\"@id\":\"https:\/\/dogsport-online.com\/#website\"},\"primaryImageOfPage\":{\"@id\":\"https:\/\/dogsport-online.com\/produkt\/faehrte-teil-3-gegenstand-verweisen\/#primaryimage\"},\"image\":{\"@id\":\"https:\/\/dogsport-online.com\/produkt\/faehrte-teil-3-gegenstand-verweisen\/#primaryimage\"},\"thumbnailUrl\":\"https:\/\/dogsport-online.com\/wp-content\/uploads\/2024\/01\/44-Faehrte-Gegenstand-verweisen.jpg\",\"datePublished\":\"2024-01-25T13:29:44+00:00\",\"dateModified\":\"2025-09-29T06:55:16+00:00\",\"description\":\"In diesem Trainingsvideo erkl\u00e4ren wir, wie Schritt f\u00fcr die Gegenstandarbeit vorbereiten und dann in der F\u00e4hrte einf\u00fchren.\",\"breadcrumb\":{\"@id\":\"https:\/\/dogsport-online.com\/produkt\/faehrte-teil-3-gegenstand-verweisen\/#breadcrumb\"},\"inLanguage\":\"en-US\",\"potentialAction\":[{\"@type\":\"ReadAction\",\"target\":[\"https:\/\/dogsport-online.com\/produkt\/faehrte-teil-3-gegenstand-verweisen\/\"]}]},{\"@type\":\"ImageObject\",\"inLanguage\":\"en-US\",\"@id\":\"https:\/\/dogsport-online.com\/produkt\/faehrte-teil-3-gegenstand-verweisen\/#primaryimage\",\"url\":\"https:\/\/dogsport-online.com\/wp-content\/uploads\/2024\/01\/44-Faehrte-Gegenstand-verweisen.jpg\",\"contentUrl\":\"https:\/\/dogsport-online.com\/wp-content\/uploads\/2024\/01\/44-Faehrte-Gegenstand-verweisen.jpg\",\"width\":500,\"height\":281,\"caption\":\"Gegenst\u00e4nde lernen und auf der F\u00e4hrte\"},{\"@type\":\"BreadcrumbList\",\"@id\":\"https:\/\/dogsport-online.com\/produkt\/faehrte-teil-3-gegenstand-verweisen\/#breadcrumb\",\"itemListElement\":[{\"@type\":\"ListItem\",\"position\":1,\"name\":\"Startseite\",\"item\":\"https:\/\/dogsport-online.com\/\"},{\"@type\":\"ListItem\",\"position\":2,\"name\":\"Produkte\",\"item\":\"https:\/\/dogsport-online.com\/shop\/\"},{\"@type\":\"ListItem\",\"position\":3,\"name\":\"F\u00e4hrte Teil 3 -Gegenstand verweisen\"}]},{\"@type\":\"WebSite\",\"@id\":\"https:\/\/dogsport-online.com\/#website\",\"url\":\"https:\/\/dogsport-online.com\/\",\"name\":\"Dogsport-Online.com\",\"description\":\"Training Videos and much more\",\"publisher\":{\"@id\":\"https:\/\/dogsport-online.com\/#organization\"},\"potentialAction\":[{\"@type\":\"SearchAction\",\"target\":{\"@type\":\"EntryPoint\",\"urlTemplate\":\"https:\/\/dogsport-online.com\/?s={search_term_string}\"},\"query-input\":{\"@type\":\"PropertyValueSpecification\",\"valueRequired\":true,\"valueName\":\"search_term_string\"}}],\"inLanguage\":\"en-US\"},{\"@type\":\"Organization\",\"@id\":\"https:\/\/dogsport-online.com\/#organization\",\"name\":\"Dogsport-Online.com\",\"url\":\"https:\/\/dogsport-online.com\/\",\"logo\":{\"@type\":\"ImageObject\",\"inLanguage\":\"en-US\",\"@id\":\"https:\/\/dogsport-online.com\/#\/schema\/logo\/image\/\",\"url\":\"https:\/\/dogsport-online.com\/wp-content\/uploads\/2021\/08\/Logo-DS-facebook-1.png\",\"contentUrl\":\"https:\/\/dogsport-online.com\/wp-content\/uploads\/2021\/08\/Logo-DS-facebook-1.png\",\"width\":1200,\"height\":630,\"caption\":\"Dogsport-Online.com\"},\"image\":{\"@id\":\"https:\/\/dogsport-online.com\/#\/schema\/logo\/image\/\"}}]}<\/script>\n<!-- \/ Yoast SEO plugin. -->","yoast_head_json":{"title":"F\u00e4hrte Teil 3 -Gegenstand verweisen - Dogsport-Online.com","description":"In diesem Trainingsvideo erkl\u00e4ren wir, wie Schritt f\u00fcr die Gegenstandarbeit vorbereiten und dann in der F\u00e4hrte einf\u00fchren.","robots":{"index":"index","follow":"follow","max-snippet":"max-snippet:-1","max-image-preview":"max-image-preview:large","max-video-preview":"max-video-preview:-1"},"canonical":"https:\/\/dogsport-online.com\/en\/product\/faehrte-teil-3-gegenstand-verweisen\/","og_locale":"en_US","og_type":"article","og_title":"F\u00e4hrte Teil 3 -Gegenstand verweisen - Dogsport-Online.com","og_description":"In diesem Trainingsvideo erkl\u00e4ren wir, wie Schritt f\u00fcr die Gegenstandarbeit vorbereiten und dann in der F\u00e4hrte einf\u00fchren.","og_url":"https:\/\/dogsport-online.com\/en\/product\/faehrte-teil-3-gegenstand-verweisen\/","og_site_name":"Dogsport-Online.com","article_modified_time":"2025-09-29T06:55:16+00:00","og_image":[{"width":500,"height":281,"url":"https:\/\/dogsport-online.com\/wp-content\/uploads\/2024\/01\/44-Faehrte-Gegenstand-verweisen.jpg","type":"image\/jpeg"}],"twitter_card":"summary_large_image","twitter_misc":{"Est. reading time":"1 minute"},"schema":{"@context":"https:\/\/schema.org","@graph":[{"@type":"WebPage","@id":"https:\/\/dogsport-online.com\/produkt\/faehrte-teil-3-gegenstand-verweisen\/","url":"https:\/\/dogsport-online.com\/produkt\/faehrte-teil-3-gegenstand-verweisen\/","name":"F\u00e4hrte Teil 3 -Gegenstand verweisen - Dogsport-Online.com","isPartOf":{"@id":"https:\/\/dogsport-online.com\/#website"},"primaryImageOfPage":{"@id":"https:\/\/dogsport-online.com\/produkt\/faehrte-teil-3-gegenstand-verweisen\/#primaryimage"},"image":{"@id":"https:\/\/dogsport-online.com\/produkt\/faehrte-teil-3-gegenstand-verweisen\/#primaryimage"},"thumbnailUrl":"https:\/\/dogsport-online.com\/wp-content\/uploads\/2024\/01\/44-Faehrte-Gegenstand-verweisen.jpg","datePublished":"2024-01-25T13:29:44+00:00","dateModified":"2025-09-29T06:55:16+00:00","description":"In diesem Trainingsvideo erkl\u00e4ren wir, wie Schritt f\u00fcr die Gegenstandarbeit vorbereiten und dann in der F\u00e4hrte einf\u00fchren.","breadcrumb":{"@id":"https:\/\/dogsport-online.com\/produkt\/faehrte-teil-3-gegenstand-verweisen\/#breadcrumb"},"inLanguage":"en-US","potentialAction":[{"@type":"ReadAction","target":["https:\/\/dogsport-online.com\/produkt\/faehrte-teil-3-gegenstand-verweisen\/"]}]},{"@type":"ImageObject","inLanguage":"en-US","@id":"https:\/\/dogsport-online.com\/produkt\/faehrte-teil-3-gegenstand-verweisen\/#primaryimage","url":"https:\/\/dogsport-online.com\/wp-content\/uploads\/2024\/01\/44-Faehrte-Gegenstand-verweisen.jpg","contentUrl":"https:\/\/dogsport-online.com\/wp-content\/uploads\/2024\/01\/44-Faehrte-Gegenstand-verweisen.jpg","width":500,"height":281,"caption":"Gegenst\u00e4nde lernen und auf der F\u00e4hrte"},{"@type":"BreadcrumbList","@id":"https:\/\/dogsport-online.com\/produkt\/faehrte-teil-3-gegenstand-verweisen\/#breadcrumb","itemListElement":[{"@type":"ListItem","position":1,"name":"Startseite","item":"https:\/\/dogsport-online.com\/"},{"@type":"ListItem","position":2,"name":"Produkte","item":"https:\/\/dogsport-online.com\/shop\/"},{"@type":"ListItem","position":3,"name":"F\u00e4hrte Teil 3 -Gegenstand verweisen"}]},{"@type":"WebSite","@id":"https:\/\/dogsport-online.com\/#website","url":"https:\/\/dogsport-online.com\/","name":"Dogsport-Online.com","description":"Training Videos and much more","publisher":{"@id":"https:\/\/dogsport-online.com\/#organization"},"potentialAction":[{"@type":"SearchAction","target":{"@type":"EntryPoint","urlTemplate":"https:\/\/dogsport-online.com\/?s={search_term_string}"},"query-input":{"@type":"PropertyValueSpecification","valueRequired":true,"valueName":"search_term_string"}}],"inLanguage":"en-US"},{"@type":"Organization","@id":"https:\/\/dogsport-online.com\/#organization","name":"Dogsport-Online.com","url":"https:\/\/dogsport-online.com\/","logo":{"@type":"ImageObject","inLanguage":"en-US","@id":"https:\/\/dogsport-online.com\/#\/schema\/logo\/image\/","url":"https:\/\/dogsport-online.com\/wp-content\/uploads\/2021\/08\/Logo-DS-facebook-1.png","contentUrl":"https:\/\/dogsport-online.com\/wp-content\/uploads\/2021\/08\/Logo-DS-facebook-1.png","width":1200,"height":630,"caption":"Dogsport-Online.com"},"image":{"@id":"https:\/\/dogsport-online.com\/#\/schema\/logo\/image\/"}}]}},"_links":{"self":[{"href":"https:\/\/dogsport-online.com\/en\/wp-json\/wp\/v2\/product\/9274","targetHints":{"allow":["GET"]}}],"collection":[{"href":"https:\/\/dogsport-online.com\/en\/wp-json\/wp\/v2\/product"}],"about":[{"href":"https:\/\/dogsport-online.com\/en\/wp-json\/wp\/v2\/types\/product"}],"replies":[{"embeddable":true,"href":"https:\/\/dogsport-online.com\/en\/wp-json\/wp\/v2\/comments?post=9274"}],"version-history":[{"count":1,"href":"https:\/\/dogsport-online.com\/en\/wp-json\/wp\/v2\/product\/9274\/revisions"}],"predecessor-version":[{"id":9275,"href":"https:\/\/dogsport-online.com\/en\/wp-json\/wp\/v2\/product\/9274\/revisions\/9275"}],"wp:featuredmedia":[{"embeddable":true,"href":"https:\/\/dogsport-online.com\/en\/wp-json\/wp\/v2\/media\/9262"}],"wp:attachment":[{"href":"https:\/\/dogsport-online.com\/en\/wp-json\/wp\/v2\/media?parent=9274"}],"wp:term":[{"taxonomy":"product_brand","embeddable":true,"href":"https:\/\/dogsport-online.com\/en\/wp-json\/wp\/v2\/product_brand?post=9274"},{"taxonomy":"product_cat","embeddable":true,"href":"https:\/\/dogsport-online.com\/en\/wp-json\/wp\/v2\/product_cat?post=9274"},{"taxonomy":"product_tag","embeddable":true,"href":"https:\/\/dogsport-online.com\/en\/wp-json\/wp\/v2\/product_tag?post=9274"},{"taxonomy":"giftcard-category","embeddable":true,"href":"https:\/\/dogsport-online.com\/en\/wp-json\/wp\/v2\/giftcard-category?post=9274"}],"curies":[{"name":"wp","href":"https:\/\/api.w.org\/{rel}","templated":true}]}}