{"id":8205,"date":"2024-11-30T10:39:51","date_gmt":"2024-11-30T09:39:51","guid":{"rendered":"https:\/\/dogsport-online.com\/?post_type=product&#038;p=8205"},"modified":"2025-12-18T15:09:36","modified_gmt":"2025-12-18T14:09:36","slug":"heuwinkl-abo-3-monate","status":"publish","type":"product","link":"https:\/\/dogsport-online.com\/en\/product\/heuwinkl-abo-3-monate\/","title":{"rendered":"Heuwinkl-Subscription (min. 3 Month)"},"content":{"rendered":"<p>This subscription gives you access to <strong>over 45 videos<\/strong> based on the \"Heuwinkl Method,\" <strong>worth more than 360\u20ac.<\/strong>The subscription model includes videos on the following topics:<\/p>\n<ul>\n<li><strong>Tracking<\/strong><\/li>\n<li><strong>Obedience<\/strong><\/li>\n<li><strong>Protection<\/strong><\/li>\n<li>plus <em><strong>exclusive<\/strong><\/em> for subscribers: interesting additional videos, such as learning behavior, the 4-quadrant model, motivation, and more.<\/li>\n<\/ul>\n<p>The videos are self-explanatory but also an ideal complement to the obedience and protection books \"Successful Together\"<\/p>\n<p><strong>Which videos are included in this subscription?<\/strong><\/p>\n<ul>\n<li>Here you will find an overview of all the videos on the \"Heuwinkl Method\": <a href=\"https:\/\/dogsport-online.com\/en\/?s=heuwinkl&amp;post_type=product&amp;type_aws=true\">List of all \"Heuwinkl Method\" videos.<\/a><\/li>\n<li>Diese Videos sind NICHT im Abo enthalten: <a href=\"https:\/\/dogsport-online.com\/en\/?s=notinabo&amp;post_type=product&amp;type_aws=true\">siehe Liste<\/a><\/li>\n<\/ul>\n<p><strong>Payment Model:<\/strong><\/p>\n<ul>\n<li>Das Abo kostet 49,90 pro Monat und l\u00e4uft f\u00fcr <strong>at least 3 months.<\/strong>.<\/li>\n<li>After 3 months, the subscription automatically renews for <strong>one month at a time.<\/strong><\/li>\n<li>Cancellation: The subscription can be <a href=\"https:\/\/dogsport-online.com\/en\/mein-konto\/subscriptions\/\">canceled (click here)<\/a>\u00a0at any time after the minimum term via your account.<\/li>\n<\/ul>\n<p data-pm-slice=\"1 1 []\">Note: This product is excluded from voucher promotions.<\/p>","protected":false},"excerpt":{"rendered":"<p>This subscription gives you access to all videos following the \"Heuwinkl Method\" and is the perfect complement to the two books \"Successful Together\". <strong>More than 45 videos worth over 360\u20ac.<\/strong>.<br \/>\n<strong>Inportant note:<\/strong> The subscription runs <strong>at least 3 months<\/strong> and can be canceled monthly thereafter.<\/p>","protected":false},"featured_media":11400,"comment_status":"open","ping_status":"closed","template":"","meta":{"site-sidebar-layout":"default","site-content-layout":"","ast-site-content-layout":"default","site-content-style":"default","site-sidebar-style":"default","ast-global-header-display":"","ast-banner-title-visibility":"","ast-main-header-display":"","ast-hfb-above-header-display":"","ast-hfb-below-header-display":"","ast-hfb-mobile-header-display":"","site-post-title":"","ast-breadcrumbs-content":"","ast-featured-img":"","footer-sml-layout":"","theme-transparent-header-meta":"default","adv-header-id-meta":"","stick-header-meta":"","header-above-stick-meta":"","header-main-stick-meta":"","header-below-stick-meta":"","astra-migrate-meta-layouts":"set","ast-page-background-enabled":"default","ast-page-background-meta":{"desktop":{"background-color":"","background-image":"","background-repeat":"repeat","background-position":"center center","background-size":"auto","background-attachment":"scroll","background-type":"","background-media":"","overlay-type":"","overlay-color":"","overlay-gradient":""},"tablet":{"background-color":"","background-image":"","background-repeat":"repeat","background-position":"center center","background-size":"auto","background-attachment":"scroll","background-type":"","background-media":"","overlay-type":"","overlay-color":"","overlay-gradient":""},"mobile":{"background-color":"","background-image":"","background-repeat":"repeat","background-position":"center center","background-size":"auto","background-attachment":"scroll","background-type":"","background-media":"","overlay-type":"","overlay-color":"","overlay-gradient":""}},"ast-content-background-meta":{"desktop":{"background-color":"var(--ast-global-color-5)","background-image":"","background-repeat":"repeat","background-position":"center center","background-size":"auto","background-attachment":"scroll","background-type":"","background-media":"","overlay-type":"","overlay-color":"","overlay-gradient":""},"tablet":{"background-color":"var(--ast-global-color-5)","background-image":"","background-repeat":"repeat","background-position":"center center","background-size":"auto","background-attachment":"scroll","background-type":"","background-media":"","overlay-type":"","overlay-color":"","overlay-gradient":""},"mobile":{"background-color":"var(--ast-global-color-5)","background-image":"","background-repeat":"repeat","background-position":"center center","background-size":"auto","background-attachment":"scroll","background-type":"","background-media":"","overlay-type":"","overlay-color":"","overlay-gradient":""}}},"product_brand":[],"product_cat":[479],"product_tag":[478,477],"giftcard-category":[],"class_list":{"0":"post-8205","1":"product","2":"type-product","3":"status-publish","4":"has-post-thumbnail","6":"product_cat-abo","7":"product_tag-subscription","8":"product_tag-abo","9":"desktop-align-left","10":"tablet-align-left","11":"mobile-align-left","13":"first","14":"instock","15":"virtual","16":"sold-individually","17":"taxable","18":"purchasable","19":"product-type-subscription"},"yoast_head":"<!-- This site is optimized with the Yoast SEO plugin v26.0 - https:\/\/yoast.com\/wordpress\/plugins\/seo\/ -->\n<title>Heuwinkl-Abo (min. 3 Monate) - Dogsport-Online.com<\/title>\n<meta name=\"description\" content=\"Zugriff auf alle Heuwinkl Training-Videos von F\u00e4hrte, Unterordnung und Schutzdienst und die perfekte Erg\u00e4nzung zu den beiden B\u00fcchern &quot;Gemeinsam Erfolgreich&quot;\" \/>\n<meta name=\"robots\" content=\"index, follow, max-snippet:-1, max-image-preview:large, max-video-preview:-1\" \/>\n<link rel=\"canonical\" href=\"https:\/\/dogsport-online.com\/en\/product\/heuwinkl-abo-3-monate\/\" \/>\n<meta property=\"og:locale\" content=\"en_US\" \/>\n<meta property=\"og:type\" content=\"article\" \/>\n<meta property=\"og:title\" content=\"Heuwinkl-Abo (min. 3 Monate) - Dogsport-Online.com\" \/>\n<meta property=\"og:description\" content=\"Zugriff auf alle Heuwinkl Training-Videos von F\u00e4hrte, Unterordnung und Schutzdienst und die perfekte Erg\u00e4nzung zu den beiden B\u00fcchern &quot;Gemeinsam Erfolgreich&quot;\" \/>\n<meta property=\"og:url\" content=\"https:\/\/dogsport-online.com\/en\/product\/heuwinkl-abo-3-monate\/\" \/>\n<meta property=\"og:site_name\" content=\"Dogsport-Online.com\" \/>\n<meta property=\"article:modified_time\" content=\"2025-12-18T14:09:36+00:00\" \/>\n<meta property=\"og:image\" content=\"https:\/\/dogsport-online.com\/wp-content\/uploads\/2024\/11\/Abo-Modell-kl.jpg\" \/>\n\t<meta property=\"og:image:width\" content=\"500\" \/>\n\t<meta property=\"og:image:height\" content=\"281\" \/>\n\t<meta property=\"og:image:type\" content=\"image\/jpeg\" \/>\n<meta name=\"twitter:card\" content=\"summary_large_image\" \/>\n<meta name=\"twitter:label1\" content=\"Est. reading time\" \/>\n\t<meta name=\"twitter:data1\" content=\"1 minute\" \/>\n<script type=\"application\/ld+json\" class=\"yoast-schema-graph\">{\"@context\":\"https:\/\/schema.org\",\"@graph\":[{\"@type\":\"WebPage\",\"@id\":\"https:\/\/dogsport-online.com\/produkt\/heuwinkl-abo-3-monate\/\",\"url\":\"https:\/\/dogsport-online.com\/produkt\/heuwinkl-abo-3-monate\/\",\"name\":\"Heuwinkl-Abo (min. 3 Monate) - Dogsport-Online.com\",\"isPartOf\":{\"@id\":\"https:\/\/dogsport-online.com\/#website\"},\"primaryImageOfPage\":{\"@id\":\"https:\/\/dogsport-online.com\/produkt\/heuwinkl-abo-3-monate\/#primaryimage\"},\"image\":{\"@id\":\"https:\/\/dogsport-online.com\/produkt\/heuwinkl-abo-3-monate\/#primaryimage\"},\"thumbnailUrl\":\"https:\/\/dogsport-online.com\/wp-content\/uploads\/2024\/11\/Abo-Modell-kl.jpg\",\"datePublished\":\"2024-11-30T09:39:51+00:00\",\"dateModified\":\"2025-12-18T14:09:36+00:00\",\"description\":\"Zugriff auf alle Heuwinkl Training-Videos von F\u00e4hrte, Unterordnung und Schutzdienst und die perfekte Erg\u00e4nzung zu den beiden B\u00fcchern \\\"Gemeinsam Erfolgreich\\\"\",\"breadcrumb\":{\"@id\":\"https:\/\/dogsport-online.com\/produkt\/heuwinkl-abo-3-monate\/#breadcrumb\"},\"inLanguage\":\"en-US\",\"potentialAction\":[{\"@type\":\"ReadAction\",\"target\":[\"https:\/\/dogsport-online.com\/produkt\/heuwinkl-abo-3-monate\/\"]}]},{\"@type\":\"ImageObject\",\"inLanguage\":\"en-US\",\"@id\":\"https:\/\/dogsport-online.com\/produkt\/heuwinkl-abo-3-monate\/#primaryimage\",\"url\":\"https:\/\/dogsport-online.com\/wp-content\/uploads\/2024\/11\/Abo-Modell-kl.jpg\",\"contentUrl\":\"https:\/\/dogsport-online.com\/wp-content\/uploads\/2024\/11\/Abo-Modell-kl.jpg\",\"width\":500,\"height\":281,\"caption\":\"IGP Online Abo Modell\"},{\"@type\":\"BreadcrumbList\",\"@id\":\"https:\/\/dogsport-online.com\/produkt\/heuwinkl-abo-3-monate\/#breadcrumb\",\"itemListElement\":[{\"@type\":\"ListItem\",\"position\":1,\"name\":\"Startseite\",\"item\":\"https:\/\/dogsport-online.com\/\"},{\"@type\":\"ListItem\",\"position\":2,\"name\":\"Produkte\",\"item\":\"https:\/\/dogsport-online.com\/shop\/\"},{\"@type\":\"ListItem\",\"position\":3,\"name\":\"Heuwinkl-Abo (min. 3 Monate)\"}]},{\"@type\":\"WebSite\",\"@id\":\"https:\/\/dogsport-online.com\/#website\",\"url\":\"https:\/\/dogsport-online.com\/\",\"name\":\"Dogsport-Online.com\",\"description\":\"Training Videos and much more\",\"publisher\":{\"@id\":\"https:\/\/dogsport-online.com\/#organization\"},\"potentialAction\":[{\"@type\":\"SearchAction\",\"target\":{\"@type\":\"EntryPoint\",\"urlTemplate\":\"https:\/\/dogsport-online.com\/?s={search_term_string}\"},\"query-input\":{\"@type\":\"PropertyValueSpecification\",\"valueRequired\":true,\"valueName\":\"search_term_string\"}}],\"inLanguage\":\"en-US\"},{\"@type\":\"Organization\",\"@id\":\"https:\/\/dogsport-online.com\/#organization\",\"name\":\"Dogsport-Online.com\",\"url\":\"https:\/\/dogsport-online.com\/\",\"logo\":{\"@type\":\"ImageObject\",\"inLanguage\":\"en-US\",\"@id\":\"https:\/\/dogsport-online.com\/#\/schema\/logo\/image\/\",\"url\":\"https:\/\/dogsport-online.com\/wp-content\/uploads\/2021\/08\/Logo-DS-facebook-1.png\",\"contentUrl\":\"https:\/\/dogsport-online.com\/wp-content\/uploads\/2021\/08\/Logo-DS-facebook-1.png\",\"width\":1200,\"height\":630,\"caption\":\"Dogsport-Online.com\"},\"image\":{\"@id\":\"https:\/\/dogsport-online.com\/#\/schema\/logo\/image\/\"}}]}<\/script>\n<!-- \/ Yoast SEO plugin. -->","yoast_head_json":{"title":"Heuwinkl-Abo (min. 3 Monate) - Dogsport-Online.com","description":"Zugriff auf alle Heuwinkl Training-Videos von F\u00e4hrte, Unterordnung und Schutzdienst und die perfekte Erg\u00e4nzung zu den beiden B\u00fcchern \"Gemeinsam Erfolgreich\"","robots":{"index":"index","follow":"follow","max-snippet":"max-snippet:-1","max-image-preview":"max-image-preview:large","max-video-preview":"max-video-preview:-1"},"canonical":"https:\/\/dogsport-online.com\/en\/product\/heuwinkl-abo-3-monate\/","og_locale":"en_US","og_type":"article","og_title":"Heuwinkl-Abo (min. 3 Monate) - Dogsport-Online.com","og_description":"Zugriff auf alle Heuwinkl Training-Videos von F\u00e4hrte, Unterordnung und Schutzdienst und die perfekte Erg\u00e4nzung zu den beiden B\u00fcchern \"Gemeinsam Erfolgreich\"","og_url":"https:\/\/dogsport-online.com\/en\/product\/heuwinkl-abo-3-monate\/","og_site_name":"Dogsport-Online.com","article_modified_time":"2025-12-18T14:09:36+00:00","og_image":[{"width":500,"height":281,"url":"https:\/\/dogsport-online.com\/wp-content\/uploads\/2024\/11\/Abo-Modell-kl.jpg","type":"image\/jpeg"}],"twitter_card":"summary_large_image","twitter_misc":{"Est. reading time":"1 minute"},"schema":{"@context":"https:\/\/schema.org","@graph":[{"@type":"WebPage","@id":"https:\/\/dogsport-online.com\/produkt\/heuwinkl-abo-3-monate\/","url":"https:\/\/dogsport-online.com\/produkt\/heuwinkl-abo-3-monate\/","name":"Heuwinkl-Abo (min. 3 Monate) - Dogsport-Online.com","isPartOf":{"@id":"https:\/\/dogsport-online.com\/#website"},"primaryImageOfPage":{"@id":"https:\/\/dogsport-online.com\/produkt\/heuwinkl-abo-3-monate\/#primaryimage"},"image":{"@id":"https:\/\/dogsport-online.com\/produkt\/heuwinkl-abo-3-monate\/#primaryimage"},"thumbnailUrl":"https:\/\/dogsport-online.com\/wp-content\/uploads\/2024\/11\/Abo-Modell-kl.jpg","datePublished":"2024-11-30T09:39:51+00:00","dateModified":"2025-12-18T14:09:36+00:00","description":"Zugriff auf alle Heuwinkl Training-Videos von F\u00e4hrte, Unterordnung und Schutzdienst und die perfekte Erg\u00e4nzung zu den beiden B\u00fcchern \"Gemeinsam Erfolgreich\"","breadcrumb":{"@id":"https:\/\/dogsport-online.com\/produkt\/heuwinkl-abo-3-monate\/#breadcrumb"},"inLanguage":"en-US","potentialAction":[{"@type":"ReadAction","target":["https:\/\/dogsport-online.com\/produkt\/heuwinkl-abo-3-monate\/"]}]},{"@type":"ImageObject","inLanguage":"en-US","@id":"https:\/\/dogsport-online.com\/produkt\/heuwinkl-abo-3-monate\/#primaryimage","url":"https:\/\/dogsport-online.com\/wp-content\/uploads\/2024\/11\/Abo-Modell-kl.jpg","contentUrl":"https:\/\/dogsport-online.com\/wp-content\/uploads\/2024\/11\/Abo-Modell-kl.jpg","width":500,"height":281,"caption":"IGP Online Abo Modell"},{"@type":"BreadcrumbList","@id":"https:\/\/dogsport-online.com\/produkt\/heuwinkl-abo-3-monate\/#breadcrumb","itemListElement":[{"@type":"ListItem","position":1,"name":"Startseite","item":"https:\/\/dogsport-online.com\/"},{"@type":"ListItem","position":2,"name":"Produkte","item":"https:\/\/dogsport-online.com\/shop\/"},{"@type":"ListItem","position":3,"name":"Heuwinkl-Abo (min. 3 Monate)"}]},{"@type":"WebSite","@id":"https:\/\/dogsport-online.com\/#website","url":"https:\/\/dogsport-online.com\/","name":"Dogsport-Online.com","description":"Training Videos and much more","publisher":{"@id":"https:\/\/dogsport-online.com\/#organization"},"potentialAction":[{"@type":"SearchAction","target":{"@type":"EntryPoint","urlTemplate":"https:\/\/dogsport-online.com\/?s={search_term_string}"},"query-input":{"@type":"PropertyValueSpecification","valueRequired":true,"valueName":"search_term_string"}}],"inLanguage":"en-US"},{"@type":"Organization","@id":"https:\/\/dogsport-online.com\/#organization","name":"Dogsport-Online.com","url":"https:\/\/dogsport-online.com\/","logo":{"@type":"ImageObject","inLanguage":"en-US","@id":"https:\/\/dogsport-online.com\/#\/schema\/logo\/image\/","url":"https:\/\/dogsport-online.com\/wp-content\/uploads\/2021\/08\/Logo-DS-facebook-1.png","contentUrl":"https:\/\/dogsport-online.com\/wp-content\/uploads\/2021\/08\/Logo-DS-facebook-1.png","width":1200,"height":630,"caption":"Dogsport-Online.com"},"image":{"@id":"https:\/\/dogsport-online.com\/#\/schema\/logo\/image\/"}}]}},"_links":{"self":[{"href":"https:\/\/dogsport-online.com\/en\/wp-json\/wp\/v2\/product\/8205","targetHints":{"allow":["GET"]}}],"collection":[{"href":"https:\/\/dogsport-online.com\/en\/wp-json\/wp\/v2\/product"}],"about":[{"href":"https:\/\/dogsport-online.com\/en\/wp-json\/wp\/v2\/types\/product"}],"replies":[{"embeddable":true,"href":"https:\/\/dogsport-online.com\/en\/wp-json\/wp\/v2\/comments?post=8205"}],"version-history":[{"count":15,"href":"https:\/\/dogsport-online.com\/en\/wp-json\/wp\/v2\/product\/8205\/revisions"}],"predecessor-version":[{"id":8233,"href":"https:\/\/dogsport-online.com\/en\/wp-json\/wp\/v2\/product\/8205\/revisions\/8233"}],"wp:featuredmedia":[{"embeddable":true,"href":"https:\/\/dogsport-online.com\/en\/wp-json\/wp\/v2\/media\/11400"}],"wp:attachment":[{"href":"https:\/\/dogsport-online.com\/en\/wp-json\/wp\/v2\/media?parent=8205"}],"wp:term":[{"taxonomy":"product_brand","embeddable":true,"href":"https:\/\/dogsport-online.com\/en\/wp-json\/wp\/v2\/product_brand?post=8205"},{"taxonomy":"product_cat","embeddable":true,"href":"https:\/\/dogsport-online.com\/en\/wp-json\/wp\/v2\/product_cat?post=8205"},{"taxonomy":"product_tag","embeddable":true,"href":"https:\/\/dogsport-online.com\/en\/wp-json\/wp\/v2\/product_tag?post=8205"},{"taxonomy":"giftcard-category","embeddable":true,"href":"https:\/\/dogsport-online.com\/en\/wp-json\/wp\/v2\/giftcard-category?post=8205"}],"curies":[{"name":"wp","href":"https:\/\/api.w.org\/{rel}","templated":true}]}}