{"id":7967,"date":"2023-08-07T10:40:03","date_gmt":"2023-08-07T08:40:03","guid":{"rendered":"https:\/\/dogsport-online.com\/?post_type=product&#038;p=7967"},"modified":"2025-07-22T18:31:44","modified_gmt":"2025-07-22T16:31:44","slug":"faehrte-teil2-futterabbau-winkelarbeit","status":"publish","type":"product","link":"https:\/\/dogsport-online.com\/en\/product\/faehrte-teil2-futterabbau-winkelarbeit\/","title":{"rendered":"Tracking part 2 - reduction from the food and corner work"},"content":{"rendered":"<p><strong>Video details:<\/strong><\/p>\n<ul>\n<li>Breaking down food without losing motivation<\/li>\n<li>We explain the idea of intermittent confirming<\/li>\n<li>Learning the highly motivated corner work<\/li>\n<li>Tempo control through the idea of tracking squares with backward search<\/li>\n<li>The idea of the Y-track<\/li>\n<li>The transition to a natural gait when laying the track<\/li>\n<li>Correct laying and working out of a corner<\/li>\n<li>Video examples and explanations to the individual points alternating<\/li>\n<li>Duration 13:07 minutes<\/li>\n<li>Language: German, Subtitle: English<\/li>\n<\/ul>\n<p><strong>Preparatory videos: \u00a0\u00a0\u00a0\u00a0<\/strong><\/p>\n<ul>\n<li><a href=\"https:\/\/dogsport-online.com\/en\/product\/faehrte-der-anfang\/\">Tracking, the beginning<\/a><\/li>\n<\/ul>\n<p><strong>Link zum Video (Freischaltung nach Kauf):<\/strong><\/p>\n<ul>\n<li><a href=\"https:\/\/dogsport-online.com\/en\/courses\/faehrte-teil-2-futterabbau-und-winkelarbeit\/\">Tracking part 2 - reduction from the food and corner work<\/a><\/li>\n<\/ul>","protected":false},"excerpt":{"rendered":"<p>This video is about cornerwork and a plan how we reduce the food on the track.  It also describes the idea of how we teach the dog to deal with an overrun corner in order to find the track again purposefully and reliably.<br \/>\n<strong>Note: After payment, the <span style=\"color: #2e8b57;\">video is unlocked for 30 days<\/span>.<br \/>\nLink to video: <span style=\"color: #2e8b57;\"><a style=\"color: #2e8b57;\" href=\"https:\/\/dogsport-online.com\/en\/courses\/faehrte-teil-2-futterabbau-und-winkelarbeit\/\">Tracking part 2 - reduction from the food and corner work<\/a><\/span><\/strong> (unlock after payment)<\/p>","protected":false},"featured_media":7964,"comment_status":"open","ping_status":"closed","template":"","meta":{"site-sidebar-layout":"default","site-content-layout":"default","ast-site-content-layout":"default","site-content-style":"default","site-sidebar-style":"default","ast-global-header-display":"","ast-banner-title-visibility":"","ast-main-header-display":"","ast-hfb-above-header-display":"","ast-hfb-below-header-display":"","ast-hfb-mobile-header-display":"","site-post-title":"","ast-breadcrumbs-content":"","ast-featured-img":"","footer-sml-layout":"","theme-transparent-header-meta":"default","adv-header-id-meta":"","stick-header-meta":"","header-above-stick-meta":"","header-main-stick-meta":"","header-below-stick-meta":"","astra-migrate-meta-layouts":"set","ast-page-background-enabled":"default","ast-page-background-meta":{"desktop":{"background-color":"","background-image":"","background-repeat":"repeat","background-position":"center center","background-size":"auto","background-attachment":"scroll","background-type":"","background-media":"","overlay-type":"","overlay-color":"","overlay-gradient":""},"tablet":{"background-color":"","background-image":"","background-repeat":"repeat","background-position":"center center","background-size":"auto","background-attachment":"scroll","background-type":"","background-media":"","overlay-type":"","overlay-color":"","overlay-gradient":""},"mobile":{"background-color":"","background-image":"","background-repeat":"repeat","background-position":"center center","background-size":"auto","background-attachment":"scroll","background-type":"","background-media":"","overlay-type":"","overlay-color":"","overlay-gradient":""}},"ast-content-background-meta":{"desktop":{"background-color":"var(--ast-global-color-5)","background-image":"","background-repeat":"repeat","background-position":"center center","background-size":"auto","background-attachment":"scroll","background-type":"","background-media":"","overlay-type":"","overlay-color":"","overlay-gradient":""},"tablet":{"background-color":"var(--ast-global-color-5)","background-image":"","background-repeat":"repeat","background-position":"center center","background-size":"auto","background-attachment":"scroll","background-type":"","background-media":"","overlay-type":"","overlay-color":"","overlay-gradient":""},"mobile":{"background-color":"var(--ast-global-color-5)","background-image":"","background-repeat":"repeat","background-position":"center center","background-size":"auto","background-attachment":"scroll","background-type":"","background-media":"","overlay-type":"","overlay-color":"","overlay-gradient":""}}},"product_brand":[],"product_cat":[368],"product_tag":[370,441,442,443,444,109,445,122,124,301,369],"giftcard-category":[],"class_list":{"0":"post-7967","1":"product","2":"type-product","3":"status-publish","4":"has-post-thumbnail","6":"product_cat-faehrte","7":"product_tag-faehrte","8":"product_tag-young-dog-training","9":"product_tag-corners","10":"product_tag-winkelarbeit","11":"product_tag-futterabbau","12":"product_tag-heuwinkl","13":"product_tag-food-on-track","14":"product_tag-junghundtraining","15":"product_tag-puppy-training","16":"product_tag-hundesport","17":"product_tag-tracking","18":"desktop-align-left","19":"tablet-align-left","20":"mobile-align-left","22":"first","23":"instock","24":"virtual","25":"sold-individually","26":"taxable","27":"purchasable","28":"product-type-simple"},"yoast_head":"<!-- This site is optimized with the Yoast SEO plugin v26.0 - https:\/\/yoast.com\/wordpress\/plugins\/seo\/ -->\n<title>F\u00e4hrte Teil 2 - Futterabbau und Winkelarbeit - Dogsport-Online.com<\/title>\n<meta name=\"description\" content=\"In diesem Trainingsvideo erkl\u00e4ren wir, wie Schritt f\u00fcr Schritt das Futter abbauen und dem Hund eine gute Winkelarbeit lernen.\" \/>\n<meta name=\"robots\" content=\"index, follow, max-snippet:-1, max-image-preview:large, max-video-preview:-1\" \/>\n<link rel=\"canonical\" href=\"https:\/\/dogsport-online.com\/en\/product\/faehrte-teil2-futterabbau-winkelarbeit\/\" \/>\n<meta property=\"og:locale\" content=\"en_US\" \/>\n<meta property=\"og:type\" content=\"article\" \/>\n<meta property=\"og:title\" content=\"F\u00e4hrte Teil 2 - Futterabbau und Winkelarbeit - Dogsport-Online.com\" \/>\n<meta property=\"og:description\" content=\"In diesem Trainingsvideo erkl\u00e4ren wir, wie Schritt f\u00fcr Schritt das Futter abbauen und dem Hund eine gute Winkelarbeit lernen.\" \/>\n<meta property=\"og:url\" content=\"https:\/\/dogsport-online.com\/en\/product\/faehrte-teil2-futterabbau-winkelarbeit\/\" \/>\n<meta property=\"og:site_name\" content=\"Dogsport-Online.com\" \/>\n<meta property=\"article:modified_time\" content=\"2025-07-22T16:31:44+00:00\" \/>\n<meta property=\"og:image\" content=\"https:\/\/dogsport-online.com\/wp-content\/uploads\/2023\/08\/41-Faehrte-Teil2.jpg\" \/>\n\t<meta property=\"og:image:width\" content=\"500\" \/>\n\t<meta property=\"og:image:height\" content=\"281\" \/>\n\t<meta property=\"og:image:type\" content=\"image\/jpeg\" \/>\n<meta name=\"twitter:card\" content=\"summary_large_image\" \/>\n<meta name=\"twitter:label1\" content=\"Est. reading time\" \/>\n\t<meta name=\"twitter:data1\" content=\"1 minute\" \/>\n<script type=\"application\/ld+json\" class=\"yoast-schema-graph\">{\"@context\":\"https:\/\/schema.org\",\"@graph\":[{\"@type\":\"WebPage\",\"@id\":\"https:\/\/dogsport-online.com\/produkt\/faehrte-teil2-futterabbau-winkelarbeit\/\",\"url\":\"https:\/\/dogsport-online.com\/produkt\/faehrte-teil2-futterabbau-winkelarbeit\/\",\"name\":\"F\u00e4hrte Teil 2 - Futterabbau und Winkelarbeit - Dogsport-Online.com\",\"isPartOf\":{\"@id\":\"https:\/\/dogsport-online.com\/#website\"},\"primaryImageOfPage\":{\"@id\":\"https:\/\/dogsport-online.com\/produkt\/faehrte-teil2-futterabbau-winkelarbeit\/#primaryimage\"},\"image\":{\"@id\":\"https:\/\/dogsport-online.com\/produkt\/faehrte-teil2-futterabbau-winkelarbeit\/#primaryimage\"},\"thumbnailUrl\":\"https:\/\/dogsport-online.com\/wp-content\/uploads\/2023\/08\/41-Faehrte-Teil2.jpg\",\"datePublished\":\"2023-08-07T08:40:03+00:00\",\"dateModified\":\"2025-07-22T16:31:44+00:00\",\"description\":\"In diesem Trainingsvideo erkl\u00e4ren wir, wie Schritt f\u00fcr Schritt das Futter abbauen und dem Hund eine gute Winkelarbeit lernen.\",\"breadcrumb\":{\"@id\":\"https:\/\/dogsport-online.com\/produkt\/faehrte-teil2-futterabbau-winkelarbeit\/#breadcrumb\"},\"inLanguage\":\"en-US\",\"potentialAction\":[{\"@type\":\"ReadAction\",\"target\":[\"https:\/\/dogsport-online.com\/produkt\/faehrte-teil2-futterabbau-winkelarbeit\/\"]}]},{\"@type\":\"ImageObject\",\"inLanguage\":\"en-US\",\"@id\":\"https:\/\/dogsport-online.com\/produkt\/faehrte-teil2-futterabbau-winkelarbeit\/#primaryimage\",\"url\":\"https:\/\/dogsport-online.com\/wp-content\/uploads\/2023\/08\/41-Faehrte-Teil2.jpg\",\"contentUrl\":\"https:\/\/dogsport-online.com\/wp-content\/uploads\/2023\/08\/41-Faehrte-Teil2.jpg\",\"width\":500,\"height\":281,\"caption\":\"F\u00e4hrte Teil 2 - Futterabbau und Winkelarbeit\"},{\"@type\":\"BreadcrumbList\",\"@id\":\"https:\/\/dogsport-online.com\/produkt\/faehrte-teil2-futterabbau-winkelarbeit\/#breadcrumb\",\"itemListElement\":[{\"@type\":\"ListItem\",\"position\":1,\"name\":\"Startseite\",\"item\":\"https:\/\/dogsport-online.com\/\"},{\"@type\":\"ListItem\",\"position\":2,\"name\":\"Produkte\",\"item\":\"https:\/\/dogsport-online.com\/shop\/\"},{\"@type\":\"ListItem\",\"position\":3,\"name\":\"F\u00e4hrte Teil 2 &#8211; Futterabbau und Winkelarbeit\"}]},{\"@type\":\"WebSite\",\"@id\":\"https:\/\/dogsport-online.com\/#website\",\"url\":\"https:\/\/dogsport-online.com\/\",\"name\":\"Dogsport-Online.com\",\"description\":\"Training Videos and much more\",\"publisher\":{\"@id\":\"https:\/\/dogsport-online.com\/#organization\"},\"potentialAction\":[{\"@type\":\"SearchAction\",\"target\":{\"@type\":\"EntryPoint\",\"urlTemplate\":\"https:\/\/dogsport-online.com\/?s={search_term_string}\"},\"query-input\":{\"@type\":\"PropertyValueSpecification\",\"valueRequired\":true,\"valueName\":\"search_term_string\"}}],\"inLanguage\":\"en-US\"},{\"@type\":\"Organization\",\"@id\":\"https:\/\/dogsport-online.com\/#organization\",\"name\":\"Dogsport-Online.com\",\"url\":\"https:\/\/dogsport-online.com\/\",\"logo\":{\"@type\":\"ImageObject\",\"inLanguage\":\"en-US\",\"@id\":\"https:\/\/dogsport-online.com\/#\/schema\/logo\/image\/\",\"url\":\"https:\/\/dogsport-online.com\/wp-content\/uploads\/2021\/08\/Logo-DS-facebook-1.png\",\"contentUrl\":\"https:\/\/dogsport-online.com\/wp-content\/uploads\/2021\/08\/Logo-DS-facebook-1.png\",\"width\":1200,\"height\":630,\"caption\":\"Dogsport-Online.com\"},\"image\":{\"@id\":\"https:\/\/dogsport-online.com\/#\/schema\/logo\/image\/\"}}]}<\/script>\n<!-- \/ Yoast SEO plugin. -->","yoast_head_json":{"title":"F\u00e4hrte Teil 2 - Futterabbau und Winkelarbeit - Dogsport-Online.com","description":"In diesem Trainingsvideo erkl\u00e4ren wir, wie Schritt f\u00fcr Schritt das Futter abbauen und dem Hund eine gute Winkelarbeit lernen.","robots":{"index":"index","follow":"follow","max-snippet":"max-snippet:-1","max-image-preview":"max-image-preview:large","max-video-preview":"max-video-preview:-1"},"canonical":"https:\/\/dogsport-online.com\/en\/product\/faehrte-teil2-futterabbau-winkelarbeit\/","og_locale":"en_US","og_type":"article","og_title":"F\u00e4hrte Teil 2 - Futterabbau und Winkelarbeit - Dogsport-Online.com","og_description":"In diesem Trainingsvideo erkl\u00e4ren wir, wie Schritt f\u00fcr Schritt das Futter abbauen und dem Hund eine gute Winkelarbeit lernen.","og_url":"https:\/\/dogsport-online.com\/en\/product\/faehrte-teil2-futterabbau-winkelarbeit\/","og_site_name":"Dogsport-Online.com","article_modified_time":"2025-07-22T16:31:44+00:00","og_image":[{"width":500,"height":281,"url":"https:\/\/dogsport-online.com\/wp-content\/uploads\/2023\/08\/41-Faehrte-Teil2.jpg","type":"image\/jpeg"}],"twitter_card":"summary_large_image","twitter_misc":{"Est. reading time":"1 minute"},"schema":{"@context":"https:\/\/schema.org","@graph":[{"@type":"WebPage","@id":"https:\/\/dogsport-online.com\/produkt\/faehrte-teil2-futterabbau-winkelarbeit\/","url":"https:\/\/dogsport-online.com\/produkt\/faehrte-teil2-futterabbau-winkelarbeit\/","name":"F\u00e4hrte Teil 2 - Futterabbau und Winkelarbeit - Dogsport-Online.com","isPartOf":{"@id":"https:\/\/dogsport-online.com\/#website"},"primaryImageOfPage":{"@id":"https:\/\/dogsport-online.com\/produkt\/faehrte-teil2-futterabbau-winkelarbeit\/#primaryimage"},"image":{"@id":"https:\/\/dogsport-online.com\/produkt\/faehrte-teil2-futterabbau-winkelarbeit\/#primaryimage"},"thumbnailUrl":"https:\/\/dogsport-online.com\/wp-content\/uploads\/2023\/08\/41-Faehrte-Teil2.jpg","datePublished":"2023-08-07T08:40:03+00:00","dateModified":"2025-07-22T16:31:44+00:00","description":"In diesem Trainingsvideo erkl\u00e4ren wir, wie Schritt f\u00fcr Schritt das Futter abbauen und dem Hund eine gute Winkelarbeit lernen.","breadcrumb":{"@id":"https:\/\/dogsport-online.com\/produkt\/faehrte-teil2-futterabbau-winkelarbeit\/#breadcrumb"},"inLanguage":"en-US","potentialAction":[{"@type":"ReadAction","target":["https:\/\/dogsport-online.com\/produkt\/faehrte-teil2-futterabbau-winkelarbeit\/"]}]},{"@type":"ImageObject","inLanguage":"en-US","@id":"https:\/\/dogsport-online.com\/produkt\/faehrte-teil2-futterabbau-winkelarbeit\/#primaryimage","url":"https:\/\/dogsport-online.com\/wp-content\/uploads\/2023\/08\/41-Faehrte-Teil2.jpg","contentUrl":"https:\/\/dogsport-online.com\/wp-content\/uploads\/2023\/08\/41-Faehrte-Teil2.jpg","width":500,"height":281,"caption":"F\u00e4hrte Teil 2 - Futterabbau und Winkelarbeit"},{"@type":"BreadcrumbList","@id":"https:\/\/dogsport-online.com\/produkt\/faehrte-teil2-futterabbau-winkelarbeit\/#breadcrumb","itemListElement":[{"@type":"ListItem","position":1,"name":"Startseite","item":"https:\/\/dogsport-online.com\/"},{"@type":"ListItem","position":2,"name":"Produkte","item":"https:\/\/dogsport-online.com\/shop\/"},{"@type":"ListItem","position":3,"name":"F\u00e4hrte Teil 2 &#8211; Futterabbau und Winkelarbeit"}]},{"@type":"WebSite","@id":"https:\/\/dogsport-online.com\/#website","url":"https:\/\/dogsport-online.com\/","name":"Dogsport-Online.com","description":"Training Videos and much more","publisher":{"@id":"https:\/\/dogsport-online.com\/#organization"},"potentialAction":[{"@type":"SearchAction","target":{"@type":"EntryPoint","urlTemplate":"https:\/\/dogsport-online.com\/?s={search_term_string}"},"query-input":{"@type":"PropertyValueSpecification","valueRequired":true,"valueName":"search_term_string"}}],"inLanguage":"en-US"},{"@type":"Organization","@id":"https:\/\/dogsport-online.com\/#organization","name":"Dogsport-Online.com","url":"https:\/\/dogsport-online.com\/","logo":{"@type":"ImageObject","inLanguage":"en-US","@id":"https:\/\/dogsport-online.com\/#\/schema\/logo\/image\/","url":"https:\/\/dogsport-online.com\/wp-content\/uploads\/2021\/08\/Logo-DS-facebook-1.png","contentUrl":"https:\/\/dogsport-online.com\/wp-content\/uploads\/2021\/08\/Logo-DS-facebook-1.png","width":1200,"height":630,"caption":"Dogsport-Online.com"},"image":{"@id":"https:\/\/dogsport-online.com\/#\/schema\/logo\/image\/"}}]}},"_links":{"self":[{"href":"https:\/\/dogsport-online.com\/en\/wp-json\/wp\/v2\/product\/7967","targetHints":{"allow":["GET"]}}],"collection":[{"href":"https:\/\/dogsport-online.com\/en\/wp-json\/wp\/v2\/product"}],"about":[{"href":"https:\/\/dogsport-online.com\/en\/wp-json\/wp\/v2\/types\/product"}],"replies":[{"embeddable":true,"href":"https:\/\/dogsport-online.com\/en\/wp-json\/wp\/v2\/comments?post=7967"}],"version-history":[{"count":1,"href":"https:\/\/dogsport-online.com\/en\/wp-json\/wp\/v2\/product\/7967\/revisions"}],"predecessor-version":[{"id":7968,"href":"https:\/\/dogsport-online.com\/en\/wp-json\/wp\/v2\/product\/7967\/revisions\/7968"}],"wp:featuredmedia":[{"embeddable":true,"href":"https:\/\/dogsport-online.com\/en\/wp-json\/wp\/v2\/media\/7964"}],"wp:attachment":[{"href":"https:\/\/dogsport-online.com\/en\/wp-json\/wp\/v2\/media?parent=7967"}],"wp:term":[{"taxonomy":"product_brand","embeddable":true,"href":"https:\/\/dogsport-online.com\/en\/wp-json\/wp\/v2\/product_brand?post=7967"},{"taxonomy":"product_cat","embeddable":true,"href":"https:\/\/dogsport-online.com\/en\/wp-json\/wp\/v2\/product_cat?post=7967"},{"taxonomy":"product_tag","embeddable":true,"href":"https:\/\/dogsport-online.com\/en\/wp-json\/wp\/v2\/product_tag?post=7967"},{"taxonomy":"giftcard-category","embeddable":true,"href":"https:\/\/dogsport-online.com\/en\/wp-json\/wp\/v2\/giftcard-category?post=7967"}],"curies":[{"name":"wp","href":"https:\/\/api.w.org\/{rel}","templated":true}]}}