{"id":7262,"date":"2023-04-13T22:39:55","date_gmt":"2023-04-13T20:39:55","guid":{"rendered":"https:\/\/dogsport-online.com\/?post_type=product&#038;p=7262"},"modified":"2025-09-17T16:27:37","modified_gmt":"2025-09-17T14:27:37","slug":"frustrationstoleranz-impulskontrolle","status":"publish","type":"product","link":"https:\/\/dogsport-online.com\/en\/product\/frustrationstoleranz-impulskontrolle\/","title":{"rendered":"Frustrationstoleranz und Impulskontrolle"},"content":{"rendered":"<p><strong>Online-Trainer:<\/strong><\/p>\n<ul>\n<li>Rico Hafner<\/li>\n<\/ul>\n<p><strong>Video details:<\/strong><\/p>\n<ul>\n<li>In diesem Video erkl\u00e4rt Euch Rico Hafner, wie er die Frustrationstoleranz und Impulskontrolle bei unseren Hunden aufbaut<\/li>\n<li>Wie kann Euer Hund lernen, im Hundesport in den Pausen, am Rand wenn er nicht dran ist, oder auch im Auto oder H\u00e4nger entspannt zu sein, statt dort dauerhaft durchzudrehen und sein ganzes Pulver dort zu verschie\u00dfen?<\/li>\n<li>Wie sch\u00f6n w\u00e4re es, wenn Euer Hund seine Energie und Konzentration ausschlie\u00dflich f\u00fcrs Arbeiten \u00fcbrigh\u00e4tte?<span class=\"Apple-converted-space\">\u00a0<\/span><\/li>\n<li>Hier k\u00f6nnt ihr sehen, wie Rico das von Anfang an macht. Egal ob in der Unterordnung, dem Agility, dem Schutzdienst oder auch anderen Sportarten.<\/li>\n<li>Dauer: 16:00 Minuten<\/li>\n<li>Sprache: nur Deutsch<\/li>\n<\/ul>\n<p><strong>Preview:<\/strong><\/p>\n<p><iframe title=\"YouTube video player\" src=\"https:\/\/www.youtube.com\/embed\/Y67aJBNIg9k\" width=\"720\" height=\"540\" frameborder=\"0\" allowfullscreen=\"allowfullscreen\"><\/iframe><\/p>\n<p><strong>Preparatory videos: \u00a0\u00a0\u00a0\u00a0<\/strong><\/p>\n<ul>\n<li>None<\/li>\n<\/ul>\n<p><strong>Link zum Video (Freischaltung nach Kauf):<\/strong><\/p>\n<ul>\n<li><a href=\"https:\/\/dogsport-online.com\/en\/courses\/frustrationstoleranz-impulskontrolle\/\">Frustrationstoleranz und Impulskontrolle<\/a><\/li>\n<\/ul>","protected":false},"excerpt":{"rendered":"<p>Dieses Video zeigt, wie Rico Hafner das Thema Frustrationstoleranz und Impulskontrolle aufbaut.<br \/>\n<strong>Note: After payment, the <span style=\"color: #2e8b57;\">video is unlocked for 30 days<\/span>.<br \/>\nLink to video: <span style=\"color: #2e8b57;\"><a style=\"color: #2e8b57;\" href=\"https:\/\/dogsport-online.com\/en\/courses\/frustrationstoleranz-impulskontrolle\/\">Frustrationstoleranz und Impulskontrolle<\/a><\/span><\/strong> (unlock after payment)<\/p>","protected":false},"featured_media":7247,"comment_status":"open","ping_status":"closed","template":"","meta":{"site-sidebar-layout":"default","site-content-layout":"default","ast-site-content-layout":"default","site-content-style":"default","site-sidebar-style":"default","ast-global-header-display":"","ast-banner-title-visibility":"","ast-main-header-display":"","ast-hfb-above-header-display":"","ast-hfb-below-header-display":"","ast-hfb-mobile-header-display":"","site-post-title":"","ast-breadcrumbs-content":"","ast-featured-img":"","footer-sml-layout":"","theme-transparent-header-meta":"default","adv-header-id-meta":"","stick-header-meta":"","header-above-stick-meta":"","header-main-stick-meta":"","header-below-stick-meta":"","astra-migrate-meta-layouts":"set","ast-page-background-enabled":"default","ast-page-background-meta":{"desktop":{"background-color":"","background-image":"","background-repeat":"repeat","background-position":"center center","background-size":"auto","background-attachment":"scroll","background-type":"","background-media":"","overlay-type":"","overlay-color":"","overlay-gradient":""},"tablet":{"background-color":"","background-image":"","background-repeat":"repeat","background-position":"center center","background-size":"auto","background-attachment":"scroll","background-type":"","background-media":"","overlay-type":"","overlay-color":"","overlay-gradient":""},"mobile":{"background-color":"","background-image":"","background-repeat":"repeat","background-position":"center center","background-size":"auto","background-attachment":"scroll","background-type":"","background-media":"","overlay-type":"","overlay-color":"","overlay-gradient":""}},"ast-content-background-meta":{"desktop":{"background-color":"var(--ast-global-color-5)","background-image":"","background-repeat":"repeat","background-position":"center center","background-size":"auto","background-attachment":"scroll","background-type":"","background-media":"","overlay-type":"","overlay-color":"","overlay-gradient":""},"tablet":{"background-color":"var(--ast-global-color-5)","background-image":"","background-repeat":"repeat","background-position":"center center","background-size":"auto","background-attachment":"scroll","background-type":"","background-media":"","overlay-type":"","overlay-color":"","overlay-gradient":""},"mobile":{"background-color":"var(--ast-global-color-5)","background-image":"","background-repeat":"repeat","background-position":"center center","background-size":"auto","background-attachment":"scroll","background-type":"","background-media":"","overlay-type":"","overlay-color":"","overlay-gradient":""}}},"product_brand":[],"product_cat":[426],"product_tag":[427,428,429,430,431,520,32,41,301,325],"giftcard-category":[],"class_list":{"0":"post-7262","1":"product","2":"type-product","3":"status-publish","4":"has-post-thumbnail","6":"product_cat-verhaltenstraining","7":"product_tag-frustrationstoleranz","8":"product_tag-impulskontrolle","9":"product_tag-gelassenheit","10":"product_tag-welpentraining","11":"product_tag-junghundetraining","12":"product_tag-notinabo","13":"product_tag-unterordnung","14":"product_tag-igp","15":"product_tag-hundesport","16":"product_tag-agility","17":"desktop-align-left","18":"tablet-align-left","19":"mobile-align-left","21":"first","22":"instock","23":"virtual","24":"sold-individually","25":"taxable","26":"purchasable","27":"product-type-simple"},"yoast_head":"<!-- This site is optimized with the Yoast SEO plugin v26.0 - https:\/\/yoast.com\/wordpress\/plugins\/seo\/ -->\n<title>Frustrationstoleranz und Impulskontrolle - Dogsport-Online.com<\/title>\n<meta name=\"description\" content=\"In diesem Video erkl\u00e4rt Euch Rico Hafner, wie er die Frustrationstoleranz und Impulskontrolle bei unseren Hunden aufbaut.\" \/>\n<meta name=\"robots\" content=\"index, follow, max-snippet:-1, max-image-preview:large, max-video-preview:-1\" \/>\n<link rel=\"canonical\" href=\"https:\/\/dogsport-online.com\/en\/product\/frustrationstoleranz-impulskontrolle\/\" \/>\n<meta property=\"og:locale\" content=\"en_US\" \/>\n<meta property=\"og:type\" content=\"article\" \/>\n<meta property=\"og:title\" content=\"Frustrationstoleranz und Impulskontrolle - Dogsport-Online.com\" \/>\n<meta property=\"og:description\" content=\"In diesem Video erkl\u00e4rt Euch Rico Hafner, wie er die Frustrationstoleranz und Impulskontrolle bei unseren Hunden aufbaut.\" \/>\n<meta property=\"og:url\" content=\"https:\/\/dogsport-online.com\/en\/product\/frustrationstoleranz-impulskontrolle\/\" \/>\n<meta property=\"og:site_name\" content=\"Dogsport-Online.com\" \/>\n<meta property=\"article:modified_time\" content=\"2025-09-17T14:27:37+00:00\" \/>\n<meta property=\"og:image\" content=\"https:\/\/dogsport-online.com\/wp-content\/uploads\/2023\/04\/DSO-Frustrationstoleranz-Impulskontrolle-kl.jpg\" \/>\n\t<meta property=\"og:image:width\" content=\"500\" \/>\n\t<meta property=\"og:image:height\" content=\"281\" \/>\n\t<meta property=\"og:image:type\" content=\"image\/jpeg\" \/>\n<meta name=\"twitter:card\" content=\"summary_large_image\" \/>\n<meta name=\"twitter:label1\" content=\"Est. reading time\" \/>\n\t<meta name=\"twitter:data1\" content=\"1 minute\" \/>\n<script type=\"application\/ld+json\" class=\"yoast-schema-graph\">{\"@context\":\"https:\/\/schema.org\",\"@graph\":[{\"@type\":\"WebPage\",\"@id\":\"https:\/\/dogsport-online.com\/produkt\/frustrationstoleranz-impulskontrolle\/\",\"url\":\"https:\/\/dogsport-online.com\/produkt\/frustrationstoleranz-impulskontrolle\/\",\"name\":\"Frustrationstoleranz und Impulskontrolle - Dogsport-Online.com\",\"isPartOf\":{\"@id\":\"https:\/\/dogsport-online.com\/#website\"},\"primaryImageOfPage\":{\"@id\":\"https:\/\/dogsport-online.com\/produkt\/frustrationstoleranz-impulskontrolle\/#primaryimage\"},\"image\":{\"@id\":\"https:\/\/dogsport-online.com\/produkt\/frustrationstoleranz-impulskontrolle\/#primaryimage\"},\"thumbnailUrl\":\"https:\/\/dogsport-online.com\/wp-content\/uploads\/2023\/04\/DSO-Frustrationstoleranz-Impulskontrolle-kl.jpg\",\"datePublished\":\"2023-04-13T20:39:55+00:00\",\"dateModified\":\"2025-09-17T14:27:37+00:00\",\"description\":\"In diesem Video erkl\u00e4rt Euch Rico Hafner, wie er die Frustrationstoleranz und Impulskontrolle bei unseren Hunden aufbaut.\",\"breadcrumb\":{\"@id\":\"https:\/\/dogsport-online.com\/produkt\/frustrationstoleranz-impulskontrolle\/#breadcrumb\"},\"inLanguage\":\"en-US\",\"potentialAction\":[{\"@type\":\"ReadAction\",\"target\":[\"https:\/\/dogsport-online.com\/produkt\/frustrationstoleranz-impulskontrolle\/\"]}]},{\"@type\":\"ImageObject\",\"inLanguage\":\"en-US\",\"@id\":\"https:\/\/dogsport-online.com\/produkt\/frustrationstoleranz-impulskontrolle\/#primaryimage\",\"url\":\"https:\/\/dogsport-online.com\/wp-content\/uploads\/2023\/04\/DSO-Frustrationstoleranz-Impulskontrolle-kl.jpg\",\"contentUrl\":\"https:\/\/dogsport-online.com\/wp-content\/uploads\/2023\/04\/DSO-Frustrationstoleranz-Impulskontrolle-kl.jpg\",\"width\":500,\"height\":281,\"caption\":\"Fsrustrationstoleranz und Impulskontrolle\"},{\"@type\":\"BreadcrumbList\",\"@id\":\"https:\/\/dogsport-online.com\/produkt\/frustrationstoleranz-impulskontrolle\/#breadcrumb\",\"itemListElement\":[{\"@type\":\"ListItem\",\"position\":1,\"name\":\"Startseite\",\"item\":\"https:\/\/dogsport-online.com\/\"},{\"@type\":\"ListItem\",\"position\":2,\"name\":\"Produkte\",\"item\":\"https:\/\/dogsport-online.com\/shop\/\"},{\"@type\":\"ListItem\",\"position\":3,\"name\":\"Frustrationstoleranz und Impulskontrolle\"}]},{\"@type\":\"WebSite\",\"@id\":\"https:\/\/dogsport-online.com\/#website\",\"url\":\"https:\/\/dogsport-online.com\/\",\"name\":\"Dogsport-Online.com\",\"description\":\"Training Videos and much more\",\"publisher\":{\"@id\":\"https:\/\/dogsport-online.com\/#organization\"},\"potentialAction\":[{\"@type\":\"SearchAction\",\"target\":{\"@type\":\"EntryPoint\",\"urlTemplate\":\"https:\/\/dogsport-online.com\/?s={search_term_string}\"},\"query-input\":{\"@type\":\"PropertyValueSpecification\",\"valueRequired\":true,\"valueName\":\"search_term_string\"}}],\"inLanguage\":\"en-US\"},{\"@type\":\"Organization\",\"@id\":\"https:\/\/dogsport-online.com\/#organization\",\"name\":\"Dogsport-Online.com\",\"url\":\"https:\/\/dogsport-online.com\/\",\"logo\":{\"@type\":\"ImageObject\",\"inLanguage\":\"en-US\",\"@id\":\"https:\/\/dogsport-online.com\/#\/schema\/logo\/image\/\",\"url\":\"https:\/\/dogsport-online.com\/wp-content\/uploads\/2021\/08\/Logo-DS-facebook-1.png\",\"contentUrl\":\"https:\/\/dogsport-online.com\/wp-content\/uploads\/2021\/08\/Logo-DS-facebook-1.png\",\"width\":1200,\"height\":630,\"caption\":\"Dogsport-Online.com\"},\"image\":{\"@id\":\"https:\/\/dogsport-online.com\/#\/schema\/logo\/image\/\"}}]}<\/script>\n<!-- \/ Yoast SEO plugin. -->","yoast_head_json":{"title":"Frustrationstoleranz und Impulskontrolle - Dogsport-Online.com","description":"In diesem Video erkl\u00e4rt Euch Rico Hafner, wie er die Frustrationstoleranz und Impulskontrolle bei unseren Hunden aufbaut.","robots":{"index":"index","follow":"follow","max-snippet":"max-snippet:-1","max-image-preview":"max-image-preview:large","max-video-preview":"max-video-preview:-1"},"canonical":"https:\/\/dogsport-online.com\/en\/product\/frustrationstoleranz-impulskontrolle\/","og_locale":"en_US","og_type":"article","og_title":"Frustrationstoleranz und Impulskontrolle - Dogsport-Online.com","og_description":"In diesem Video erkl\u00e4rt Euch Rico Hafner, wie er die Frustrationstoleranz und Impulskontrolle bei unseren Hunden aufbaut.","og_url":"https:\/\/dogsport-online.com\/en\/product\/frustrationstoleranz-impulskontrolle\/","og_site_name":"Dogsport-Online.com","article_modified_time":"2025-09-17T14:27:37+00:00","og_image":[{"width":500,"height":281,"url":"https:\/\/dogsport-online.com\/wp-content\/uploads\/2023\/04\/DSO-Frustrationstoleranz-Impulskontrolle-kl.jpg","type":"image\/jpeg"}],"twitter_card":"summary_large_image","twitter_misc":{"Est. reading time":"1 minute"},"schema":{"@context":"https:\/\/schema.org","@graph":[{"@type":"WebPage","@id":"https:\/\/dogsport-online.com\/produkt\/frustrationstoleranz-impulskontrolle\/","url":"https:\/\/dogsport-online.com\/produkt\/frustrationstoleranz-impulskontrolle\/","name":"Frustrationstoleranz und Impulskontrolle - Dogsport-Online.com","isPartOf":{"@id":"https:\/\/dogsport-online.com\/#website"},"primaryImageOfPage":{"@id":"https:\/\/dogsport-online.com\/produkt\/frustrationstoleranz-impulskontrolle\/#primaryimage"},"image":{"@id":"https:\/\/dogsport-online.com\/produkt\/frustrationstoleranz-impulskontrolle\/#primaryimage"},"thumbnailUrl":"https:\/\/dogsport-online.com\/wp-content\/uploads\/2023\/04\/DSO-Frustrationstoleranz-Impulskontrolle-kl.jpg","datePublished":"2023-04-13T20:39:55+00:00","dateModified":"2025-09-17T14:27:37+00:00","description":"In diesem Video erkl\u00e4rt Euch Rico Hafner, wie er die Frustrationstoleranz und Impulskontrolle bei unseren Hunden aufbaut.","breadcrumb":{"@id":"https:\/\/dogsport-online.com\/produkt\/frustrationstoleranz-impulskontrolle\/#breadcrumb"},"inLanguage":"en-US","potentialAction":[{"@type":"ReadAction","target":["https:\/\/dogsport-online.com\/produkt\/frustrationstoleranz-impulskontrolle\/"]}]},{"@type":"ImageObject","inLanguage":"en-US","@id":"https:\/\/dogsport-online.com\/produkt\/frustrationstoleranz-impulskontrolle\/#primaryimage","url":"https:\/\/dogsport-online.com\/wp-content\/uploads\/2023\/04\/DSO-Frustrationstoleranz-Impulskontrolle-kl.jpg","contentUrl":"https:\/\/dogsport-online.com\/wp-content\/uploads\/2023\/04\/DSO-Frustrationstoleranz-Impulskontrolle-kl.jpg","width":500,"height":281,"caption":"Fsrustrationstoleranz und Impulskontrolle"},{"@type":"BreadcrumbList","@id":"https:\/\/dogsport-online.com\/produkt\/frustrationstoleranz-impulskontrolle\/#breadcrumb","itemListElement":[{"@type":"ListItem","position":1,"name":"Startseite","item":"https:\/\/dogsport-online.com\/"},{"@type":"ListItem","position":2,"name":"Produkte","item":"https:\/\/dogsport-online.com\/shop\/"},{"@type":"ListItem","position":3,"name":"Frustrationstoleranz und Impulskontrolle"}]},{"@type":"WebSite","@id":"https:\/\/dogsport-online.com\/#website","url":"https:\/\/dogsport-online.com\/","name":"Dogsport-Online.com","description":"Training Videos and much more","publisher":{"@id":"https:\/\/dogsport-online.com\/#organization"},"potentialAction":[{"@type":"SearchAction","target":{"@type":"EntryPoint","urlTemplate":"https:\/\/dogsport-online.com\/?s={search_term_string}"},"query-input":{"@type":"PropertyValueSpecification","valueRequired":true,"valueName":"search_term_string"}}],"inLanguage":"en-US"},{"@type":"Organization","@id":"https:\/\/dogsport-online.com\/#organization","name":"Dogsport-Online.com","url":"https:\/\/dogsport-online.com\/","logo":{"@type":"ImageObject","inLanguage":"en-US","@id":"https:\/\/dogsport-online.com\/#\/schema\/logo\/image\/","url":"https:\/\/dogsport-online.com\/wp-content\/uploads\/2021\/08\/Logo-DS-facebook-1.png","contentUrl":"https:\/\/dogsport-online.com\/wp-content\/uploads\/2021\/08\/Logo-DS-facebook-1.png","width":1200,"height":630,"caption":"Dogsport-Online.com"},"image":{"@id":"https:\/\/dogsport-online.com\/#\/schema\/logo\/image\/"}}]}},"_links":{"self":[{"href":"https:\/\/dogsport-online.com\/en\/wp-json\/wp\/v2\/product\/7262","targetHints":{"allow":["GET"]}}],"collection":[{"href":"https:\/\/dogsport-online.com\/en\/wp-json\/wp\/v2\/product"}],"about":[{"href":"https:\/\/dogsport-online.com\/en\/wp-json\/wp\/v2\/types\/product"}],"replies":[{"embeddable":true,"href":"https:\/\/dogsport-online.com\/en\/wp-json\/wp\/v2\/comments?post=7262"}],"version-history":[{"count":9,"href":"https:\/\/dogsport-online.com\/en\/wp-json\/wp\/v2\/product\/7262\/revisions"}],"predecessor-version":[{"id":8295,"href":"https:\/\/dogsport-online.com\/en\/wp-json\/wp\/v2\/product\/7262\/revisions\/8295"}],"wp:featuredmedia":[{"embeddable":true,"href":"https:\/\/dogsport-online.com\/en\/wp-json\/wp\/v2\/media\/7247"}],"wp:attachment":[{"href":"https:\/\/dogsport-online.com\/en\/wp-json\/wp\/v2\/media?parent=7262"}],"wp:term":[{"taxonomy":"product_brand","embeddable":true,"href":"https:\/\/dogsport-online.com\/en\/wp-json\/wp\/v2\/product_brand?post=7262"},{"taxonomy":"product_cat","embeddable":true,"href":"https:\/\/dogsport-online.com\/en\/wp-json\/wp\/v2\/product_cat?post=7262"},{"taxonomy":"product_tag","embeddable":true,"href":"https:\/\/dogsport-online.com\/en\/wp-json\/wp\/v2\/product_tag?post=7262"},{"taxonomy":"giftcard-category","embeddable":true,"href":"https:\/\/dogsport-online.com\/en\/wp-json\/wp\/v2\/giftcard-category?post=7262"}],"curies":[{"name":"wp","href":"https:\/\/api.w.org\/{rel}","templated":true}]}}