{"id":7115,"date":"2023-03-30T10:16:33","date_gmt":"2023-03-30T08:16:33","guid":{"rendered":"https:\/\/dogsport-online.com\/?post_type=product&#038;p=7115"},"modified":"2025-04-29T13:35:37","modified_gmt":"2025-04-29T11:35:37","slug":"kraftvolle-spruenge-holz","status":"publish","type":"product","link":"https:\/\/dogsport-online.com\/en\/product\/kraftvolle-spruenge-holz\/","title":{"rendered":"Powerful Jumps with Dumble"},"content":{"rendered":"<p><strong>Video details:<\/strong><\/p>\n<ul>\n<li>A prerequisite is an understanding of the command \"hop\" and the basics of retrieval<\/li>\n<li>by widening the hurdle, the jumps become more powerful<\/li>\n<li>create an understanding of not touching the hurdle<\/li>\n<li>create a higher dynamic and also the right mood for retrieving by increasing the drive<\/li>\n<li>Integrate the dumbbell into the exercise in small steps up to the complete exercise<\/li>\n<li>Video examples and explanations to the individual points alternating<\/li>\n<li>Length 11:05 minutes<\/li>\n<\/ul>\n<p><strong>Preparatory videos: \u00a0\u00a0\u00a0\u00a0<\/strong><\/p>\n<ul>\n<li><a href=\"https:\/\/dogsport-online.com\/en\/product\/sprung-ueber-die-1-meter-huerde-der-anfang\/\">1 meter hurdle - the beginning<\/a><\/li>\n<li><a href=\"https:\/\/dogsport-online.com\/en\/product\/entschlossene-holzaufnahme-gutes-wenden-und-ein-dynamischer-rueckweg\/\">Dumbbell pick up, good turns, fast return<\/a><\/li>\n<li><a href=\"https:\/\/dogsport-online.com\/en\/apportieren\/\">All Retrieval \/ Apport Videos<\/a><\/li>\n<\/ul>\n<p><strong>Link zum Video (Freischaltung nach Kauf):<\/strong><\/p>\n<ul>\n<li><a href=\"https:\/\/dogsport-online.com\/en\/courses\/kraftvolle-sprunge-mit-holz\/\">Powerful Jumps with Dumble<\/a><\/li>\n<\/ul>","protected":false},"excerpt":{"rendered":"<p>This video describes the 2nd part of the exercise \"Retrieving over the 1 meter hurdle\"<br \/>\n<strong>Note: After payment, the <span style=\"color: #2e8b57;\">video is unlocked for 30 days<\/span>.<br \/>\nLink to video: <span style=\"color: #2e8b57;\"><a style=\"color: #2e8b57;\" href=\"https:\/\/dogsport-online.com\/en\/courses\/kraftvolle-sprunge-mit-holz\/\">Powerful Jumps with Dumble<\/a><\/span><\/strong> (unlock after payment)<\/p>","protected":false},"featured_media":7108,"comment_status":"open","ping_status":"closed","template":"","meta":{"site-sidebar-layout":"default","site-content-layout":"default","ast-site-content-layout":"default","site-content-style":"default","site-sidebar-style":"default","ast-global-header-display":"","ast-banner-title-visibility":"","ast-main-header-display":"","ast-hfb-above-header-display":"","ast-hfb-below-header-display":"","ast-hfb-mobile-header-display":"","site-post-title":"","ast-breadcrumbs-content":"","ast-featured-img":"","footer-sml-layout":"","theme-transparent-header-meta":"default","adv-header-id-meta":"","stick-header-meta":"","header-above-stick-meta":"","header-main-stick-meta":"","header-below-stick-meta":"","astra-migrate-meta-layouts":"set","ast-page-background-enabled":"default","ast-page-background-meta":{"desktop":{"background-color":"","background-image":"","background-repeat":"repeat","background-position":"center center","background-size":"auto","background-attachment":"scroll","background-type":"","background-media":"","overlay-type":"","overlay-color":"","overlay-gradient":""},"tablet":{"background-color":"","background-image":"","background-repeat":"repeat","background-position":"center center","background-size":"auto","background-attachment":"scroll","background-type":"","background-media":"","overlay-type":"","overlay-color":"","overlay-gradient":""},"mobile":{"background-color":"","background-image":"","background-repeat":"repeat","background-position":"center center","background-size":"auto","background-attachment":"scroll","background-type":"","background-media":"","overlay-type":"","overlay-color":"","overlay-gradient":""}},"ast-content-background-meta":{"desktop":{"background-color":"var(--ast-global-color-5)","background-image":"","background-repeat":"repeat","background-position":"center center","background-size":"auto","background-attachment":"scroll","background-type":"","background-media":"","overlay-type":"","overlay-color":"","overlay-gradient":""},"tablet":{"background-color":"var(--ast-global-color-5)","background-image":"","background-repeat":"repeat","background-position":"center center","background-size":"auto","background-attachment":"scroll","background-type":"","background-media":"","overlay-type":"","overlay-color":"","overlay-gradient":""},"mobile":{"background-color":"var(--ast-global-color-5)","background-image":"","background-repeat":"repeat","background-position":"center center","background-size":"auto","background-attachment":"scroll","background-type":"","background-media":"","overlay-type":"","overlay-color":"","overlay-gradient":""}}},"product_brand":[],"product_cat":[31,59],"product_tag":[151,152,301,350,361,32,409,38,410,41,411,60,109],"giftcard-category":[],"class_list":{"0":"post-7115","1":"product","2":"type-product","3":"status-publish","4":"has-post-thumbnail","6":"product_cat-unterordnung","7":"product_cat-apportieren","8":"product_tag-1-meter-huerde","9":"product_tag-1-meter-hurdle","10":"product_tag-hundesport","11":"product_tag-dogsport","12":"product_tag-homework","13":"product_tag-unterordnung","14":"product_tag-spruenge","15":"product_tag-apport","16":"product_tag-jumps","17":"product_tag-igp","18":"product_tag-retrieving","19":"product_tag-apportieren","20":"product_tag-heuwinkl","21":"desktop-align-left","22":"tablet-align-left","23":"mobile-align-left","25":"first","26":"instock","27":"virtual","28":"sold-individually","29":"taxable","30":"purchasable","31":"product-type-simple"},"yoast_head":"<!-- This site is optimized with the Yoast SEO plugin v26.0 - https:\/\/yoast.com\/wordpress\/plugins\/seo\/ -->\n<title>Kraftvolle Spr\u00fcnge mit Holz - Dogsport-Online.com<\/title>\n<meta name=\"description\" content=\"Dieses Video &quot;Kraftvolle Spr\u00fcnge \u00fcber die 1 Meter H\u00fcrde&quot; beschreibt den 2. Teil der \u00dcbung \u201eApportieren \u00fcber die 1 Meter H\u00fcrde\u201c.\" \/>\n<meta name=\"robots\" content=\"index, follow, max-snippet:-1, max-image-preview:large, max-video-preview:-1\" \/>\n<link rel=\"canonical\" href=\"https:\/\/dogsport-online.com\/en\/product\/kraftvolle-spruenge-holz\/\" \/>\n<meta property=\"og:locale\" content=\"en_US\" \/>\n<meta property=\"og:type\" content=\"article\" \/>\n<meta property=\"og:title\" content=\"Kraftvolle Spr\u00fcnge mit Holz - Dogsport-Online.com\" \/>\n<meta property=\"og:description\" content=\"Dieses Video &quot;Kraftvolle Spr\u00fcnge \u00fcber die 1 Meter H\u00fcrde&quot; beschreibt den 2. Teil der \u00dcbung \u201eApportieren \u00fcber die 1 Meter H\u00fcrde\u201c.\" \/>\n<meta property=\"og:url\" content=\"https:\/\/dogsport-online.com\/en\/product\/kraftvolle-spruenge-holz\/\" \/>\n<meta property=\"og:site_name\" content=\"Dogsport-Online.com\" \/>\n<meta property=\"article:modified_time\" content=\"2025-04-29T11:35:37+00:00\" \/>\n<meta property=\"og:image\" content=\"https:\/\/dogsport-online.com\/wp-content\/uploads\/2023\/03\/39-Spruenge.jpg\" \/>\n\t<meta property=\"og:image:width\" content=\"500\" \/>\n\t<meta property=\"og:image:height\" content=\"281\" \/>\n\t<meta property=\"og:image:type\" content=\"image\/jpeg\" \/>\n<meta name=\"twitter:card\" content=\"summary_large_image\" \/>\n<meta name=\"twitter:label1\" content=\"Est. reading time\" \/>\n\t<meta name=\"twitter:data1\" content=\"1 minute\" \/>\n<script type=\"application\/ld+json\" class=\"yoast-schema-graph\">{\"@context\":\"https:\/\/schema.org\",\"@graph\":[{\"@type\":\"WebPage\",\"@id\":\"https:\/\/dogsport-online.com\/produkt\/kraftvolle-spruenge-holz\/\",\"url\":\"https:\/\/dogsport-online.com\/produkt\/kraftvolle-spruenge-holz\/\",\"name\":\"Kraftvolle Spr\u00fcnge mit Holz - Dogsport-Online.com\",\"isPartOf\":{\"@id\":\"https:\/\/dogsport-online.com\/#website\"},\"primaryImageOfPage\":{\"@id\":\"https:\/\/dogsport-online.com\/produkt\/kraftvolle-spruenge-holz\/#primaryimage\"},\"image\":{\"@id\":\"https:\/\/dogsport-online.com\/produkt\/kraftvolle-spruenge-holz\/#primaryimage\"},\"thumbnailUrl\":\"https:\/\/dogsport-online.com\/wp-content\/uploads\/2023\/03\/39-Spruenge.jpg\",\"datePublished\":\"2023-03-30T08:16:33+00:00\",\"dateModified\":\"2025-04-29T11:35:37+00:00\",\"description\":\"Dieses Video \\\"Kraftvolle Spr\u00fcnge \u00fcber die 1 Meter H\u00fcrde\\\" beschreibt den 2. Teil der \u00dcbung \u201eApportieren \u00fcber die 1 Meter H\u00fcrde\u201c.\",\"breadcrumb\":{\"@id\":\"https:\/\/dogsport-online.com\/produkt\/kraftvolle-spruenge-holz\/#breadcrumb\"},\"inLanguage\":\"en-US\",\"potentialAction\":[{\"@type\":\"ReadAction\",\"target\":[\"https:\/\/dogsport-online.com\/produkt\/kraftvolle-spruenge-holz\/\"]}]},{\"@type\":\"ImageObject\",\"inLanguage\":\"en-US\",\"@id\":\"https:\/\/dogsport-online.com\/produkt\/kraftvolle-spruenge-holz\/#primaryimage\",\"url\":\"https:\/\/dogsport-online.com\/wp-content\/uploads\/2023\/03\/39-Spruenge.jpg\",\"contentUrl\":\"https:\/\/dogsport-online.com\/wp-content\/uploads\/2023\/03\/39-Spruenge.jpg\",\"width\":500,\"height\":281,\"caption\":\"Apportieren \u00fcber die 1 Meter H\u00fcrde\"},{\"@type\":\"BreadcrumbList\",\"@id\":\"https:\/\/dogsport-online.com\/produkt\/kraftvolle-spruenge-holz\/#breadcrumb\",\"itemListElement\":[{\"@type\":\"ListItem\",\"position\":1,\"name\":\"Startseite\",\"item\":\"https:\/\/dogsport-online.com\/\"},{\"@type\":\"ListItem\",\"position\":2,\"name\":\"Produkte\",\"item\":\"https:\/\/dogsport-online.com\/shop\/\"},{\"@type\":\"ListItem\",\"position\":3,\"name\":\"Kraftvolle Spr\u00fcnge mit Holz\"}]},{\"@type\":\"WebSite\",\"@id\":\"https:\/\/dogsport-online.com\/#website\",\"url\":\"https:\/\/dogsport-online.com\/\",\"name\":\"Dogsport-Online.com\",\"description\":\"Training Videos and much more\",\"publisher\":{\"@id\":\"https:\/\/dogsport-online.com\/#organization\"},\"potentialAction\":[{\"@type\":\"SearchAction\",\"target\":{\"@type\":\"EntryPoint\",\"urlTemplate\":\"https:\/\/dogsport-online.com\/?s={search_term_string}\"},\"query-input\":{\"@type\":\"PropertyValueSpecification\",\"valueRequired\":true,\"valueName\":\"search_term_string\"}}],\"inLanguage\":\"en-US\"},{\"@type\":\"Organization\",\"@id\":\"https:\/\/dogsport-online.com\/#organization\",\"name\":\"Dogsport-Online.com\",\"url\":\"https:\/\/dogsport-online.com\/\",\"logo\":{\"@type\":\"ImageObject\",\"inLanguage\":\"en-US\",\"@id\":\"https:\/\/dogsport-online.com\/#\/schema\/logo\/image\/\",\"url\":\"https:\/\/dogsport-online.com\/wp-content\/uploads\/2021\/08\/Logo-DS-facebook-1.png\",\"contentUrl\":\"https:\/\/dogsport-online.com\/wp-content\/uploads\/2021\/08\/Logo-DS-facebook-1.png\",\"width\":1200,\"height\":630,\"caption\":\"Dogsport-Online.com\"},\"image\":{\"@id\":\"https:\/\/dogsport-online.com\/#\/schema\/logo\/image\/\"}}]}<\/script>\n<!-- \/ Yoast SEO plugin. -->","yoast_head_json":{"title":"Kraftvolle Spr\u00fcnge mit Holz - Dogsport-Online.com","description":"Dieses Video \"Kraftvolle Spr\u00fcnge \u00fcber die 1 Meter H\u00fcrde\" beschreibt den 2. Teil der \u00dcbung \u201eApportieren \u00fcber die 1 Meter H\u00fcrde\u201c.","robots":{"index":"index","follow":"follow","max-snippet":"max-snippet:-1","max-image-preview":"max-image-preview:large","max-video-preview":"max-video-preview:-1"},"canonical":"https:\/\/dogsport-online.com\/en\/product\/kraftvolle-spruenge-holz\/","og_locale":"en_US","og_type":"article","og_title":"Kraftvolle Spr\u00fcnge mit Holz - Dogsport-Online.com","og_description":"Dieses Video \"Kraftvolle Spr\u00fcnge \u00fcber die 1 Meter H\u00fcrde\" beschreibt den 2. Teil der \u00dcbung \u201eApportieren \u00fcber die 1 Meter H\u00fcrde\u201c.","og_url":"https:\/\/dogsport-online.com\/en\/product\/kraftvolle-spruenge-holz\/","og_site_name":"Dogsport-Online.com","article_modified_time":"2025-04-29T11:35:37+00:00","og_image":[{"width":500,"height":281,"url":"https:\/\/dogsport-online.com\/wp-content\/uploads\/2023\/03\/39-Spruenge.jpg","type":"image\/jpeg"}],"twitter_card":"summary_large_image","twitter_misc":{"Est. reading time":"1 minute"},"schema":{"@context":"https:\/\/schema.org","@graph":[{"@type":"WebPage","@id":"https:\/\/dogsport-online.com\/produkt\/kraftvolle-spruenge-holz\/","url":"https:\/\/dogsport-online.com\/produkt\/kraftvolle-spruenge-holz\/","name":"Kraftvolle Spr\u00fcnge mit Holz - Dogsport-Online.com","isPartOf":{"@id":"https:\/\/dogsport-online.com\/#website"},"primaryImageOfPage":{"@id":"https:\/\/dogsport-online.com\/produkt\/kraftvolle-spruenge-holz\/#primaryimage"},"image":{"@id":"https:\/\/dogsport-online.com\/produkt\/kraftvolle-spruenge-holz\/#primaryimage"},"thumbnailUrl":"https:\/\/dogsport-online.com\/wp-content\/uploads\/2023\/03\/39-Spruenge.jpg","datePublished":"2023-03-30T08:16:33+00:00","dateModified":"2025-04-29T11:35:37+00:00","description":"Dieses Video \"Kraftvolle Spr\u00fcnge \u00fcber die 1 Meter H\u00fcrde\" beschreibt den 2. Teil der \u00dcbung \u201eApportieren \u00fcber die 1 Meter H\u00fcrde\u201c.","breadcrumb":{"@id":"https:\/\/dogsport-online.com\/produkt\/kraftvolle-spruenge-holz\/#breadcrumb"},"inLanguage":"en-US","potentialAction":[{"@type":"ReadAction","target":["https:\/\/dogsport-online.com\/produkt\/kraftvolle-spruenge-holz\/"]}]},{"@type":"ImageObject","inLanguage":"en-US","@id":"https:\/\/dogsport-online.com\/produkt\/kraftvolle-spruenge-holz\/#primaryimage","url":"https:\/\/dogsport-online.com\/wp-content\/uploads\/2023\/03\/39-Spruenge.jpg","contentUrl":"https:\/\/dogsport-online.com\/wp-content\/uploads\/2023\/03\/39-Spruenge.jpg","width":500,"height":281,"caption":"Apportieren \u00fcber die 1 Meter H\u00fcrde"},{"@type":"BreadcrumbList","@id":"https:\/\/dogsport-online.com\/produkt\/kraftvolle-spruenge-holz\/#breadcrumb","itemListElement":[{"@type":"ListItem","position":1,"name":"Startseite","item":"https:\/\/dogsport-online.com\/"},{"@type":"ListItem","position":2,"name":"Produkte","item":"https:\/\/dogsport-online.com\/shop\/"},{"@type":"ListItem","position":3,"name":"Kraftvolle Spr\u00fcnge mit Holz"}]},{"@type":"WebSite","@id":"https:\/\/dogsport-online.com\/#website","url":"https:\/\/dogsport-online.com\/","name":"Dogsport-Online.com","description":"Training Videos and much more","publisher":{"@id":"https:\/\/dogsport-online.com\/#organization"},"potentialAction":[{"@type":"SearchAction","target":{"@type":"EntryPoint","urlTemplate":"https:\/\/dogsport-online.com\/?s={search_term_string}"},"query-input":{"@type":"PropertyValueSpecification","valueRequired":true,"valueName":"search_term_string"}}],"inLanguage":"en-US"},{"@type":"Organization","@id":"https:\/\/dogsport-online.com\/#organization","name":"Dogsport-Online.com","url":"https:\/\/dogsport-online.com\/","logo":{"@type":"ImageObject","inLanguage":"en-US","@id":"https:\/\/dogsport-online.com\/#\/schema\/logo\/image\/","url":"https:\/\/dogsport-online.com\/wp-content\/uploads\/2021\/08\/Logo-DS-facebook-1.png","contentUrl":"https:\/\/dogsport-online.com\/wp-content\/uploads\/2021\/08\/Logo-DS-facebook-1.png","width":1200,"height":630,"caption":"Dogsport-Online.com"},"image":{"@id":"https:\/\/dogsport-online.com\/#\/schema\/logo\/image\/"}}]}},"_links":{"self":[{"href":"https:\/\/dogsport-online.com\/en\/wp-json\/wp\/v2\/product\/7115","targetHints":{"allow":["GET"]}}],"collection":[{"href":"https:\/\/dogsport-online.com\/en\/wp-json\/wp\/v2\/product"}],"about":[{"href":"https:\/\/dogsport-online.com\/en\/wp-json\/wp\/v2\/types\/product"}],"replies":[{"embeddable":true,"href":"https:\/\/dogsport-online.com\/en\/wp-json\/wp\/v2\/comments?post=7115"}],"version-history":[{"count":4,"href":"https:\/\/dogsport-online.com\/en\/wp-json\/wp\/v2\/product\/7115\/revisions"}],"predecessor-version":[{"id":7118,"href":"https:\/\/dogsport-online.com\/en\/wp-json\/wp\/v2\/product\/7115\/revisions\/7118"}],"wp:featuredmedia":[{"embeddable":true,"href":"https:\/\/dogsport-online.com\/en\/wp-json\/wp\/v2\/media\/7108"}],"wp:attachment":[{"href":"https:\/\/dogsport-online.com\/en\/wp-json\/wp\/v2\/media?parent=7115"}],"wp:term":[{"taxonomy":"product_brand","embeddable":true,"href":"https:\/\/dogsport-online.com\/en\/wp-json\/wp\/v2\/product_brand?post=7115"},{"taxonomy":"product_cat","embeddable":true,"href":"https:\/\/dogsport-online.com\/en\/wp-json\/wp\/v2\/product_cat?post=7115"},{"taxonomy":"product_tag","embeddable":true,"href":"https:\/\/dogsport-online.com\/en\/wp-json\/wp\/v2\/product_tag?post=7115"},{"taxonomy":"giftcard-category","embeddable":true,"href":"https:\/\/dogsport-online.com\/en\/wp-json\/wp\/v2\/giftcard-category?post=7115"}],"curies":[{"name":"wp","href":"https:\/\/api.w.org\/{rel}","templated":true}]}}