{"id":7055,"date":"2023-03-22T18:24:51","date_gmt":"2023-03-22T17:24:51","guid":{"rendered":"https:\/\/dogsport-online.com\/?post_type=product&#038;p=7055"},"modified":"2023-10-31T13:38:41","modified_gmt":"2023-10-31T12:38:41","slug":"rueckentransport-teil-1","status":"publish","type":"product","link":"https:\/\/dogsport-online.com\/en\/product\/rueckentransport-teil-1\/","title":{"rendered":"Back Transport - part 1"},"content":{"rendered":"<p><strong>Video details:<\/strong><\/p>\n<ul>\n<li>stress- and conflict-free learning of the correct position<\/li>\n<li>Training outside of the protection (homework for the dog handler)<\/li>\n<li>learning the 3 keys (rewarding behavior)<\/li>\n<li>reinforcement of the learned behavior by drive increase<\/li>\n<li>Step by step instructions<\/li>\n<li>Detailed explanations plus various video examples alternating<\/li>\n<li>Length 11:44 minutes<\/li>\n<li>Language: German; Subtitle: English<\/li>\n<\/ul>\n<p><strong>Preparatory videos: \u00a0\u00a0\u00a0\u00a0<\/strong><\/p>\n<ul>\n<li>None<\/li>\n<\/ul>\n<p><strong>Link zum Video (Freischaltung nach Kauf):<\/strong><\/p>\n<ul>\n<li><a href=\"https:\/\/dogsport-online.com\/en\/courses\/rueckentransport-teil-1\/\">Back Transport - part 1<\/a><\/li>\n<\/ul>","protected":false},"excerpt":{"rendered":"<p>In this video we would like to describe and show you how we teach our dog\u2019s a positive motivation for a reliable Back Transport.<br \/>\n<strong>Note: After payment, the <span style=\"color: #2e8b57;\">video is unlocked for 30 days<\/span>.<br \/>\nLink to video: <span style=\"color: #2e8b57;\"><a style=\"color: #2e8b57;\" href=\"https:\/\/dogsport-online.com\/en\/courses\/rueckentransport-teil-1\/\">Back Transport - part 1<\/a><\/span><\/strong> (unlock after payment)<\/p>","protected":false},"featured_media":7056,"comment_status":"open","ping_status":"closed","template":"","meta":{"site-sidebar-layout":"default","site-content-layout":"default","ast-site-content-layout":"default","site-content-style":"default","site-sidebar-style":"default","ast-global-header-display":"","ast-banner-title-visibility":"","ast-main-header-display":"","ast-hfb-above-header-display":"","ast-hfb-below-header-display":"","ast-hfb-mobile-header-display":"","site-post-title":"","ast-breadcrumbs-content":"","ast-featured-img":"","footer-sml-layout":"","theme-transparent-header-meta":"default","adv-header-id-meta":"","stick-header-meta":"","header-above-stick-meta":"","header-main-stick-meta":"","header-below-stick-meta":"","astra-migrate-meta-layouts":"set","ast-page-background-enabled":"default","ast-page-background-meta":{"desktop":{"background-color":"","background-image":"","background-repeat":"repeat","background-position":"center center","background-size":"auto","background-attachment":"scroll","background-type":"","background-media":"","overlay-type":"","overlay-color":"","overlay-gradient":""},"tablet":{"background-color":"","background-image":"","background-repeat":"repeat","background-position":"center center","background-size":"auto","background-attachment":"scroll","background-type":"","background-media":"","overlay-type":"","overlay-color":"","overlay-gradient":""},"mobile":{"background-color":"","background-image":"","background-repeat":"repeat","background-position":"center center","background-size":"auto","background-attachment":"scroll","background-type":"","background-media":"","overlay-type":"","overlay-color":"","overlay-gradient":""}},"ast-content-background-meta":{"desktop":{"background-color":"var(--ast-global-color-5)","background-image":"","background-repeat":"repeat","background-position":"center center","background-size":"auto","background-attachment":"scroll","background-type":"","background-media":"","overlay-type":"","overlay-color":"","overlay-gradient":""},"tablet":{"background-color":"var(--ast-global-color-5)","background-image":"","background-repeat":"repeat","background-position":"center center","background-size":"auto","background-attachment":"scroll","background-type":"","background-media":"","overlay-type":"","overlay-color":"","overlay-gradient":""},"mobile":{"background-color":"var(--ast-global-color-5)","background-image":"","background-repeat":"repeat","background-position":"center center","background-size":"auto","background-attachment":"scroll","background-type":"","background-media":"","overlay-type":"","overlay-color":"","overlay-gradient":""}}},"product_brand":[],"product_cat":[184,30],"product_tag":[109,396,122,124,133,135,225,301,350,361,41,395],"giftcard-category":[],"class_list":{"0":"post-7055","1":"product","2":"type-product","3":"status-publish","4":"has-post-thumbnail","6":"product_cat-hausaufgaben-schutzdienst","7":"product_cat-schutzdienst","8":"product_tag-heuwinkl","9":"product_tag-backtransport","10":"product_tag-junghundtraining","11":"product_tag-puppy-training","12":"product_tag-schutzdienst","13":"product_tag-protection","14":"product_tag-hausaufgabe-schutzdienst","15":"product_tag-hundesport","16":"product_tag-dogsport","17":"product_tag-homework","18":"product_tag-igp","19":"product_tag-rueckentransport","20":"desktop-align-left","21":"tablet-align-left","22":"mobile-align-left","24":"first","25":"instock","26":"virtual","27":"sold-individually","28":"taxable","29":"purchasable","30":"product-type-simple"},"yoast_head":"<!-- This site is optimized with the Yoast SEO plugin v26.0 - https:\/\/yoast.com\/wordpress\/plugins\/seo\/ -->\n<title>R\u00fcckentransport - Teil 1 - Dogsport-Online.com<\/title>\n<meta name=\"description\" content=\"In diesem Video zeigen und erkl\u00e4ren wir Euch, wie wir unseren Hunden einen korrekten und stressfreien R\u00fcckentransport lernen.\" \/>\n<meta name=\"robots\" content=\"index, follow, max-snippet:-1, max-image-preview:large, max-video-preview:-1\" \/>\n<link rel=\"canonical\" href=\"https:\/\/dogsport-online.com\/en\/product\/rueckentransport-teil-1\/\" \/>\n<meta property=\"og:locale\" content=\"en_US\" \/>\n<meta property=\"og:type\" content=\"article\" \/>\n<meta property=\"og:title\" content=\"R\u00fcckentransport - Teil 1 - Dogsport-Online.com\" \/>\n<meta property=\"og:description\" content=\"In diesem Video zeigen und erkl\u00e4ren wir Euch, wie wir unseren Hunden einen korrekten und stressfreien R\u00fcckentransport lernen.\" \/>\n<meta property=\"og:url\" content=\"https:\/\/dogsport-online.com\/en\/product\/rueckentransport-teil-1\/\" \/>\n<meta property=\"og:site_name\" content=\"Dogsport-Online.com\" \/>\n<meta property=\"article:modified_time\" content=\"2023-10-31T12:38:41+00:00\" \/>\n<meta property=\"og:image\" content=\"https:\/\/dogsport-online.com\/wp-content\/uploads\/2023\/03\/40-Rueckentransport-1.jpg\" \/>\n\t<meta property=\"og:image:width\" content=\"500\" \/>\n\t<meta property=\"og:image:height\" content=\"281\" \/>\n\t<meta property=\"og:image:type\" content=\"image\/jpeg\" \/>\n<meta name=\"twitter:card\" content=\"summary_large_image\" \/>\n<meta name=\"twitter:label1\" content=\"Est. reading time\" \/>\n\t<meta name=\"twitter:data1\" content=\"1 minute\" \/>\n<script type=\"application\/ld+json\" class=\"yoast-schema-graph\">{\"@context\":\"https:\/\/schema.org\",\"@graph\":[{\"@type\":\"WebPage\",\"@id\":\"https:\/\/dogsport-online.com\/produkt\/rueckentransport-teil-1\/\",\"url\":\"https:\/\/dogsport-online.com\/produkt\/rueckentransport-teil-1\/\",\"name\":\"R\u00fcckentransport - Teil 1 - Dogsport-Online.com\",\"isPartOf\":{\"@id\":\"https:\/\/dogsport-online.com\/#website\"},\"primaryImageOfPage\":{\"@id\":\"https:\/\/dogsport-online.com\/produkt\/rueckentransport-teil-1\/#primaryimage\"},\"image\":{\"@id\":\"https:\/\/dogsport-online.com\/produkt\/rueckentransport-teil-1\/#primaryimage\"},\"thumbnailUrl\":\"https:\/\/dogsport-online.com\/wp-content\/uploads\/2023\/03\/40-Rueckentransport-1.jpg\",\"datePublished\":\"2023-03-22T17:24:51+00:00\",\"dateModified\":\"2023-10-31T12:38:41+00:00\",\"description\":\"In diesem Video zeigen und erkl\u00e4ren wir Euch, wie wir unseren Hunden einen korrekten und stressfreien R\u00fcckentransport lernen.\",\"breadcrumb\":{\"@id\":\"https:\/\/dogsport-online.com\/produkt\/rueckentransport-teil-1\/#breadcrumb\"},\"inLanguage\":\"en-US\",\"potentialAction\":[{\"@type\":\"ReadAction\",\"target\":[\"https:\/\/dogsport-online.com\/produkt\/rueckentransport-teil-1\/\"]}]},{\"@type\":\"ImageObject\",\"inLanguage\":\"en-US\",\"@id\":\"https:\/\/dogsport-online.com\/produkt\/rueckentransport-teil-1\/#primaryimage\",\"url\":\"https:\/\/dogsport-online.com\/wp-content\/uploads\/2023\/03\/40-Rueckentransport-1.jpg\",\"contentUrl\":\"https:\/\/dogsport-online.com\/wp-content\/uploads\/2023\/03\/40-Rueckentransport-1.jpg\",\"width\":500,\"height\":281,\"caption\":\"R\u00fcckentransport im Schutzdienst - Teil 1\"},{\"@type\":\"BreadcrumbList\",\"@id\":\"https:\/\/dogsport-online.com\/produkt\/rueckentransport-teil-1\/#breadcrumb\",\"itemListElement\":[{\"@type\":\"ListItem\",\"position\":1,\"name\":\"Startseite\",\"item\":\"https:\/\/dogsport-online.com\/\"},{\"@type\":\"ListItem\",\"position\":2,\"name\":\"Produkte\",\"item\":\"https:\/\/dogsport-online.com\/shop\/\"},{\"@type\":\"ListItem\",\"position\":3,\"name\":\"R\u00fcckentransport &#8211; Teil 1\"}]},{\"@type\":\"WebSite\",\"@id\":\"https:\/\/dogsport-online.com\/#website\",\"url\":\"https:\/\/dogsport-online.com\/\",\"name\":\"Dogsport-Online.com\",\"description\":\"Training Videos and much more\",\"publisher\":{\"@id\":\"https:\/\/dogsport-online.com\/#organization\"},\"potentialAction\":[{\"@type\":\"SearchAction\",\"target\":{\"@type\":\"EntryPoint\",\"urlTemplate\":\"https:\/\/dogsport-online.com\/?s={search_term_string}\"},\"query-input\":{\"@type\":\"PropertyValueSpecification\",\"valueRequired\":true,\"valueName\":\"search_term_string\"}}],\"inLanguage\":\"en-US\"},{\"@type\":\"Organization\",\"@id\":\"https:\/\/dogsport-online.com\/#organization\",\"name\":\"Dogsport-Online.com\",\"url\":\"https:\/\/dogsport-online.com\/\",\"logo\":{\"@type\":\"ImageObject\",\"inLanguage\":\"en-US\",\"@id\":\"https:\/\/dogsport-online.com\/#\/schema\/logo\/image\/\",\"url\":\"https:\/\/dogsport-online.com\/wp-content\/uploads\/2021\/08\/Logo-DS-facebook-1.png\",\"contentUrl\":\"https:\/\/dogsport-online.com\/wp-content\/uploads\/2021\/08\/Logo-DS-facebook-1.png\",\"width\":1200,\"height\":630,\"caption\":\"Dogsport-Online.com\"},\"image\":{\"@id\":\"https:\/\/dogsport-online.com\/#\/schema\/logo\/image\/\"}}]}<\/script>\n<!-- \/ Yoast SEO plugin. -->","yoast_head_json":{"title":"R\u00fcckentransport - Teil 1 - Dogsport-Online.com","description":"In diesem Video zeigen und erkl\u00e4ren wir Euch, wie wir unseren Hunden einen korrekten und stressfreien R\u00fcckentransport lernen.","robots":{"index":"index","follow":"follow","max-snippet":"max-snippet:-1","max-image-preview":"max-image-preview:large","max-video-preview":"max-video-preview:-1"},"canonical":"https:\/\/dogsport-online.com\/en\/product\/rueckentransport-teil-1\/","og_locale":"en_US","og_type":"article","og_title":"R\u00fcckentransport - Teil 1 - Dogsport-Online.com","og_description":"In diesem Video zeigen und erkl\u00e4ren wir Euch, wie wir unseren Hunden einen korrekten und stressfreien R\u00fcckentransport lernen.","og_url":"https:\/\/dogsport-online.com\/en\/product\/rueckentransport-teil-1\/","og_site_name":"Dogsport-Online.com","article_modified_time":"2023-10-31T12:38:41+00:00","og_image":[{"width":500,"height":281,"url":"https:\/\/dogsport-online.com\/wp-content\/uploads\/2023\/03\/40-Rueckentransport-1.jpg","type":"image\/jpeg"}],"twitter_card":"summary_large_image","twitter_misc":{"Est. reading time":"1 minute"},"schema":{"@context":"https:\/\/schema.org","@graph":[{"@type":"WebPage","@id":"https:\/\/dogsport-online.com\/produkt\/rueckentransport-teil-1\/","url":"https:\/\/dogsport-online.com\/produkt\/rueckentransport-teil-1\/","name":"R\u00fcckentransport - Teil 1 - Dogsport-Online.com","isPartOf":{"@id":"https:\/\/dogsport-online.com\/#website"},"primaryImageOfPage":{"@id":"https:\/\/dogsport-online.com\/produkt\/rueckentransport-teil-1\/#primaryimage"},"image":{"@id":"https:\/\/dogsport-online.com\/produkt\/rueckentransport-teil-1\/#primaryimage"},"thumbnailUrl":"https:\/\/dogsport-online.com\/wp-content\/uploads\/2023\/03\/40-Rueckentransport-1.jpg","datePublished":"2023-03-22T17:24:51+00:00","dateModified":"2023-10-31T12:38:41+00:00","description":"In diesem Video zeigen und erkl\u00e4ren wir Euch, wie wir unseren Hunden einen korrekten und stressfreien R\u00fcckentransport lernen.","breadcrumb":{"@id":"https:\/\/dogsport-online.com\/produkt\/rueckentransport-teil-1\/#breadcrumb"},"inLanguage":"en-US","potentialAction":[{"@type":"ReadAction","target":["https:\/\/dogsport-online.com\/produkt\/rueckentransport-teil-1\/"]}]},{"@type":"ImageObject","inLanguage":"en-US","@id":"https:\/\/dogsport-online.com\/produkt\/rueckentransport-teil-1\/#primaryimage","url":"https:\/\/dogsport-online.com\/wp-content\/uploads\/2023\/03\/40-Rueckentransport-1.jpg","contentUrl":"https:\/\/dogsport-online.com\/wp-content\/uploads\/2023\/03\/40-Rueckentransport-1.jpg","width":500,"height":281,"caption":"R\u00fcckentransport im Schutzdienst - Teil 1"},{"@type":"BreadcrumbList","@id":"https:\/\/dogsport-online.com\/produkt\/rueckentransport-teil-1\/#breadcrumb","itemListElement":[{"@type":"ListItem","position":1,"name":"Startseite","item":"https:\/\/dogsport-online.com\/"},{"@type":"ListItem","position":2,"name":"Produkte","item":"https:\/\/dogsport-online.com\/shop\/"},{"@type":"ListItem","position":3,"name":"R\u00fcckentransport &#8211; Teil 1"}]},{"@type":"WebSite","@id":"https:\/\/dogsport-online.com\/#website","url":"https:\/\/dogsport-online.com\/","name":"Dogsport-Online.com","description":"Training Videos and much more","publisher":{"@id":"https:\/\/dogsport-online.com\/#organization"},"potentialAction":[{"@type":"SearchAction","target":{"@type":"EntryPoint","urlTemplate":"https:\/\/dogsport-online.com\/?s={search_term_string}"},"query-input":{"@type":"PropertyValueSpecification","valueRequired":true,"valueName":"search_term_string"}}],"inLanguage":"en-US"},{"@type":"Organization","@id":"https:\/\/dogsport-online.com\/#organization","name":"Dogsport-Online.com","url":"https:\/\/dogsport-online.com\/","logo":{"@type":"ImageObject","inLanguage":"en-US","@id":"https:\/\/dogsport-online.com\/#\/schema\/logo\/image\/","url":"https:\/\/dogsport-online.com\/wp-content\/uploads\/2021\/08\/Logo-DS-facebook-1.png","contentUrl":"https:\/\/dogsport-online.com\/wp-content\/uploads\/2021\/08\/Logo-DS-facebook-1.png","width":1200,"height":630,"caption":"Dogsport-Online.com"},"image":{"@id":"https:\/\/dogsport-online.com\/#\/schema\/logo\/image\/"}}]}},"_links":{"self":[{"href":"https:\/\/dogsport-online.com\/en\/wp-json\/wp\/v2\/product\/7055","targetHints":{"allow":["GET"]}}],"collection":[{"href":"https:\/\/dogsport-online.com\/en\/wp-json\/wp\/v2\/product"}],"about":[{"href":"https:\/\/dogsport-online.com\/en\/wp-json\/wp\/v2\/types\/product"}],"replies":[{"embeddable":true,"href":"https:\/\/dogsport-online.com\/en\/wp-json\/wp\/v2\/comments?post=7055"}],"version-history":[{"count":7,"href":"https:\/\/dogsport-online.com\/en\/wp-json\/wp\/v2\/product\/7055\/revisions"}],"predecessor-version":[{"id":8173,"href":"https:\/\/dogsport-online.com\/en\/wp-json\/wp\/v2\/product\/7055\/revisions\/8173"}],"wp:featuredmedia":[{"embeddable":true,"href":"https:\/\/dogsport-online.com\/en\/wp-json\/wp\/v2\/media\/7056"}],"wp:attachment":[{"href":"https:\/\/dogsport-online.com\/en\/wp-json\/wp\/v2\/media?parent=7055"}],"wp:term":[{"taxonomy":"product_brand","embeddable":true,"href":"https:\/\/dogsport-online.com\/en\/wp-json\/wp\/v2\/product_brand?post=7055"},{"taxonomy":"product_cat","embeddable":true,"href":"https:\/\/dogsport-online.com\/en\/wp-json\/wp\/v2\/product_cat?post=7055"},{"taxonomy":"product_tag","embeddable":true,"href":"https:\/\/dogsport-online.com\/en\/wp-json\/wp\/v2\/product_tag?post=7055"},{"taxonomy":"giftcard-category","embeddable":true,"href":"https:\/\/dogsport-online.com\/en\/wp-json\/wp\/v2\/giftcard-category?post=7055"}],"curies":[{"name":"wp","href":"https:\/\/api.w.org\/{rel}","templated":true}]}}