{"id":6136,"date":"2022-11-14T15:19:55","date_gmt":"2022-11-14T14:19:55","guid":{"rendered":"https:\/\/dogsport-online.com\/?post_type=product&#038;p=6136"},"modified":"2025-12-18T15:09:30","modified_gmt":"2025-12-18T14:09:30","slug":"faehrte-der-anfang","status":"publish","type":"product","link":"https:\/\/dogsport-online.com\/en\/product\/faehrte-der-anfang\/","title":{"rendered":"Tracking, the beginning"},"content":{"rendered":"<p><strong>Video details:<\/strong><\/p>\n<ul>\n<li>Our goal: our dog should be concentrated, motivated, independent, with deep nose tracking<\/li>\n<li>We use food and praise as motivation<\/li>\n<li>Description, how we lay the first track squares<\/li>\n<li>Creation of a motivated and focused mood<\/li>\n<li>Describtion of the handling, so that norushing forward is provoked<\/li>\n<li>At the end we take our dog off the track with the utmost motivation<\/li>\n<li>Laying the first track<\/li>\n<li>Searching and line management<\/li>\n<li>Video examples and explanations to the individual points alternating<\/li>\n<li>Lenght 17:42 minutes<\/li>\n<\/ul>\n<p><strong>Preparatory videos: \u00a0\u00a0\u00a0\u00a0<\/strong><\/p>\n<ul>\n<li>None<\/li>\n<\/ul>\n<p><strong>Link zum Video (Freischaltung nach Kauf):<\/strong><\/p>\n<ul>\n<li><a href=\"https:\/\/dogsport-online.com\/en\/courses\/faehrte-der-anfang\/\">Tracking, the beginning<\/a><\/li>\n<\/ul>","protected":false},"excerpt":{"rendered":"<p>In this video we describe how we start tracking with our dogs.<br \/>\n<strong>Note: After payment, the <span style=\"color: #2e8b57;\">video is unlocked for 30 days<\/span>.<br \/>\nLink to video: <span style=\"color: #2e8b57;\"><a style=\"color: #2e8b57;\" href=\"https:\/\/dogsport-online.com\/en\/courses\/faehrte-der-anfang\/\">Tracking, the beginning<\/a><\/span><\/strong> (unlock after payment)<\/p>","protected":false},"featured_media":6122,"comment_status":"open","ping_status":"closed","template":"","meta":{"site-sidebar-layout":"default","site-content-layout":"default","ast-site-content-layout":"default","site-content-style":"default","site-sidebar-style":"default","ast-global-header-display":"","ast-banner-title-visibility":"","ast-main-header-display":"","ast-hfb-above-header-display":"","ast-hfb-below-header-display":"","ast-hfb-mobile-header-display":"","site-post-title":"","ast-breadcrumbs-content":"","ast-featured-img":"","footer-sml-layout":"","theme-transparent-header-meta":"default","adv-header-id-meta":"","stick-header-meta":"","header-above-stick-meta":"","header-main-stick-meta":"","header-below-stick-meta":"","astra-migrate-meta-layouts":"set","ast-page-background-enabled":"default","ast-page-background-meta":{"desktop":{"background-color":"","background-image":"","background-repeat":"repeat","background-position":"center center","background-size":"auto","background-attachment":"scroll","background-type":"","background-media":"","overlay-type":"","overlay-color":"","overlay-gradient":""},"tablet":{"background-color":"","background-image":"","background-repeat":"repeat","background-position":"center center","background-size":"auto","background-attachment":"scroll","background-type":"","background-media":"","overlay-type":"","overlay-color":"","overlay-gradient":""},"mobile":{"background-color":"","background-image":"","background-repeat":"repeat","background-position":"center center","background-size":"auto","background-attachment":"scroll","background-type":"","background-media":"","overlay-type":"","overlay-color":"","overlay-gradient":""}},"ast-content-background-meta":{"desktop":{"background-color":"var(--ast-global-color-5)","background-image":"","background-repeat":"repeat","background-position":"center center","background-size":"auto","background-attachment":"scroll","background-type":"","background-media":"","overlay-type":"","overlay-color":"","overlay-gradient":""},"tablet":{"background-color":"var(--ast-global-color-5)","background-image":"","background-repeat":"repeat","background-position":"center center","background-size":"auto","background-attachment":"scroll","background-type":"","background-media":"","overlay-type":"","overlay-color":"","overlay-gradient":""},"mobile":{"background-color":"var(--ast-global-color-5)","background-image":"","background-repeat":"repeat","background-position":"center center","background-size":"auto","background-attachment":"scroll","background-type":"","background-media":"","overlay-type":"","overlay-color":"","overlay-gradient":""}}},"product_brand":[],"product_cat":[368],"product_tag":[370,109,301,122,124,369],"giftcard-category":[],"class_list":{"0":"post-6136","1":"product","2":"type-product","3":"status-publish","4":"has-post-thumbnail","6":"product_cat-faehrte","7":"product_tag-faehrte","8":"product_tag-heuwinkl","9":"product_tag-hundesport","10":"product_tag-junghundtraining","11":"product_tag-puppy-training","12":"product_tag-tracking","13":"desktop-align-left","14":"tablet-align-left","15":"mobile-align-left","17":"first","18":"instock","19":"virtual","20":"sold-individually","21":"taxable","22":"purchasable","23":"product-type-simple"},"yoast_head":"<!-- This site is optimized with the Yoast SEO plugin v26.0 - https:\/\/yoast.com\/wordpress\/plugins\/seo\/ -->\n<title>F\u00e4hrte - der Anfang - Dogsport-Online.com<\/title>\n<meta name=\"description\" content=\"In diesem Trainingsvideo erkl\u00e4ren wir, wie wir mit unserem Hund das F\u00e4hrten beginnen. Schritt f\u00fcr Schritt anhand von Beispielen erkl\u00e4rt.\" \/>\n<meta name=\"robots\" content=\"index, follow, max-snippet:-1, max-image-preview:large, max-video-preview:-1\" \/>\n<link rel=\"canonical\" href=\"https:\/\/dogsport-online.com\/en\/product\/faehrte-der-anfang\/\" \/>\n<meta property=\"og:locale\" content=\"en_US\" \/>\n<meta property=\"og:type\" content=\"article\" \/>\n<meta property=\"og:title\" content=\"F\u00e4hrte - der Anfang - Dogsport-Online.com\" \/>\n<meta property=\"og:description\" content=\"In diesem Trainingsvideo erkl\u00e4ren wir, wie wir mit unserem Hund das F\u00e4hrten beginnen. Schritt f\u00fcr Schritt anhand von Beispielen erkl\u00e4rt.\" \/>\n<meta property=\"og:url\" content=\"https:\/\/dogsport-online.com\/en\/product\/faehrte-der-anfang\/\" \/>\n<meta property=\"og:site_name\" content=\"Dogsport-Online.com\" \/>\n<meta property=\"article:modified_time\" content=\"2025-12-18T14:09:30+00:00\" \/>\n<meta property=\"og:image\" content=\"https:\/\/dogsport-online.com\/wp-content\/uploads\/2022\/11\/35-Faehrteder-Anfang.jpg\" \/>\n\t<meta property=\"og:image:width\" content=\"500\" \/>\n\t<meta property=\"og:image:height\" content=\"281\" \/>\n\t<meta property=\"og:image:type\" content=\"image\/jpeg\" \/>\n<meta name=\"twitter:card\" content=\"summary_large_image\" \/>\n<meta name=\"twitter:label1\" content=\"Est. reading time\" \/>\n\t<meta name=\"twitter:data1\" content=\"1 minute\" \/>\n<script type=\"application\/ld+json\" class=\"yoast-schema-graph\">{\"@context\":\"https:\/\/schema.org\",\"@graph\":[{\"@type\":\"WebPage\",\"@id\":\"https:\/\/dogsport-online.com\/produkt\/faehrte-der-anfang\/\",\"url\":\"https:\/\/dogsport-online.com\/produkt\/faehrte-der-anfang\/\",\"name\":\"F\u00e4hrte - der Anfang - Dogsport-Online.com\",\"isPartOf\":{\"@id\":\"https:\/\/dogsport-online.com\/#website\"},\"primaryImageOfPage\":{\"@id\":\"https:\/\/dogsport-online.com\/produkt\/faehrte-der-anfang\/#primaryimage\"},\"image\":{\"@id\":\"https:\/\/dogsport-online.com\/produkt\/faehrte-der-anfang\/#primaryimage\"},\"thumbnailUrl\":\"https:\/\/dogsport-online.com\/wp-content\/uploads\/2022\/11\/35-Faehrteder-Anfang.jpg\",\"datePublished\":\"2022-11-14T14:19:55+00:00\",\"dateModified\":\"2025-12-18T14:09:30+00:00\",\"description\":\"In diesem Trainingsvideo erkl\u00e4ren wir, wie wir mit unserem Hund das F\u00e4hrten beginnen. Schritt f\u00fcr Schritt anhand von Beispielen erkl\u00e4rt.\",\"breadcrumb\":{\"@id\":\"https:\/\/dogsport-online.com\/produkt\/faehrte-der-anfang\/#breadcrumb\"},\"inLanguage\":\"en-US\",\"potentialAction\":[{\"@type\":\"ReadAction\",\"target\":[\"https:\/\/dogsport-online.com\/produkt\/faehrte-der-anfang\/\"]}]},{\"@type\":\"ImageObject\",\"inLanguage\":\"en-US\",\"@id\":\"https:\/\/dogsport-online.com\/produkt\/faehrte-der-anfang\/#primaryimage\",\"url\":\"https:\/\/dogsport-online.com\/wp-content\/uploads\/2022\/11\/35-Faehrteder-Anfang.jpg\",\"contentUrl\":\"https:\/\/dogsport-online.com\/wp-content\/uploads\/2022\/11\/35-Faehrteder-Anfang.jpg\",\"width\":500,\"height\":281,\"caption\":\"F\u00e4hrte (Tracking) - der Anfang\"},{\"@type\":\"BreadcrumbList\",\"@id\":\"https:\/\/dogsport-online.com\/produkt\/faehrte-der-anfang\/#breadcrumb\",\"itemListElement\":[{\"@type\":\"ListItem\",\"position\":1,\"name\":\"Startseite\",\"item\":\"https:\/\/dogsport-online.com\/\"},{\"@type\":\"ListItem\",\"position\":2,\"name\":\"Produkte\",\"item\":\"https:\/\/dogsport-online.com\/shop\/\"},{\"@type\":\"ListItem\",\"position\":3,\"name\":\"F\u00e4hrte &#8211; der Anfang\"}]},{\"@type\":\"WebSite\",\"@id\":\"https:\/\/dogsport-online.com\/#website\",\"url\":\"https:\/\/dogsport-online.com\/\",\"name\":\"Dogsport-Online.com\",\"description\":\"Training Videos and much more\",\"publisher\":{\"@id\":\"https:\/\/dogsport-online.com\/#organization\"},\"potentialAction\":[{\"@type\":\"SearchAction\",\"target\":{\"@type\":\"EntryPoint\",\"urlTemplate\":\"https:\/\/dogsport-online.com\/?s={search_term_string}\"},\"query-input\":{\"@type\":\"PropertyValueSpecification\",\"valueRequired\":true,\"valueName\":\"search_term_string\"}}],\"inLanguage\":\"en-US\"},{\"@type\":\"Organization\",\"@id\":\"https:\/\/dogsport-online.com\/#organization\",\"name\":\"Dogsport-Online.com\",\"url\":\"https:\/\/dogsport-online.com\/\",\"logo\":{\"@type\":\"ImageObject\",\"inLanguage\":\"en-US\",\"@id\":\"https:\/\/dogsport-online.com\/#\/schema\/logo\/image\/\",\"url\":\"https:\/\/dogsport-online.com\/wp-content\/uploads\/2021\/08\/Logo-DS-facebook-1.png\",\"contentUrl\":\"https:\/\/dogsport-online.com\/wp-content\/uploads\/2021\/08\/Logo-DS-facebook-1.png\",\"width\":1200,\"height\":630,\"caption\":\"Dogsport-Online.com\"},\"image\":{\"@id\":\"https:\/\/dogsport-online.com\/#\/schema\/logo\/image\/\"}}]}<\/script>\n<!-- \/ Yoast SEO plugin. -->","yoast_head_json":{"title":"F\u00e4hrte - der Anfang - Dogsport-Online.com","description":"In diesem Trainingsvideo erkl\u00e4ren wir, wie wir mit unserem Hund das F\u00e4hrten beginnen. Schritt f\u00fcr Schritt anhand von Beispielen erkl\u00e4rt.","robots":{"index":"index","follow":"follow","max-snippet":"max-snippet:-1","max-image-preview":"max-image-preview:large","max-video-preview":"max-video-preview:-1"},"canonical":"https:\/\/dogsport-online.com\/en\/product\/faehrte-der-anfang\/","og_locale":"en_US","og_type":"article","og_title":"F\u00e4hrte - der Anfang - Dogsport-Online.com","og_description":"In diesem Trainingsvideo erkl\u00e4ren wir, wie wir mit unserem Hund das F\u00e4hrten beginnen. Schritt f\u00fcr Schritt anhand von Beispielen erkl\u00e4rt.","og_url":"https:\/\/dogsport-online.com\/en\/product\/faehrte-der-anfang\/","og_site_name":"Dogsport-Online.com","article_modified_time":"2025-12-18T14:09:30+00:00","og_image":[{"width":500,"height":281,"url":"https:\/\/dogsport-online.com\/wp-content\/uploads\/2022\/11\/35-Faehrteder-Anfang.jpg","type":"image\/jpeg"}],"twitter_card":"summary_large_image","twitter_misc":{"Est. reading time":"1 minute"},"schema":{"@context":"https:\/\/schema.org","@graph":[{"@type":"WebPage","@id":"https:\/\/dogsport-online.com\/produkt\/faehrte-der-anfang\/","url":"https:\/\/dogsport-online.com\/produkt\/faehrte-der-anfang\/","name":"F\u00e4hrte - der Anfang - Dogsport-Online.com","isPartOf":{"@id":"https:\/\/dogsport-online.com\/#website"},"primaryImageOfPage":{"@id":"https:\/\/dogsport-online.com\/produkt\/faehrte-der-anfang\/#primaryimage"},"image":{"@id":"https:\/\/dogsport-online.com\/produkt\/faehrte-der-anfang\/#primaryimage"},"thumbnailUrl":"https:\/\/dogsport-online.com\/wp-content\/uploads\/2022\/11\/35-Faehrteder-Anfang.jpg","datePublished":"2022-11-14T14:19:55+00:00","dateModified":"2025-12-18T14:09:30+00:00","description":"In diesem Trainingsvideo erkl\u00e4ren wir, wie wir mit unserem Hund das F\u00e4hrten beginnen. Schritt f\u00fcr Schritt anhand von Beispielen erkl\u00e4rt.","breadcrumb":{"@id":"https:\/\/dogsport-online.com\/produkt\/faehrte-der-anfang\/#breadcrumb"},"inLanguage":"en-US","potentialAction":[{"@type":"ReadAction","target":["https:\/\/dogsport-online.com\/produkt\/faehrte-der-anfang\/"]}]},{"@type":"ImageObject","inLanguage":"en-US","@id":"https:\/\/dogsport-online.com\/produkt\/faehrte-der-anfang\/#primaryimage","url":"https:\/\/dogsport-online.com\/wp-content\/uploads\/2022\/11\/35-Faehrteder-Anfang.jpg","contentUrl":"https:\/\/dogsport-online.com\/wp-content\/uploads\/2022\/11\/35-Faehrteder-Anfang.jpg","width":500,"height":281,"caption":"F\u00e4hrte (Tracking) - der Anfang"},{"@type":"BreadcrumbList","@id":"https:\/\/dogsport-online.com\/produkt\/faehrte-der-anfang\/#breadcrumb","itemListElement":[{"@type":"ListItem","position":1,"name":"Startseite","item":"https:\/\/dogsport-online.com\/"},{"@type":"ListItem","position":2,"name":"Produkte","item":"https:\/\/dogsport-online.com\/shop\/"},{"@type":"ListItem","position":3,"name":"F\u00e4hrte &#8211; der Anfang"}]},{"@type":"WebSite","@id":"https:\/\/dogsport-online.com\/#website","url":"https:\/\/dogsport-online.com\/","name":"Dogsport-Online.com","description":"Training Videos and much more","publisher":{"@id":"https:\/\/dogsport-online.com\/#organization"},"potentialAction":[{"@type":"SearchAction","target":{"@type":"EntryPoint","urlTemplate":"https:\/\/dogsport-online.com\/?s={search_term_string}"},"query-input":{"@type":"PropertyValueSpecification","valueRequired":true,"valueName":"search_term_string"}}],"inLanguage":"en-US"},{"@type":"Organization","@id":"https:\/\/dogsport-online.com\/#organization","name":"Dogsport-Online.com","url":"https:\/\/dogsport-online.com\/","logo":{"@type":"ImageObject","inLanguage":"en-US","@id":"https:\/\/dogsport-online.com\/#\/schema\/logo\/image\/","url":"https:\/\/dogsport-online.com\/wp-content\/uploads\/2021\/08\/Logo-DS-facebook-1.png","contentUrl":"https:\/\/dogsport-online.com\/wp-content\/uploads\/2021\/08\/Logo-DS-facebook-1.png","width":1200,"height":630,"caption":"Dogsport-Online.com"},"image":{"@id":"https:\/\/dogsport-online.com\/#\/schema\/logo\/image\/"}}]}},"_links":{"self":[{"href":"https:\/\/dogsport-online.com\/en\/wp-json\/wp\/v2\/product\/6136","targetHints":{"allow":["GET"]}}],"collection":[{"href":"https:\/\/dogsport-online.com\/en\/wp-json\/wp\/v2\/product"}],"about":[{"href":"https:\/\/dogsport-online.com\/en\/wp-json\/wp\/v2\/types\/product"}],"replies":[{"embeddable":true,"href":"https:\/\/dogsport-online.com\/en\/wp-json\/wp\/v2\/comments?post=6136"}],"version-history":[{"count":1,"href":"https:\/\/dogsport-online.com\/en\/wp-json\/wp\/v2\/product\/6136\/revisions"}],"predecessor-version":[{"id":6138,"href":"https:\/\/dogsport-online.com\/en\/wp-json\/wp\/v2\/product\/6136\/revisions\/6138"}],"wp:featuredmedia":[{"embeddable":true,"href":"https:\/\/dogsport-online.com\/en\/wp-json\/wp\/v2\/media\/6122"}],"wp:attachment":[{"href":"https:\/\/dogsport-online.com\/en\/wp-json\/wp\/v2\/media?parent=6136"}],"wp:term":[{"taxonomy":"product_brand","embeddable":true,"href":"https:\/\/dogsport-online.com\/en\/wp-json\/wp\/v2\/product_brand?post=6136"},{"taxonomy":"product_cat","embeddable":true,"href":"https:\/\/dogsport-online.com\/en\/wp-json\/wp\/v2\/product_cat?post=6136"},{"taxonomy":"product_tag","embeddable":true,"href":"https:\/\/dogsport-online.com\/en\/wp-json\/wp\/v2\/product_tag?post=6136"},{"taxonomy":"giftcard-category","embeddable":true,"href":"https:\/\/dogsport-online.com\/en\/wp-json\/wp\/v2\/giftcard-category?post=6136"}],"curies":[{"name":"wp","href":"https:\/\/api.w.org\/{rel}","templated":true}]}}