{"id":4473,"date":"2022-03-16T12:19:08","date_gmt":"2022-03-16T11:19:08","guid":{"rendered":"https:\/\/dogsport-online.com\/?post_type=product&#038;p=4473"},"modified":"2024-11-30T16:08:21","modified_gmt":"2024-11-30T15:08:21","slug":"ruhiges-sitzen-beim-holz-werfen-fusslaufen-mit-holz","status":"publish","type":"product","link":"https:\/\/dogsport-online.com\/en\/product\/ruhiges-sitzen-beim-holz-werfen-fusslaufen-mit-holz\/","title":{"rendered":"Sitting calmly while dumbbell throwing, heeling with dumbbell"},"content":{"rendered":"<p><strong>Video details:<\/strong><\/p>\n<ul>\n<li>Description of the problematic<\/li>\n<li>Explanation of the approach to the solution<\/li>\n<li>Correct timing<\/li>\n<li>the right motivation for a stable and frozen stay (sit) in the basic position, as well as nice heeling in between the retrieve exercises<\/li>\n<li>the idea, to prevent whining and anticipation despite a high motivation<\/li>\n<li>Step by step instructions<\/li>\n<li>Detailed explanations plus various video examples alternating<\/li>\n<li>Length: 07:46 minutes<\/li>\n<\/ul>\n<p><strong>Preparatory videos: \u00a0\u00a0<\/strong><\/p>\n<ul>\n<li><a href=\"https:\/\/dogsport-online.com\/en\/apportieren\/\">all Apport videos<\/a><\/li>\n<li><a href=\"https:\/\/dogsport-online.com\/en\/fusslaufen\/\">all Heeling videos<\/a><\/li>\n<\/ul>\n<p><strong>Link to video (unlock after payment)<br \/>\n<\/strong><\/p>\n<ul>\n<li><a href=\"https:\/\/dogsport-online.com\/en\/courses\/ruhiges-sitzen-beim-holz-werfen-fusslaufen-mit-holz\/\">Sitting calmly while dumbbell throwing, heeling with dumbbell<\/a><\/li>\n<\/ul>","protected":false},"excerpt":{"rendered":"<p>In this video we would like to show you how we teach our dogs accurate, motivated heeling in between the retrieve exercises and also a stable sit when we throw the dumbbell.<br \/>\n<strong>Note: After payment, the <span style=\"color: #2e8b57;\">video is unlocked for 30 days<\/span>.<br \/>\nLink to video: <a href=\"https:\/\/dogsport-online.com\/en\/courses\/ruhiges-sitzen-beim-holz-werfen-fusslaufen-mit-holz\/\"><span style=\"color: #2e8b57;\">Sitting calmly while dumbbell throwing, heeling with dumbbell<\/span><\/a><\/strong>\u00a0(unlock after payment)<\/p>","protected":false},"featured_media":4465,"comment_status":"open","ping_status":"closed","template":"","meta":{"site-sidebar-layout":"default","site-content-layout":"default","ast-site-content-layout":"default","site-content-style":"default","site-sidebar-style":"default","ast-global-header-display":"","ast-banner-title-visibility":"","ast-main-header-display":"","ast-hfb-above-header-display":"","ast-hfb-below-header-display":"","ast-hfb-mobile-header-display":"","site-post-title":"","ast-breadcrumbs-content":"","ast-featured-img":"","footer-sml-layout":"","theme-transparent-header-meta":"default","adv-header-id-meta":"","stick-header-meta":"","header-above-stick-meta":"","header-main-stick-meta":"","header-below-stick-meta":"","astra-migrate-meta-layouts":"set","ast-page-background-enabled":"default","ast-page-background-meta":{"desktop":{"background-color":"","background-image":"","background-repeat":"repeat","background-position":"center center","background-size":"auto","background-attachment":"scroll","background-type":"","background-media":"","overlay-type":"","overlay-color":"","overlay-gradient":""},"tablet":{"background-color":"","background-image":"","background-repeat":"repeat","background-position":"center center","background-size":"auto","background-attachment":"scroll","background-type":"","background-media":"","overlay-type":"","overlay-color":"","overlay-gradient":""},"mobile":{"background-color":"","background-image":"","background-repeat":"repeat","background-position":"center center","background-size":"auto","background-attachment":"scroll","background-type":"","background-media":"","overlay-type":"","overlay-color":"","overlay-gradient":""}},"ast-content-background-meta":{"desktop":{"background-color":"var(--ast-global-color-5)","background-image":"","background-repeat":"repeat","background-position":"center center","background-size":"auto","background-attachment":"scroll","background-type":"","background-media":"","overlay-type":"","overlay-color":"","overlay-gradient":""},"tablet":{"background-color":"var(--ast-global-color-5)","background-image":"","background-repeat":"repeat","background-position":"center center","background-size":"auto","background-attachment":"scroll","background-type":"","background-media":"","overlay-type":"","overlay-color":"","overlay-gradient":""},"mobile":{"background-color":"var(--ast-global-color-5)","background-image":"","background-repeat":"repeat","background-position":"center center","background-size":"auto","background-attachment":"scroll","background-type":"","background-media":"","overlay-type":"","overlay-color":"","overlay-gradient":""}}},"product_brand":[],"product_cat":[59,31],"product_tag":[38,60,222,224,109,41,64,221,93,223,32],"giftcard-category":[],"class_list":{"0":"post-4473","1":"product","2":"type-product","3":"status-publish","4":"has-post-thumbnail","6":"product_cat-apportieren","7":"product_cat-unterordnung","8":"product_tag-apport","9":"product_tag-apportieren","10":"product_tag-fusslaufen-mit-holz-in-der-hand","11":"product_tag-helling-work-with-dumbbell","12":"product_tag-heuwinkl","13":"product_tag-igp","14":"product_tag-obedience","15":"product_tag-ruhiges-sitzen-beim-werfen-des-holzes","16":"product_tag-sammeln","17":"product_tag-sit-calm","18":"product_tag-unterordnung","19":"desktop-align-left","20":"tablet-align-left","21":"mobile-align-left","23":"first","24":"instock","25":"virtual","26":"sold-individually","27":"taxable","28":"purchasable","29":"product-type-simple"},"yoast_head":"<!-- This site is optimized with the Yoast SEO plugin v26.0 - https:\/\/yoast.com\/wordpress\/plugins\/seo\/ -->\n<title>ruhiges Sitzen beim Holz werfen, Fu\u00dflaufen mit Holz - Dogsport-Online.com<\/title>\n<meta name=\"description\" content=\"In diesem Trainingsvideo wird ruhiges Sitzen beim Holz werfen, sowie sch\u00f6nes Fusslauf zwischen den Apportier\u00fcbungen mit Bsp. erkl\u00e4rt\" \/>\n<meta name=\"robots\" content=\"index, follow, max-snippet:-1, max-image-preview:large, max-video-preview:-1\" \/>\n<link rel=\"canonical\" href=\"https:\/\/dogsport-online.com\/en\/product\/ruhiges-sitzen-beim-holz-werfen-fusslaufen-mit-holz\/\" \/>\n<meta property=\"og:locale\" content=\"en_US\" \/>\n<meta property=\"og:type\" content=\"article\" \/>\n<meta property=\"og:title\" content=\"ruhiges Sitzen beim Holz werfen, Fu\u00dflaufen mit Holz - Dogsport-Online.com\" \/>\n<meta property=\"og:description\" content=\"In diesem Trainingsvideo wird ruhiges Sitzen beim Holz werfen, sowie sch\u00f6nes Fusslauf zwischen den Apportier\u00fcbungen mit Bsp. erkl\u00e4rt\" \/>\n<meta property=\"og:url\" content=\"https:\/\/dogsport-online.com\/en\/product\/ruhiges-sitzen-beim-holz-werfen-fusslaufen-mit-holz\/\" \/>\n<meta property=\"og:site_name\" content=\"Dogsport-Online.com\" \/>\n<meta property=\"article:modified_time\" content=\"2024-11-30T15:08:21+00:00\" \/>\n<meta property=\"og:image\" content=\"https:\/\/dogsport-online.com\/wp-content\/uploads\/2022\/03\/27-ruhiges-sitzen-beim-Holzwerfen.jpg\" \/>\n\t<meta property=\"og:image:width\" content=\"500\" \/>\n\t<meta property=\"og:image:height\" content=\"281\" \/>\n\t<meta property=\"og:image:type\" content=\"image\/jpeg\" \/>\n<meta name=\"twitter:card\" content=\"summary_large_image\" \/>\n<meta name=\"twitter:label1\" content=\"Est. reading time\" \/>\n\t<meta name=\"twitter:data1\" content=\"1 minute\" \/>\n<script type=\"application\/ld+json\" class=\"yoast-schema-graph\">{\"@context\":\"https:\/\/schema.org\",\"@graph\":[{\"@type\":\"WebPage\",\"@id\":\"https:\/\/dogsport-online.com\/produkt\/ruhiges-sitzen-beim-holz-werfen-fusslaufen-mit-holz\/\",\"url\":\"https:\/\/dogsport-online.com\/produkt\/ruhiges-sitzen-beim-holz-werfen-fusslaufen-mit-holz\/\",\"name\":\"ruhiges Sitzen beim Holz werfen, Fu\u00dflaufen mit Holz - Dogsport-Online.com\",\"isPartOf\":{\"@id\":\"https:\/\/dogsport-online.com\/#website\"},\"primaryImageOfPage\":{\"@id\":\"https:\/\/dogsport-online.com\/produkt\/ruhiges-sitzen-beim-holz-werfen-fusslaufen-mit-holz\/#primaryimage\"},\"image\":{\"@id\":\"https:\/\/dogsport-online.com\/produkt\/ruhiges-sitzen-beim-holz-werfen-fusslaufen-mit-holz\/#primaryimage\"},\"thumbnailUrl\":\"https:\/\/dogsport-online.com\/wp-content\/uploads\/2022\/03\/27-ruhiges-sitzen-beim-Holzwerfen.jpg\",\"datePublished\":\"2022-03-16T11:19:08+00:00\",\"dateModified\":\"2024-11-30T15:08:21+00:00\",\"description\":\"In diesem Trainingsvideo wird ruhiges Sitzen beim Holz werfen, sowie sch\u00f6nes Fusslauf zwischen den Apportier\u00fcbungen mit Bsp. erkl\u00e4rt\",\"breadcrumb\":{\"@id\":\"https:\/\/dogsport-online.com\/produkt\/ruhiges-sitzen-beim-holz-werfen-fusslaufen-mit-holz\/#breadcrumb\"},\"inLanguage\":\"en-US\",\"potentialAction\":[{\"@type\":\"ReadAction\",\"target\":[\"https:\/\/dogsport-online.com\/produkt\/ruhiges-sitzen-beim-holz-werfen-fusslaufen-mit-holz\/\"]}]},{\"@type\":\"ImageObject\",\"inLanguage\":\"en-US\",\"@id\":\"https:\/\/dogsport-online.com\/produkt\/ruhiges-sitzen-beim-holz-werfen-fusslaufen-mit-holz\/#primaryimage\",\"url\":\"https:\/\/dogsport-online.com\/wp-content\/uploads\/2022\/03\/27-ruhiges-sitzen-beim-Holzwerfen.jpg\",\"contentUrl\":\"https:\/\/dogsport-online.com\/wp-content\/uploads\/2022\/03\/27-ruhiges-sitzen-beim-Holzwerfen.jpg\",\"width\":500,\"height\":281,\"caption\":\"ruhiges Sitzen beim Holzwerfen\"},{\"@type\":\"BreadcrumbList\",\"@id\":\"https:\/\/dogsport-online.com\/produkt\/ruhiges-sitzen-beim-holz-werfen-fusslaufen-mit-holz\/#breadcrumb\",\"itemListElement\":[{\"@type\":\"ListItem\",\"position\":1,\"name\":\"Startseite\",\"item\":\"https:\/\/dogsport-online.com\/\"},{\"@type\":\"ListItem\",\"position\":2,\"name\":\"Produkte\",\"item\":\"https:\/\/dogsport-online.com\/shop\/\"},{\"@type\":\"ListItem\",\"position\":3,\"name\":\"ruhiges Sitzen beim Holz werfen, Fu\u00dflaufen mit Holz\"}]},{\"@type\":\"WebSite\",\"@id\":\"https:\/\/dogsport-online.com\/#website\",\"url\":\"https:\/\/dogsport-online.com\/\",\"name\":\"Dogsport-Online.com\",\"description\":\"Training Videos and much more\",\"publisher\":{\"@id\":\"https:\/\/dogsport-online.com\/#organization\"},\"potentialAction\":[{\"@type\":\"SearchAction\",\"target\":{\"@type\":\"EntryPoint\",\"urlTemplate\":\"https:\/\/dogsport-online.com\/?s={search_term_string}\"},\"query-input\":{\"@type\":\"PropertyValueSpecification\",\"valueRequired\":true,\"valueName\":\"search_term_string\"}}],\"inLanguage\":\"en-US\"},{\"@type\":\"Organization\",\"@id\":\"https:\/\/dogsport-online.com\/#organization\",\"name\":\"Dogsport-Online.com\",\"url\":\"https:\/\/dogsport-online.com\/\",\"logo\":{\"@type\":\"ImageObject\",\"inLanguage\":\"en-US\",\"@id\":\"https:\/\/dogsport-online.com\/#\/schema\/logo\/image\/\",\"url\":\"https:\/\/dogsport-online.com\/wp-content\/uploads\/2021\/08\/Logo-DS-facebook-1.png\",\"contentUrl\":\"https:\/\/dogsport-online.com\/wp-content\/uploads\/2021\/08\/Logo-DS-facebook-1.png\",\"width\":1200,\"height\":630,\"caption\":\"Dogsport-Online.com\"},\"image\":{\"@id\":\"https:\/\/dogsport-online.com\/#\/schema\/logo\/image\/\"}}]}<\/script>\n<!-- \/ Yoast SEO plugin. -->","yoast_head_json":{"title":"ruhiges Sitzen beim Holz werfen, Fu\u00dflaufen mit Holz - Dogsport-Online.com","description":"In diesem Trainingsvideo wird ruhiges Sitzen beim Holz werfen, sowie sch\u00f6nes Fusslauf zwischen den Apportier\u00fcbungen mit Bsp. erkl\u00e4rt","robots":{"index":"index","follow":"follow","max-snippet":"max-snippet:-1","max-image-preview":"max-image-preview:large","max-video-preview":"max-video-preview:-1"},"canonical":"https:\/\/dogsport-online.com\/en\/product\/ruhiges-sitzen-beim-holz-werfen-fusslaufen-mit-holz\/","og_locale":"en_US","og_type":"article","og_title":"ruhiges Sitzen beim Holz werfen, Fu\u00dflaufen mit Holz - Dogsport-Online.com","og_description":"In diesem Trainingsvideo wird ruhiges Sitzen beim Holz werfen, sowie sch\u00f6nes Fusslauf zwischen den Apportier\u00fcbungen mit Bsp. erkl\u00e4rt","og_url":"https:\/\/dogsport-online.com\/en\/product\/ruhiges-sitzen-beim-holz-werfen-fusslaufen-mit-holz\/","og_site_name":"Dogsport-Online.com","article_modified_time":"2024-11-30T15:08:21+00:00","og_image":[{"width":500,"height":281,"url":"https:\/\/dogsport-online.com\/wp-content\/uploads\/2022\/03\/27-ruhiges-sitzen-beim-Holzwerfen.jpg","type":"image\/jpeg"}],"twitter_card":"summary_large_image","twitter_misc":{"Est. reading time":"1 minute"},"schema":{"@context":"https:\/\/schema.org","@graph":[{"@type":"WebPage","@id":"https:\/\/dogsport-online.com\/produkt\/ruhiges-sitzen-beim-holz-werfen-fusslaufen-mit-holz\/","url":"https:\/\/dogsport-online.com\/produkt\/ruhiges-sitzen-beim-holz-werfen-fusslaufen-mit-holz\/","name":"ruhiges Sitzen beim Holz werfen, Fu\u00dflaufen mit Holz - Dogsport-Online.com","isPartOf":{"@id":"https:\/\/dogsport-online.com\/#website"},"primaryImageOfPage":{"@id":"https:\/\/dogsport-online.com\/produkt\/ruhiges-sitzen-beim-holz-werfen-fusslaufen-mit-holz\/#primaryimage"},"image":{"@id":"https:\/\/dogsport-online.com\/produkt\/ruhiges-sitzen-beim-holz-werfen-fusslaufen-mit-holz\/#primaryimage"},"thumbnailUrl":"https:\/\/dogsport-online.com\/wp-content\/uploads\/2022\/03\/27-ruhiges-sitzen-beim-Holzwerfen.jpg","datePublished":"2022-03-16T11:19:08+00:00","dateModified":"2024-11-30T15:08:21+00:00","description":"In diesem Trainingsvideo wird ruhiges Sitzen beim Holz werfen, sowie sch\u00f6nes Fusslauf zwischen den Apportier\u00fcbungen mit Bsp. erkl\u00e4rt","breadcrumb":{"@id":"https:\/\/dogsport-online.com\/produkt\/ruhiges-sitzen-beim-holz-werfen-fusslaufen-mit-holz\/#breadcrumb"},"inLanguage":"en-US","potentialAction":[{"@type":"ReadAction","target":["https:\/\/dogsport-online.com\/produkt\/ruhiges-sitzen-beim-holz-werfen-fusslaufen-mit-holz\/"]}]},{"@type":"ImageObject","inLanguage":"en-US","@id":"https:\/\/dogsport-online.com\/produkt\/ruhiges-sitzen-beim-holz-werfen-fusslaufen-mit-holz\/#primaryimage","url":"https:\/\/dogsport-online.com\/wp-content\/uploads\/2022\/03\/27-ruhiges-sitzen-beim-Holzwerfen.jpg","contentUrl":"https:\/\/dogsport-online.com\/wp-content\/uploads\/2022\/03\/27-ruhiges-sitzen-beim-Holzwerfen.jpg","width":500,"height":281,"caption":"ruhiges Sitzen beim Holzwerfen"},{"@type":"BreadcrumbList","@id":"https:\/\/dogsport-online.com\/produkt\/ruhiges-sitzen-beim-holz-werfen-fusslaufen-mit-holz\/#breadcrumb","itemListElement":[{"@type":"ListItem","position":1,"name":"Startseite","item":"https:\/\/dogsport-online.com\/"},{"@type":"ListItem","position":2,"name":"Produkte","item":"https:\/\/dogsport-online.com\/shop\/"},{"@type":"ListItem","position":3,"name":"ruhiges Sitzen beim Holz werfen, Fu\u00dflaufen mit Holz"}]},{"@type":"WebSite","@id":"https:\/\/dogsport-online.com\/#website","url":"https:\/\/dogsport-online.com\/","name":"Dogsport-Online.com","description":"Training Videos and much more","publisher":{"@id":"https:\/\/dogsport-online.com\/#organization"},"potentialAction":[{"@type":"SearchAction","target":{"@type":"EntryPoint","urlTemplate":"https:\/\/dogsport-online.com\/?s={search_term_string}"},"query-input":{"@type":"PropertyValueSpecification","valueRequired":true,"valueName":"search_term_string"}}],"inLanguage":"en-US"},{"@type":"Organization","@id":"https:\/\/dogsport-online.com\/#organization","name":"Dogsport-Online.com","url":"https:\/\/dogsport-online.com\/","logo":{"@type":"ImageObject","inLanguage":"en-US","@id":"https:\/\/dogsport-online.com\/#\/schema\/logo\/image\/","url":"https:\/\/dogsport-online.com\/wp-content\/uploads\/2021\/08\/Logo-DS-facebook-1.png","contentUrl":"https:\/\/dogsport-online.com\/wp-content\/uploads\/2021\/08\/Logo-DS-facebook-1.png","width":1200,"height":630,"caption":"Dogsport-Online.com"},"image":{"@id":"https:\/\/dogsport-online.com\/#\/schema\/logo\/image\/"}}]}},"_links":{"self":[{"href":"https:\/\/dogsport-online.com\/en\/wp-json\/wp\/v2\/product\/4473","targetHints":{"allow":["GET"]}}],"collection":[{"href":"https:\/\/dogsport-online.com\/en\/wp-json\/wp\/v2\/product"}],"about":[{"href":"https:\/\/dogsport-online.com\/en\/wp-json\/wp\/v2\/types\/product"}],"replies":[{"embeddable":true,"href":"https:\/\/dogsport-online.com\/en\/wp-json\/wp\/v2\/comments?post=4473"}],"version-history":[{"count":7,"href":"https:\/\/dogsport-online.com\/en\/wp-json\/wp\/v2\/product\/4473\/revisions"}],"predecessor-version":[{"id":5094,"href":"https:\/\/dogsport-online.com\/en\/wp-json\/wp\/v2\/product\/4473\/revisions\/5094"}],"wp:featuredmedia":[{"embeddable":true,"href":"https:\/\/dogsport-online.com\/en\/wp-json\/wp\/v2\/media\/4465"}],"wp:attachment":[{"href":"https:\/\/dogsport-online.com\/en\/wp-json\/wp\/v2\/media?parent=4473"}],"wp:term":[{"taxonomy":"product_brand","embeddable":true,"href":"https:\/\/dogsport-online.com\/en\/wp-json\/wp\/v2\/product_brand?post=4473"},{"taxonomy":"product_cat","embeddable":true,"href":"https:\/\/dogsport-online.com\/en\/wp-json\/wp\/v2\/product_cat?post=4473"},{"taxonomy":"product_tag","embeddable":true,"href":"https:\/\/dogsport-online.com\/en\/wp-json\/wp\/v2\/product_tag?post=4473"},{"taxonomy":"giftcard-category","embeddable":true,"href":"https:\/\/dogsport-online.com\/en\/wp-json\/wp\/v2\/giftcard-category?post=4473"}],"curies":[{"name":"wp","href":"https:\/\/api.w.org\/{rel}","templated":true}]}}