{"id":3549,"date":"2021-12-17T16:31:23","date_gmt":"2021-12-17T15:31:23","guid":{"rendered":"https:\/\/dogsport-online.com\/?post_type=product&#038;p=3549"},"modified":"2023-11-15T15:20:10","modified_gmt":"2023-11-15T14:20:10","slug":"geschenk-gutschein","status":"publish","type":"product","link":"https:\/\/dogsport-online.com\/en\/product\/geschenk-gutschein\/","title":{"rendered":"Gift Voucher"},"content":{"rendered":"<h2>Instruction: Create a gift voucher<\/h2>\n<ol>\n<li>W\u00e4hle ein Bild aus, das Dir gef\u00e4llt. Unter &#8222;Siehe alle&#8220; \u00f6ffnet sich eine Auswahl an weiteren Bildern.<\/li>\n<li>W\u00e4hle einen festen Betrag, oder trage in das Feld &#8222;Betrag eingeben&#8220; einen eigen definierbaren Betrag ein.<\/li>\n<li>Versandinfo: Hier kannst du bestimmen, ob Dein Gutschein &#8222;sofort&#8220;, oder erst zu einem bestimmten Datum versendet werden soll.<\/li>\n<li>Recipient Data: Enter the e-mail-address and the name of the recipient.<\/li>\n<li>Your Data: Here you can enter your name and also a nice message. Your name and the message will be shown on the gift voucher.<\/li>\n<\/ol>\n<h2>FAQ:<\/h2>\n<ul>\n<li>When and how will the voucher be sent?<br \/>\nImmediately after successful payment the gift voucher will be sent to the recipient via e-mail.<\/li>\n<li>Can I print the voucher?<br \/>\nYes, you can print the voucher. Send the voucher to your own e-mail-address and a PDF is attached for printing.<\/li>\n<li>How can I send a voucher to myself?<br \/>\nEnter at \"Recipient Data\" in the field \"Email\" your own e-mail-address.<\/li>\n<li>What does \"Delivery Information\" mean?<br \/>\nEnter the date on which the voucher will be sent automatically to the recipient via email here.<\/li>\n<li>Will we send a hard copy of the voucher?<br \/>\nNein, wir versenden die Gutscheinkarten &#8222;nur&#8220; per e-Mail. In der e-Mail ist aber ein PDF und Du kannst selbst die Gutscheinkarte ausdrucken.<\/li>\n<li>How can I redeem the voucher?<br \/>\nYou have different possibilities:<br \/>\na) In der empfangenen e-Mail einfach auf den Button &#8222;Gutschein anwenden&#8220; klicken und schon ist der Wert in Deinem Account gespeichert.<br \/>\nb) Enter the voucher code in the shopping cart or at the checkout page.<br \/>\nc) At <a href=\"https:\/\/dogsport-online.com\/en\/mein-konto\/gift-cards\/\">&#8222;Meine Konto&#8220; -&gt; &#8222;Geschenkgutscheine&#8220;<\/a> you can enter the voucher code.<\/li>\n<\/ul>","protected":false},"excerpt":{"rendered":"<p>Gift a voucher. We either send an automatically e-mail to the recipient or you can, at your choice, print the voucher.<\/p>","protected":false},"featured_media":3573,"comment_status":"open","ping_status":"closed","template":"","meta":{"site-sidebar-layout":"default","site-content-layout":"default","ast-site-content-layout":"","site-content-style":"default","site-sidebar-style":"default","ast-global-header-display":"","ast-banner-title-visibility":"","ast-main-header-display":"","ast-hfb-above-header-display":"","ast-hfb-below-header-display":"","ast-hfb-mobile-header-display":"","site-post-title":"","ast-breadcrumbs-content":"","ast-featured-img":"","footer-sml-layout":"","theme-transparent-header-meta":"default","adv-header-id-meta":"","stick-header-meta":"","header-above-stick-meta":"","header-main-stick-meta":"","header-below-stick-meta":"","astra-migrate-meta-layouts":"default","ast-page-background-enabled":"default","ast-page-background-meta":{"desktop":{"background-color":"","background-image":"","background-repeat":"repeat","background-position":"center center","background-size":"auto","background-attachment":"scroll","background-type":"","background-media":"","overlay-type":"","overlay-color":"","overlay-gradient":""},"tablet":{"background-color":"","background-image":"","background-repeat":"repeat","background-position":"center center","background-size":"auto","background-attachment":"scroll","background-type":"","background-media":"","overlay-type":"","overlay-color":"","overlay-gradient":""},"mobile":{"background-color":"","background-image":"","background-repeat":"repeat","background-position":"center center","background-size":"auto","background-attachment":"scroll","background-type":"","background-media":"","overlay-type":"","overlay-color":"","overlay-gradient":""}},"ast-content-background-meta":{"desktop":{"background-color":"var(--ast-global-color-5)","background-image":"","background-repeat":"repeat","background-position":"center center","background-size":"auto","background-attachment":"scroll","background-type":"","background-media":"","overlay-type":"","overlay-color":"","overlay-gradient":""},"tablet":{"background-color":"var(--ast-global-color-5)","background-image":"","background-repeat":"repeat","background-position":"center center","background-size":"auto","background-attachment":"scroll","background-type":"","background-media":"","overlay-type":"","overlay-color":"","overlay-gradient":""},"mobile":{"background-color":"var(--ast-global-color-5)","background-image":"","background-repeat":"repeat","background-position":"center center","background-size":"auto","background-attachment":"scroll","background-type":"","background-media":"","overlay-type":"","overlay-color":"","overlay-gradient":""}}},"product_brand":[],"product_cat":[200],"product_tag":[204,202,203,201,205],"giftcard-category":[198],"class_list":{"0":"post-3549","1":"product","2":"type-product","3":"status-publish","4":"has-post-thumbnail","6":"product_cat-gutschein","7":"product_tag-coupon","8":"product_tag-geschenkgutschein","9":"product_tag-gift-card","10":"product_tag-gutschein","11":"product_tag-voucher","12":"giftcard-category-all","13":"desktop-align-left","14":"tablet-align-left","15":"mobile-align-left","17":"first","18":"instock","19":"virtual","20":"taxable","21":"purchasable","22":"product-type-gift-card"},"yoast_head":"<!-- This site is optimized with the Yoast SEO plugin v26.0 - https:\/\/yoast.com\/wordpress\/plugins\/seo\/ -->\n<title>Gutschein \/ Geschenkgutschein - Dogsport-Online.com<\/title>\n<meta name=\"description\" content=\"Der Geschenkgutschein von Dogsport Online. Das ideale Geschenk f\u00fcr jeden Hundesportler. Der Gutschein kann sofort per e-Mail versendet werden\" \/>\n<meta name=\"robots\" content=\"index, follow, max-snippet:-1, max-image-preview:large, max-video-preview:-1\" \/>\n<link rel=\"canonical\" href=\"https:\/\/dogsport-online.com\/en\/product\/geschenk-gutschein\/\" \/>\n<meta property=\"og:locale\" content=\"en_US\" \/>\n<meta property=\"og:type\" content=\"article\" \/>\n<meta property=\"og:title\" content=\"Gutschein \/ Geschenkgutschein - Dogsport-Online.com\" \/>\n<meta property=\"og:description\" content=\"Der Geschenkgutschein von Dogsport Online. Das ideale Geschenk f\u00fcr jeden Hundesportler. Der Gutschein kann sofort per e-Mail versendet werden\" \/>\n<meta property=\"og:url\" content=\"https:\/\/dogsport-online.com\/en\/product\/geschenk-gutschein\/\" \/>\n<meta property=\"og:site_name\" content=\"Dogsport-Online.com\" \/>\n<meta property=\"article:modified_time\" content=\"2023-11-15T14:20:10+00:00\" \/>\n<meta property=\"og:image\" content=\"https:\/\/dogsport-online.com\/wp-content\/uploads\/2021\/12\/Geschenkgutschein-Hundesport.jpg\" \/>\n\t<meta property=\"og:image:width\" content=\"500\" \/>\n\t<meta property=\"og:image:height\" content=\"281\" \/>\n\t<meta property=\"og:image:type\" content=\"image\/jpeg\" \/>\n<meta name=\"twitter:card\" content=\"summary_large_image\" \/>\n<meta name=\"twitter:label1\" content=\"Est. reading time\" \/>\n\t<meta name=\"twitter:data1\" content=\"2 minutes\" \/>\n<script type=\"application\/ld+json\" class=\"yoast-schema-graph\">{\"@context\":\"https:\/\/schema.org\",\"@graph\":[{\"@type\":\"WebPage\",\"@id\":\"https:\/\/dogsport-online.com\/produkt\/geschenk-gutschein\/\",\"url\":\"https:\/\/dogsport-online.com\/produkt\/geschenk-gutschein\/\",\"name\":\"Gutschein \/ Geschenkgutschein - Dogsport-Online.com\",\"isPartOf\":{\"@id\":\"https:\/\/dogsport-online.com\/#website\"},\"primaryImageOfPage\":{\"@id\":\"https:\/\/dogsport-online.com\/produkt\/geschenk-gutschein\/#primaryimage\"},\"image\":{\"@id\":\"https:\/\/dogsport-online.com\/produkt\/geschenk-gutschein\/#primaryimage\"},\"thumbnailUrl\":\"https:\/\/dogsport-online.com\/wp-content\/uploads\/2021\/12\/Geschenkgutschein-Hundesport.jpg\",\"datePublished\":\"2021-12-17T15:31:23+00:00\",\"dateModified\":\"2023-11-15T14:20:10+00:00\",\"description\":\"Der Geschenkgutschein von Dogsport Online. Das ideale Geschenk f\u00fcr jeden Hundesportler. Der Gutschein kann sofort per e-Mail versendet werden\",\"breadcrumb\":{\"@id\":\"https:\/\/dogsport-online.com\/produkt\/geschenk-gutschein\/#breadcrumb\"},\"inLanguage\":\"en-US\",\"potentialAction\":[{\"@type\":\"ReadAction\",\"target\":[\"https:\/\/dogsport-online.com\/produkt\/geschenk-gutschein\/\"]}]},{\"@type\":\"ImageObject\",\"inLanguage\":\"en-US\",\"@id\":\"https:\/\/dogsport-online.com\/produkt\/geschenk-gutschein\/#primaryimage\",\"url\":\"https:\/\/dogsport-online.com\/wp-content\/uploads\/2021\/12\/Geschenkgutschein-Hundesport.jpg\",\"contentUrl\":\"https:\/\/dogsport-online.com\/wp-content\/uploads\/2021\/12\/Geschenkgutschein-Hundesport.jpg\",\"width\":500,\"height\":281,\"caption\":\"Ein tolles Geschenk f\u00fcr jeden Hundesportler\"},{\"@type\":\"BreadcrumbList\",\"@id\":\"https:\/\/dogsport-online.com\/produkt\/geschenk-gutschein\/#breadcrumb\",\"itemListElement\":[{\"@type\":\"ListItem\",\"position\":1,\"name\":\"Startseite\",\"item\":\"https:\/\/dogsport-online.com\/\"},{\"@type\":\"ListItem\",\"position\":2,\"name\":\"Produkte\",\"item\":\"https:\/\/dogsport-online.com\/shop\/\"},{\"@type\":\"ListItem\",\"position\":3,\"name\":\"Geschenkgutschein\"}]},{\"@type\":\"WebSite\",\"@id\":\"https:\/\/dogsport-online.com\/#website\",\"url\":\"https:\/\/dogsport-online.com\/\",\"name\":\"Dogsport-Online.com\",\"description\":\"Training Videos and much more\",\"publisher\":{\"@id\":\"https:\/\/dogsport-online.com\/#organization\"},\"potentialAction\":[{\"@type\":\"SearchAction\",\"target\":{\"@type\":\"EntryPoint\",\"urlTemplate\":\"https:\/\/dogsport-online.com\/?s={search_term_string}\"},\"query-input\":{\"@type\":\"PropertyValueSpecification\",\"valueRequired\":true,\"valueName\":\"search_term_string\"}}],\"inLanguage\":\"en-US\"},{\"@type\":\"Organization\",\"@id\":\"https:\/\/dogsport-online.com\/#organization\",\"name\":\"Dogsport-Online.com\",\"url\":\"https:\/\/dogsport-online.com\/\",\"logo\":{\"@type\":\"ImageObject\",\"inLanguage\":\"en-US\",\"@id\":\"https:\/\/dogsport-online.com\/#\/schema\/logo\/image\/\",\"url\":\"https:\/\/dogsport-online.com\/wp-content\/uploads\/2021\/08\/Logo-DS-facebook-1.png\",\"contentUrl\":\"https:\/\/dogsport-online.com\/wp-content\/uploads\/2021\/08\/Logo-DS-facebook-1.png\",\"width\":1200,\"height\":630,\"caption\":\"Dogsport-Online.com\"},\"image\":{\"@id\":\"https:\/\/dogsport-online.com\/#\/schema\/logo\/image\/\"}}]}<\/script>\n<!-- \/ Yoast SEO plugin. -->","yoast_head_json":{"title":"Gutschein \/ Geschenkgutschein - Dogsport-Online.com","description":"Der Geschenkgutschein von Dogsport Online. Das ideale Geschenk f\u00fcr jeden Hundesportler. Der Gutschein kann sofort per e-Mail versendet werden","robots":{"index":"index","follow":"follow","max-snippet":"max-snippet:-1","max-image-preview":"max-image-preview:large","max-video-preview":"max-video-preview:-1"},"canonical":"https:\/\/dogsport-online.com\/en\/product\/geschenk-gutschein\/","og_locale":"en_US","og_type":"article","og_title":"Gutschein \/ Geschenkgutschein - Dogsport-Online.com","og_description":"Der Geschenkgutschein von Dogsport Online. Das ideale Geschenk f\u00fcr jeden Hundesportler. Der Gutschein kann sofort per e-Mail versendet werden","og_url":"https:\/\/dogsport-online.com\/en\/product\/geschenk-gutschein\/","og_site_name":"Dogsport-Online.com","article_modified_time":"2023-11-15T14:20:10+00:00","og_image":[{"width":500,"height":281,"url":"https:\/\/dogsport-online.com\/wp-content\/uploads\/2021\/12\/Geschenkgutschein-Hundesport.jpg","type":"image\/jpeg"}],"twitter_card":"summary_large_image","twitter_misc":{"Est. reading time":"2 minutes"},"schema":{"@context":"https:\/\/schema.org","@graph":[{"@type":"WebPage","@id":"https:\/\/dogsport-online.com\/produkt\/geschenk-gutschein\/","url":"https:\/\/dogsport-online.com\/produkt\/geschenk-gutschein\/","name":"Gutschein \/ Geschenkgutschein - Dogsport-Online.com","isPartOf":{"@id":"https:\/\/dogsport-online.com\/#website"},"primaryImageOfPage":{"@id":"https:\/\/dogsport-online.com\/produkt\/geschenk-gutschein\/#primaryimage"},"image":{"@id":"https:\/\/dogsport-online.com\/produkt\/geschenk-gutschein\/#primaryimage"},"thumbnailUrl":"https:\/\/dogsport-online.com\/wp-content\/uploads\/2021\/12\/Geschenkgutschein-Hundesport.jpg","datePublished":"2021-12-17T15:31:23+00:00","dateModified":"2023-11-15T14:20:10+00:00","description":"Der Geschenkgutschein von Dogsport Online. Das ideale Geschenk f\u00fcr jeden Hundesportler. Der Gutschein kann sofort per e-Mail versendet werden","breadcrumb":{"@id":"https:\/\/dogsport-online.com\/produkt\/geschenk-gutschein\/#breadcrumb"},"inLanguage":"en-US","potentialAction":[{"@type":"ReadAction","target":["https:\/\/dogsport-online.com\/produkt\/geschenk-gutschein\/"]}]},{"@type":"ImageObject","inLanguage":"en-US","@id":"https:\/\/dogsport-online.com\/produkt\/geschenk-gutschein\/#primaryimage","url":"https:\/\/dogsport-online.com\/wp-content\/uploads\/2021\/12\/Geschenkgutschein-Hundesport.jpg","contentUrl":"https:\/\/dogsport-online.com\/wp-content\/uploads\/2021\/12\/Geschenkgutschein-Hundesport.jpg","width":500,"height":281,"caption":"Ein tolles Geschenk f\u00fcr jeden Hundesportler"},{"@type":"BreadcrumbList","@id":"https:\/\/dogsport-online.com\/produkt\/geschenk-gutschein\/#breadcrumb","itemListElement":[{"@type":"ListItem","position":1,"name":"Startseite","item":"https:\/\/dogsport-online.com\/"},{"@type":"ListItem","position":2,"name":"Produkte","item":"https:\/\/dogsport-online.com\/shop\/"},{"@type":"ListItem","position":3,"name":"Geschenkgutschein"}]},{"@type":"WebSite","@id":"https:\/\/dogsport-online.com\/#website","url":"https:\/\/dogsport-online.com\/","name":"Dogsport-Online.com","description":"Training Videos and much more","publisher":{"@id":"https:\/\/dogsport-online.com\/#organization"},"potentialAction":[{"@type":"SearchAction","target":{"@type":"EntryPoint","urlTemplate":"https:\/\/dogsport-online.com\/?s={search_term_string}"},"query-input":{"@type":"PropertyValueSpecification","valueRequired":true,"valueName":"search_term_string"}}],"inLanguage":"en-US"},{"@type":"Organization","@id":"https:\/\/dogsport-online.com\/#organization","name":"Dogsport-Online.com","url":"https:\/\/dogsport-online.com\/","logo":{"@type":"ImageObject","inLanguage":"en-US","@id":"https:\/\/dogsport-online.com\/#\/schema\/logo\/image\/","url":"https:\/\/dogsport-online.com\/wp-content\/uploads\/2021\/08\/Logo-DS-facebook-1.png","contentUrl":"https:\/\/dogsport-online.com\/wp-content\/uploads\/2021\/08\/Logo-DS-facebook-1.png","width":1200,"height":630,"caption":"Dogsport-Online.com"},"image":{"@id":"https:\/\/dogsport-online.com\/#\/schema\/logo\/image\/"}}]}},"_links":{"self":[{"href":"https:\/\/dogsport-online.com\/en\/wp-json\/wp\/v2\/product\/3549","targetHints":{"allow":["GET"]}}],"collection":[{"href":"https:\/\/dogsport-online.com\/en\/wp-json\/wp\/v2\/product"}],"about":[{"href":"https:\/\/dogsport-online.com\/en\/wp-json\/wp\/v2\/types\/product"}],"replies":[{"embeddable":true,"href":"https:\/\/dogsport-online.com\/en\/wp-json\/wp\/v2\/comments?post=3549"}],"version-history":[{"count":15,"href":"https:\/\/dogsport-online.com\/en\/wp-json\/wp\/v2\/product\/3549\/revisions"}],"predecessor-version":[{"id":3613,"href":"https:\/\/dogsport-online.com\/en\/wp-json\/wp\/v2\/product\/3549\/revisions\/3613"}],"wp:featuredmedia":[{"embeddable":true,"href":"https:\/\/dogsport-online.com\/en\/wp-json\/wp\/v2\/media\/3573"}],"wp:attachment":[{"href":"https:\/\/dogsport-online.com\/en\/wp-json\/wp\/v2\/media?parent=3549"}],"wp:term":[{"taxonomy":"product_brand","embeddable":true,"href":"https:\/\/dogsport-online.com\/en\/wp-json\/wp\/v2\/product_brand?post=3549"},{"taxonomy":"product_cat","embeddable":true,"href":"https:\/\/dogsport-online.com\/en\/wp-json\/wp\/v2\/product_cat?post=3549"},{"taxonomy":"product_tag","embeddable":true,"href":"https:\/\/dogsport-online.com\/en\/wp-json\/wp\/v2\/product_tag?post=3549"},{"taxonomy":"giftcard-category","embeddable":true,"href":"https:\/\/dogsport-online.com\/en\/wp-json\/wp\/v2\/giftcard-category?post=3549"}],"curies":[{"name":"wp","href":"https:\/\/api.w.org\/{rel}","templated":true}]}}