{"id":13617,"date":"2025-12-17T17:29:55","date_gmt":"2025-12-17T16:29:55","guid":{"rendered":"https:\/\/dogsport-online.com\/?post_type=product&#038;p=13617"},"modified":"2026-01-22T20:23:38","modified_gmt":"2026-01-22T19:23:38","slug":"beutebestaetigung-fusslaufen","status":"publish","type":"product","link":"https:\/\/dogsport-online.com\/en\/product\/beutebestaetigung-fusslaufen\/","title":{"rendered":"Prey Motivation as a Turbo-Boost in Obidience"},"content":{"rendered":"<p><strong>Video details:<\/strong><\/p>\n<ul>\n<li>The perfect finishing step for heeling \u2013 ideal when your dog already masters the basics<\/li>\n<li>Prerequisite: toy motivation \u2013 why a well-established toy value accelerates training progress<\/li>\n<li>Finding the right type of reinforcement \u2013 how your choice affects focus, posture, and pace<\/li>\n<li>Three effective ball reinforcement methods \u2013 clearly explained and ready to use in training<\/li>\n<li>Comparison: pros and cons of each method \u2013 so you can choose the optimal approach for your dog<\/li>\n<li>Error correction through clever reinforcement \u2013 how to address small heeling inaccuracies<\/li>\n<li>The ideal path to the ball \u2013 your dog learns to choose the correct route to the toy, enhancing precision<\/li>\n<li>Practical with video examples \u2013 clear demonstrations and explanations alternate throughout<\/li>\n<li>Duration: 9:15 minutes<\/li>\n<li>Language: German; Subtitle: English<\/li>\n<\/ul>\n<p><strong>Preparatory videos: \u00a0\u00a0\u00a0\u00a0<\/strong><\/p>\n<ul>\n<li><a href=\"https:\/\/dogsport-online.com\/en\/fusslaufen\/\">all Heeling videos<\/a><\/li>\n<\/ul>\n<p><strong>Link zum Video (Freischaltung nach Kauf):<\/strong><\/p>\n<ul>\n<li><a href=\"https:\/\/dogsport-online.com\/en\/courses\/beutebestaetigung-fusslaufen\/\">Prey Motivation as a Turbo-Boost in Obidience<\/a><\/li>\n<\/ul>","protected":false},"excerpt":{"rendered":"<p style=\"font-weight: 400;\">In this practical training video, we show you how to use your dog\u2019s natural prey drive to enhance heeling \u2013 for more focus, enjoyment, and precision.\nYou\u2019ll learn three different approaches and discover which method suits your dog best. Additionally, we explain the advantages of various reinforcement types and how to apply them effectively.<\/p>\n<p style=\"font-weight: 400;\"><strong>Note: After payment, the <span style=\"color: #2e8b57;\">video is unlocked for 30 days<\/span>.<br \/>\nLink to video: <span style=\"color: #2e8b57;\"><a style=\"color: #2e8b57;\" href=\"https:\/\/dogsport-online.com\/en\/courses\/beutebestaetigung-fusslaufen\/\">Prey Motivation as a Turbo-Boost in Obidience<\/a><\/span><\/strong> (unlock after payment)<\/p>","protected":false},"featured_media":13618,"comment_status":"open","ping_status":"closed","template":"","meta":{"site-sidebar-layout":"default","site-content-layout":"default","ast-site-content-layout":"default","site-content-style":"default","site-sidebar-style":"default","ast-global-header-display":"","ast-banner-title-visibility":"","ast-main-header-display":"","ast-hfb-above-header-display":"","ast-hfb-below-header-display":"","ast-hfb-mobile-header-display":"","site-post-title":"","ast-breadcrumbs-content":"","ast-featured-img":"","footer-sml-layout":"","theme-transparent-header-meta":"default","adv-header-id-meta":"","stick-header-meta":"","header-above-stick-meta":"","header-main-stick-meta":"","header-below-stick-meta":"","astra-migrate-meta-layouts":"set","ast-page-background-enabled":"default","ast-page-background-meta":{"desktop":{"background-color":"","background-image":"","background-repeat":"repeat","background-position":"center center","background-size":"auto","background-attachment":"scroll","background-type":"","background-media":"","overlay-type":"","overlay-color":"","overlay-gradient":""},"tablet":{"background-color":"","background-image":"","background-repeat":"repeat","background-position":"center center","background-size":"auto","background-attachment":"scroll","background-type":"","background-media":"","overlay-type":"","overlay-color":"","overlay-gradient":""},"mobile":{"background-color":"","background-image":"","background-repeat":"repeat","background-position":"center center","background-size":"auto","background-attachment":"scroll","background-type":"","background-media":"","overlay-type":"","overlay-color":"","overlay-gradient":""}},"ast-content-background-meta":{"desktop":{"background-color":"var(--ast-global-color-5)","background-image":"","background-repeat":"repeat","background-position":"center center","background-size":"auto","background-attachment":"scroll","background-type":"","background-media":"","overlay-type":"","overlay-color":"","overlay-gradient":""},"tablet":{"background-color":"var(--ast-global-color-5)","background-image":"","background-repeat":"repeat","background-position":"center center","background-size":"auto","background-attachment":"scroll","background-type":"","background-media":"","overlay-type":"","overlay-color":"","overlay-gradient":""},"mobile":{"background-color":"var(--ast-global-color-5)","background-image":"","background-repeat":"repeat","background-position":"center center","background-size":"auto","background-attachment":"scroll","background-type":"","background-media":"","overlay-type":"","overlay-color":"","overlay-gradient":""}}},"product_brand":[],"product_cat":[31,82],"product_tag":[301,350,545,546,547,32,37,41,109,123],"giftcard-category":[],"class_list":{"0":"post-13617","1":"product","2":"type-product","3":"status-publish","4":"has-post-thumbnail","6":"product_cat-unterordnung","7":"product_cat-fusslaufen","8":"product_tag-hundesport","9":"product_tag-dogsport","10":"product_tag-beutebestaetigung","11":"product_tag-helling","12":"product_tag-reward-with-prey","13":"product_tag-unterordnung","14":"product_tag-fusslaufen","15":"product_tag-igp","16":"product_tag-heuwinkl","17":"product_tag-motivation","18":"desktop-align-left","19":"tablet-align-left","20":"mobile-align-left","22":"first","23":"instock","24":"virtual","25":"sold-individually","26":"taxable","27":"purchasable","28":"product-type-simple"},"yoast_head":"<!-- This site is optimized with the Yoast SEO plugin v26.0 - https:\/\/yoast.com\/wordpress\/plugins\/seo\/ -->\n<title>Beutebest\u00e4tigung beim Fu\u00dflaufen - Dogsport-Online.com<\/title>\n<meta name=\"description\" content=\"Traingsvideo zeigt wie du die nat\u00fcrliche Beutemotivation deines Hundes gezielt in das Fu\u00dflaufen integrierst - f\u00fcr mehr Aufmerksamkeit, Freude und Pr\u00e4zision.\" \/>\n<meta name=\"robots\" content=\"index, follow, max-snippet:-1, max-image-preview:large, max-video-preview:-1\" \/>\n<link rel=\"canonical\" href=\"https:\/\/dogsport-online.com\/en\/product\/beutebestaetigung-fusslaufen\/\" \/>\n<meta property=\"og:locale\" content=\"en_US\" \/>\n<meta property=\"og:type\" content=\"article\" \/>\n<meta property=\"og:title\" content=\"Beutebest\u00e4tigung beim Fu\u00dflaufen - Dogsport-Online.com\" \/>\n<meta property=\"og:description\" content=\"Traingsvideo zeigt wie du die nat\u00fcrliche Beutemotivation deines Hundes gezielt in das Fu\u00dflaufen integrierst - f\u00fcr mehr Aufmerksamkeit, Freude und Pr\u00e4zision.\" \/>\n<meta property=\"og:url\" content=\"https:\/\/dogsport-online.com\/en\/product\/beutebestaetigung-fusslaufen\/\" \/>\n<meta property=\"og:site_name\" content=\"Dogsport-Online.com\" \/>\n<meta property=\"article:modified_time\" content=\"2026-01-22T19:23:38+00:00\" \/>\n<meta property=\"og:image\" content=\"https:\/\/dogsport-online.com\/wp-content\/uploads\/2025\/12\/DOT-49-Beutebestaetigung.jpg\" \/>\n\t<meta property=\"og:image:width\" content=\"500\" \/>\n\t<meta property=\"og:image:height\" content=\"281\" \/>\n\t<meta property=\"og:image:type\" content=\"image\/jpeg\" \/>\n<meta name=\"twitter:card\" content=\"summary_large_image\" \/>\n<meta name=\"twitter:label1\" content=\"Est. reading time\" \/>\n\t<meta name=\"twitter:data1\" content=\"1 minute\" \/>\n<script type=\"application\/ld+json\" class=\"yoast-schema-graph\">{\"@context\":\"https:\/\/schema.org\",\"@graph\":[{\"@type\":\"WebPage\",\"@id\":\"https:\/\/dogsport-online.com\/produkt\/beutebestaetigung-fusslaufen\/\",\"url\":\"https:\/\/dogsport-online.com\/produkt\/beutebestaetigung-fusslaufen\/\",\"name\":\"Beutebest\u00e4tigung beim Fu\u00dflaufen - Dogsport-Online.com\",\"isPartOf\":{\"@id\":\"https:\/\/dogsport-online.com\/#website\"},\"primaryImageOfPage\":{\"@id\":\"https:\/\/dogsport-online.com\/produkt\/beutebestaetigung-fusslaufen\/#primaryimage\"},\"image\":{\"@id\":\"https:\/\/dogsport-online.com\/produkt\/beutebestaetigung-fusslaufen\/#primaryimage\"},\"thumbnailUrl\":\"https:\/\/dogsport-online.com\/wp-content\/uploads\/2025\/12\/DOT-49-Beutebestaetigung.jpg\",\"datePublished\":\"2025-12-17T16:29:55+00:00\",\"dateModified\":\"2026-01-22T19:23:38+00:00\",\"description\":\"Traingsvideo zeigt wie du die nat\u00fcrliche Beutemotivation deines Hundes gezielt in das Fu\u00dflaufen integrierst - f\u00fcr mehr Aufmerksamkeit, Freude und Pr\u00e4zision.\",\"breadcrumb\":{\"@id\":\"https:\/\/dogsport-online.com\/produkt\/beutebestaetigung-fusslaufen\/#breadcrumb\"},\"inLanguage\":\"en-US\",\"potentialAction\":[{\"@type\":\"ReadAction\",\"target\":[\"https:\/\/dogsport-online.com\/produkt\/beutebestaetigung-fusslaufen\/\"]}]},{\"@type\":\"ImageObject\",\"inLanguage\":\"en-US\",\"@id\":\"https:\/\/dogsport-online.com\/produkt\/beutebestaetigung-fusslaufen\/#primaryimage\",\"url\":\"https:\/\/dogsport-online.com\/wp-content\/uploads\/2025\/12\/DOT-49-Beutebestaetigung.jpg\",\"contentUrl\":\"https:\/\/dogsport-online.com\/wp-content\/uploads\/2025\/12\/DOT-49-Beutebestaetigung.jpg\",\"width\":500,\"height\":281,\"caption\":\"Best\u00e4tigung mit Beute beim Fu\u00dflaufen \/ Freifolge\"},{\"@type\":\"BreadcrumbList\",\"@id\":\"https:\/\/dogsport-online.com\/produkt\/beutebestaetigung-fusslaufen\/#breadcrumb\",\"itemListElement\":[{\"@type\":\"ListItem\",\"position\":1,\"name\":\"Startseite\",\"item\":\"https:\/\/dogsport-online.com\/\"},{\"@type\":\"ListItem\",\"position\":2,\"name\":\"Produkte\",\"item\":\"https:\/\/dogsport-online.com\/shop\/\"},{\"@type\":\"ListItem\",\"position\":3,\"name\":\"Beutebest\u00e4tigung beim Fu\u00dflaufen\"}]},{\"@type\":\"WebSite\",\"@id\":\"https:\/\/dogsport-online.com\/#website\",\"url\":\"https:\/\/dogsport-online.com\/\",\"name\":\"Dogsport-Online.com\",\"description\":\"Training Videos and much more\",\"publisher\":{\"@id\":\"https:\/\/dogsport-online.com\/#organization\"},\"potentialAction\":[{\"@type\":\"SearchAction\",\"target\":{\"@type\":\"EntryPoint\",\"urlTemplate\":\"https:\/\/dogsport-online.com\/?s={search_term_string}\"},\"query-input\":{\"@type\":\"PropertyValueSpecification\",\"valueRequired\":true,\"valueName\":\"search_term_string\"}}],\"inLanguage\":\"en-US\"},{\"@type\":\"Organization\",\"@id\":\"https:\/\/dogsport-online.com\/#organization\",\"name\":\"Dogsport-Online.com\",\"url\":\"https:\/\/dogsport-online.com\/\",\"logo\":{\"@type\":\"ImageObject\",\"inLanguage\":\"en-US\",\"@id\":\"https:\/\/dogsport-online.com\/#\/schema\/logo\/image\/\",\"url\":\"https:\/\/dogsport-online.com\/wp-content\/uploads\/2021\/08\/Logo-DS-facebook-1.png\",\"contentUrl\":\"https:\/\/dogsport-online.com\/wp-content\/uploads\/2021\/08\/Logo-DS-facebook-1.png\",\"width\":1200,\"height\":630,\"caption\":\"Dogsport-Online.com\"},\"image\":{\"@id\":\"https:\/\/dogsport-online.com\/#\/schema\/logo\/image\/\"}}]}<\/script>\n<!-- \/ Yoast SEO plugin. -->","yoast_head_json":{"title":"Beutebest\u00e4tigung beim Fu\u00dflaufen - Dogsport-Online.com","description":"Traingsvideo zeigt wie du die nat\u00fcrliche Beutemotivation deines Hundes gezielt in das Fu\u00dflaufen integrierst - f\u00fcr mehr Aufmerksamkeit, Freude und Pr\u00e4zision.","robots":{"index":"index","follow":"follow","max-snippet":"max-snippet:-1","max-image-preview":"max-image-preview:large","max-video-preview":"max-video-preview:-1"},"canonical":"https:\/\/dogsport-online.com\/en\/product\/beutebestaetigung-fusslaufen\/","og_locale":"en_US","og_type":"article","og_title":"Beutebest\u00e4tigung beim Fu\u00dflaufen - Dogsport-Online.com","og_description":"Traingsvideo zeigt wie du die nat\u00fcrliche Beutemotivation deines Hundes gezielt in das Fu\u00dflaufen integrierst - f\u00fcr mehr Aufmerksamkeit, Freude und Pr\u00e4zision.","og_url":"https:\/\/dogsport-online.com\/en\/product\/beutebestaetigung-fusslaufen\/","og_site_name":"Dogsport-Online.com","article_modified_time":"2026-01-22T19:23:38+00:00","og_image":[{"width":500,"height":281,"url":"https:\/\/dogsport-online.com\/wp-content\/uploads\/2025\/12\/DOT-49-Beutebestaetigung.jpg","type":"image\/jpeg"}],"twitter_card":"summary_large_image","twitter_misc":{"Est. reading time":"1 minute"},"schema":{"@context":"https:\/\/schema.org","@graph":[{"@type":"WebPage","@id":"https:\/\/dogsport-online.com\/produkt\/beutebestaetigung-fusslaufen\/","url":"https:\/\/dogsport-online.com\/produkt\/beutebestaetigung-fusslaufen\/","name":"Beutebest\u00e4tigung beim Fu\u00dflaufen - Dogsport-Online.com","isPartOf":{"@id":"https:\/\/dogsport-online.com\/#website"},"primaryImageOfPage":{"@id":"https:\/\/dogsport-online.com\/produkt\/beutebestaetigung-fusslaufen\/#primaryimage"},"image":{"@id":"https:\/\/dogsport-online.com\/produkt\/beutebestaetigung-fusslaufen\/#primaryimage"},"thumbnailUrl":"https:\/\/dogsport-online.com\/wp-content\/uploads\/2025\/12\/DOT-49-Beutebestaetigung.jpg","datePublished":"2025-12-17T16:29:55+00:00","dateModified":"2026-01-22T19:23:38+00:00","description":"Traingsvideo zeigt wie du die nat\u00fcrliche Beutemotivation deines Hundes gezielt in das Fu\u00dflaufen integrierst - f\u00fcr mehr Aufmerksamkeit, Freude und Pr\u00e4zision.","breadcrumb":{"@id":"https:\/\/dogsport-online.com\/produkt\/beutebestaetigung-fusslaufen\/#breadcrumb"},"inLanguage":"en-US","potentialAction":[{"@type":"ReadAction","target":["https:\/\/dogsport-online.com\/produkt\/beutebestaetigung-fusslaufen\/"]}]},{"@type":"ImageObject","inLanguage":"en-US","@id":"https:\/\/dogsport-online.com\/produkt\/beutebestaetigung-fusslaufen\/#primaryimage","url":"https:\/\/dogsport-online.com\/wp-content\/uploads\/2025\/12\/DOT-49-Beutebestaetigung.jpg","contentUrl":"https:\/\/dogsport-online.com\/wp-content\/uploads\/2025\/12\/DOT-49-Beutebestaetigung.jpg","width":500,"height":281,"caption":"Best\u00e4tigung mit Beute beim Fu\u00dflaufen \/ Freifolge"},{"@type":"BreadcrumbList","@id":"https:\/\/dogsport-online.com\/produkt\/beutebestaetigung-fusslaufen\/#breadcrumb","itemListElement":[{"@type":"ListItem","position":1,"name":"Startseite","item":"https:\/\/dogsport-online.com\/"},{"@type":"ListItem","position":2,"name":"Produkte","item":"https:\/\/dogsport-online.com\/shop\/"},{"@type":"ListItem","position":3,"name":"Beutebest\u00e4tigung beim Fu\u00dflaufen"}]},{"@type":"WebSite","@id":"https:\/\/dogsport-online.com\/#website","url":"https:\/\/dogsport-online.com\/","name":"Dogsport-Online.com","description":"Training Videos and much more","publisher":{"@id":"https:\/\/dogsport-online.com\/#organization"},"potentialAction":[{"@type":"SearchAction","target":{"@type":"EntryPoint","urlTemplate":"https:\/\/dogsport-online.com\/?s={search_term_string}"},"query-input":{"@type":"PropertyValueSpecification","valueRequired":true,"valueName":"search_term_string"}}],"inLanguage":"en-US"},{"@type":"Organization","@id":"https:\/\/dogsport-online.com\/#organization","name":"Dogsport-Online.com","url":"https:\/\/dogsport-online.com\/","logo":{"@type":"ImageObject","inLanguage":"en-US","@id":"https:\/\/dogsport-online.com\/#\/schema\/logo\/image\/","url":"https:\/\/dogsport-online.com\/wp-content\/uploads\/2021\/08\/Logo-DS-facebook-1.png","contentUrl":"https:\/\/dogsport-online.com\/wp-content\/uploads\/2021\/08\/Logo-DS-facebook-1.png","width":1200,"height":630,"caption":"Dogsport-Online.com"},"image":{"@id":"https:\/\/dogsport-online.com\/#\/schema\/logo\/image\/"}}]}},"_links":{"self":[{"href":"https:\/\/dogsport-online.com\/en\/wp-json\/wp\/v2\/product\/13617","targetHints":{"allow":["GET"]}}],"collection":[{"href":"https:\/\/dogsport-online.com\/en\/wp-json\/wp\/v2\/product"}],"about":[{"href":"https:\/\/dogsport-online.com\/en\/wp-json\/wp\/v2\/types\/product"}],"replies":[{"embeddable":true,"href":"https:\/\/dogsport-online.com\/en\/wp-json\/wp\/v2\/comments?post=13617"}],"version-history":[{"count":2,"href":"https:\/\/dogsport-online.com\/en\/wp-json\/wp\/v2\/product\/13617\/revisions"}],"predecessor-version":[{"id":13631,"href":"https:\/\/dogsport-online.com\/en\/wp-json\/wp\/v2\/product\/13617\/revisions\/13631"}],"wp:featuredmedia":[{"embeddable":true,"href":"https:\/\/dogsport-online.com\/en\/wp-json\/wp\/v2\/media\/13618"}],"wp:attachment":[{"href":"https:\/\/dogsport-online.com\/en\/wp-json\/wp\/v2\/media?parent=13617"}],"wp:term":[{"taxonomy":"product_brand","embeddable":true,"href":"https:\/\/dogsport-online.com\/en\/wp-json\/wp\/v2\/product_brand?post=13617"},{"taxonomy":"product_cat","embeddable":true,"href":"https:\/\/dogsport-online.com\/en\/wp-json\/wp\/v2\/product_cat?post=13617"},{"taxonomy":"product_tag","embeddable":true,"href":"https:\/\/dogsport-online.com\/en\/wp-json\/wp\/v2\/product_tag?post=13617"},{"taxonomy":"giftcard-category","embeddable":true,"href":"https:\/\/dogsport-online.com\/en\/wp-json\/wp\/v2\/giftcard-category?post=13617"}],"curies":[{"name":"wp","href":"https:\/\/api.w.org\/{rel}","templated":true}]}}