{"id":13121,"date":"2025-09-23T16:12:05","date_gmt":"2025-09-23T14:12:05","guid":{"rendered":"https:\/\/dogsport-online.com\/?post_type=product&#038;p=13121"},"modified":"2025-09-29T08:58:22","modified_gmt":"2025-09-29T06:58:22","slug":"gemeinsam-erfolgreich-schutzdienst-als-ebook","status":"publish","type":"product","link":"https:\/\/dogsport-online.com\/en\/product\/gemeinsam-erfolgreich-schutzdienst-als-ebook\/","title":{"rendered":"Gemeinsam Erfolgreich &#8211; Schutzdienst als eBook"},"content":{"rendered":"<h1>Gemeinsam Erfolgreich \u2013 Der Weg Zum Meisterhaften Schutzdienst<\/h1>\n<p>Das Geheimnis eines hochwertigen Schutzdienstes liegt im perfekten Zusammenspiel dominanter, ausdrucksstarker Auseinandersetzungen mit dem Helfer und einer ebenso ausdrucksstarken, auf positiver Motivation basierenden, spannungsgeladenen und kraftvollen F\u00fchrigkeit des Hundes.<br \/>\nSeit Jahren stellen die Ausbilder in Heuwinkl die Weichen in Richtung einer solchen modernen und artgerechten Ausbildung. Voraussetzung hierf\u00fcr ist Leidenschaft f\u00fcr den Schutzdienst, gepaart mit dem Anspruch auf st\u00e4ndige Verbesserung der Abl\u00e4ufe und Anpassung an sich ver\u00e4ndernde Bedingungen. Kaum eine hundesportliche Disziplin war in wenigen Jahren einem so dramatischen Wandel ausgesetzt wie der Schutzdienst. Dem galt und gilt es gerecht zu werden, um dem Wandel aktiv zu begegnen, anstatt ihm ausgeliefert zu sein. Peter Scherk und Dr. Florian Knabl sowie Connie Scherk sind die Protagonisten, die unentwegt an Verbesserungen t\u00fcfteln, Problemen nachsp\u00fcren und L\u00f6sungen erarbeiten.<\/p>\n<p>Der Lohn: 5 x Einzel-Weltmeister, 14 x Mannschaftsweltmeister und 15-fache Teilnahme an Weltmeisterschaften. Hinzu kommen viele weitere Platzierungen auf dem Treppchen, sowie unz\u00e4hlige Titel bei nationalen und internationalen Wettk\u00e4mpfen f\u00fcr das gesamte Team Heuwinkl.<\/p>\n<p>Nun ist das lange erwartet Handbuch zum Schutzdienst von Peter Scherk und Dr. Florian Knabl endlich verf\u00fcgbar:<\/p>\n<p>\u201cGemeinsam erfolgreich \u2013 Der Weg zum meisterhaften Schutzdienst\u201d, das komplette Handbuch zum IGP-Schutzdienst, Schritt f\u00fcr Schritt in Wort und Bild von echten Meistern ihres Fachs!<\/p>\n<p>&nbsp;<\/p>\n<h2>Hinweis:<\/h2>\n<p>Sobald die Zahlung verifiziert ist schalten wir den Download automatisch frei. Du findest das Dokument dann unter dem Menu-Punkte: <strong>Mein Konto -&gt; Downloads<\/strong>.<\/p>\n<p>&nbsp;<\/p>\n<h2>Text auf Buchr\u00fccken:<\/h2>\n<p>Drei Weltmeister, eine Idee \u2013 ein professionelles und durchg\u00e4ngiges Ausbildungssystem.<\/p>\n<p>Das ist, in wenigen Worten, der Hundesportverein Heuwinkl in Oberbayern mit seinen Ideen- und Taktgebern Connie und Peter Scherk, sowie Dr. Florian Knabl. Weltweit hat kein Hundesportverein in den vergangenen 30 Jahren mehr nationale und internationale Titel gesammelt als Heuwinkl.<\/p>\n<p>Ihr Erfolg im Schutzdienst st\u00fctzt sich auf sehr viel Hundeverstand, konzeptionelles und strukturelles Denken, Pr\u00e4zision, Konsequenz, Flei\u00df, Beharrlichkeit, Liebe zum Detail, Begeisterung und ein gro\u00dfes<\/p>\n<p>Ma\u00df an Empathie f\u00fcr die Hunde.<\/p>\n<p>In Heuwinkl versteht man den Schutzdienst als Auseinandersetzung zwischen Mensch und Hund auf Augenh\u00f6he, leidenschaftlich, aber respektvoll, wobei die perfekt und schnell gesetzten Wechsel von dynamischen Kampfhandlungen und spannungsgeladenem Innehalten die besondere Herausforderung und den Reiz ausmachen. Die tragenden Elemente sind dabei Disziplin, Kontrolle und Selbstkontrolle bei Hundef\u00fchrer, Hund und Helfer.<\/p>\n<p>So verstanden und praktiziert ist Schutzdienst kein willk\u00fcrliches Gerangel, sondern ritualisierte und strukturierte Kampfkunst, bei welcher die W\u00fcrde des Hundes jederzeit im Zentrum des Handelns steht. Dabei nutzen die Heuwinkler die Triebe des Hundes, anstatt gegen sie anzuarbeiten. Der gesamte Ablauf des Schutzdienstes wird auf diese Weise f\u00fcr den Hund eine Art Hoffnungslauf, der ihn in st\u00e4ndiger Erwartung auf Best\u00e4tigung von \u00dcbung zu \u00dcbung tr\u00e4gt.<\/p>\n<p>Mit anschaulichem Bildmaterial unterlegt, entwickeln die Autoren detailliert und Schritt f\u00fcr Schritt die verschiedenen Elemente des Schutzdienstes, zeigen, wie die bekannten Problemzonen des Schutzdienst vermieden werden und spicken die Anleitungen mit vielen Hilfestellungen und Kniffen aus ihrer langj\u00e4hrigen Erfahrung.<\/p>\n<p>&nbsp;<\/p>\n<h2><strong>Details zum Buch:<\/strong><\/h2>\n<ul>\n<li>Thema: IGP Schutzdienst<\/li>\n<li>Schritt f\u00fcr Schritt Anleitung f\u00fcr jede \u00dcbung<\/li>\n<li>Erkl\u00e4rungen vom Welpenalter bis zur Pr\u00fcfungsreife<\/li>\n<li>Illustriert mit vielen Bildern<\/li>\n<li>Umfang 427 Seiten<\/li>\n<li>eBook als PDF zum Download<\/li>\n<\/ul>\n<p>&nbsp;<\/p>\n<h2>Lizenz- und Nutzungshinweis<\/h2>\n<p>Lizenziert <strong>nur f\u00fcr den K\u00e4ufer!<\/strong> Dieses E-Book ist urheberrechtlich gesch\u00fctzt. Es wurde ausschlie\u00dflich f\u00fcr den privaten Gebrauch durch den namentlich genannten Lizenznehmer erworben und personalisiert. Zur Identifikation dient der Name bzw. die Bestellnummer. Der Name des Lizenznehmers wurde als Wasserzeichen auf allen Seiten integriert. Die Lizenz ist nicht \u00fcbertragbar. Jegliche Weitergabe, Vervielf\u00e4ltigung, Verbreitung, \u00f6ffentliche Zug\u00e4nglichmachung oder kommerzielle Nutzung \u2013 sei es in digitaler oder gedruckter Form, vollst\u00e4ndig oder auszugsweise \u2013 ist nicht gestattet, sofern hierf\u00fcr keine ausdr\u00fcckliche schriftliche Genehmigung des Rechteinhabers vorliegt. Zuwiderhandlungen k\u00f6nnen zivil- und strafrechtlich verfolgt werden. Der Einsatz technischer Ma\u00dfnahmen zur R\u00fcckverfolgung und Identifikation der Lizenzdatei bleibt vorbehalten. Mit dem Erwerb und Download dieses E-Books erkl\u00e4rt sich der K\u00e4ufer mit den geltenden Lizenz- und Nutzungsbedingungen einverstanden. Die vollst\u00e4ndigen Allgemeinen Gesch\u00e4ftsbe<\/p>\n<p>&nbsp;<\/p>","protected":false},"excerpt":{"rendered":"<p>Das Buch zur IGP Unterordnung in der eBook Variante<\/p>","protected":false},"featured_media":13127,"comment_status":"open","ping_status":"closed","template":"","meta":{"site-sidebar-layout":"default","site-content-layout":"","ast-site-content-layout":"default","site-content-style":"default","site-sidebar-style":"default","ast-global-header-display":"","ast-banner-title-visibility":"","ast-main-header-display":"","ast-hfb-above-header-display":"","ast-hfb-below-header-display":"","ast-hfb-mobile-header-display":"","site-post-title":"","ast-breadcrumbs-content":"","ast-featured-img":"","footer-sml-layout":"","theme-transparent-header-meta":"default","adv-header-id-meta":"","stick-header-meta":"","header-above-stick-meta":"","header-main-stick-meta":"","header-below-stick-meta":"","astra-migrate-meta-layouts":"set","ast-page-background-enabled":"default","ast-page-background-meta":{"desktop":{"background-color":"","background-image":"","background-repeat":"repeat","background-position":"center center","background-size":"auto","background-attachment":"scroll","background-type":"","background-media":"","overlay-type":"","overlay-color":"","overlay-gradient":""},"tablet":{"background-color":"","background-image":"","background-repeat":"repeat","background-position":"center center","background-size":"auto","background-attachment":"scroll","background-type":"","background-media":"","overlay-type":"","overlay-color":"","overlay-gradient":""},"mobile":{"background-color":"","background-image":"","background-repeat":"repeat","background-position":"center center","background-size":"auto","background-attachment":"scroll","background-type":"","background-media":"","overlay-type":"","overlay-color":"","overlay-gradient":""}},"ast-content-background-meta":{"desktop":{"background-color":"var(--ast-global-color-5)","background-image":"","background-repeat":"repeat","background-position":"center center","background-size":"auto","background-attachment":"scroll","background-type":"","background-media":"","overlay-type":"","overlay-color":"","overlay-gradient":""},"tablet":{"background-color":"var(--ast-global-color-5)","background-image":"","background-repeat":"repeat","background-position":"center center","background-size":"auto","background-attachment":"scroll","background-type":"","background-media":"","overlay-type":"","overlay-color":"","overlay-gradient":""},"mobile":{"background-color":"var(--ast-global-color-5)","background-image":"","background-repeat":"repeat","background-position":"center center","background-size":"auto","background-attachment":"scroll","background-type":"","background-media":"","overlay-type":"","overlay-color":"","overlay-gradient":""}}},"product_brand":[],"product_cat":[542],"product_tag":[538,539,540,541,133,135],"giftcard-category":[],"class_list":{"0":"post-13121","1":"product","2":"type-product","3":"status-publish","4":"has-post-thumbnail","6":"product_cat-ebook","7":"product_tag-ebook","8":"product_tag-epaper","9":"product_tag-buch","10":"product_tag-book","11":"product_tag-schutzdienst","12":"product_tag-protection","13":"desktop-align-left","14":"tablet-align-left","15":"mobile-align-left","17":"first","18":"instock","19":"downloadable","20":"virtual","21":"taxable","22":"purchasable","23":"product-type-simple"},"yoast_head":"<!-- This site is optimized with the Yoast SEO plugin v26.0 - https:\/\/yoast.com\/wordpress\/plugins\/seo\/ -->\n<title>Gemeinsam Erfolgreich - Schutzdienst als eBook - Dogsport-Online.com<\/title>\n<meta name=\"description\" content=\"Das komplette Buch von Peter Scherk und Dr. Florian Knabl zur IGP Unterordnung (Obedience) in der eBook Variante zum Download.\" \/>\n<meta name=\"robots\" content=\"index, follow, max-snippet:-1, max-image-preview:large, max-video-preview:-1\" \/>\n<link rel=\"canonical\" href=\"https:\/\/dogsport-online.com\/en\/product\/gemeinsam-erfolgreich-schutzdienst-als-ebook\/\" \/>\n<meta property=\"og:locale\" content=\"en_US\" \/>\n<meta property=\"og:type\" content=\"article\" \/>\n<meta property=\"og:title\" content=\"Gemeinsam Erfolgreich - Schutzdienst als eBook - Dogsport-Online.com\" \/>\n<meta property=\"og:description\" content=\"Das komplette Buch von Peter Scherk und Dr. Florian Knabl zur IGP Unterordnung (Obedience) in der eBook Variante zum Download.\" \/>\n<meta property=\"og:url\" content=\"https:\/\/dogsport-online.com\/en\/product\/gemeinsam-erfolgreich-schutzdienst-als-ebook\/\" \/>\n<meta property=\"og:site_name\" content=\"Dogsport-Online.com\" \/>\n<meta property=\"article:modified_time\" content=\"2025-09-29T06:58:22+00:00\" \/>\n<meta property=\"og:image\" content=\"https:\/\/dogsport-online.com\/wp-content\/uploads\/2025\/09\/Buch-Schutzdienst-Knabl-Scherk.jpg\" \/>\n\t<meta property=\"og:image:width\" content=\"1000\" \/>\n\t<meta property=\"og:image:height\" content=\"1000\" \/>\n\t<meta property=\"og:image:type\" content=\"image\/jpeg\" \/>\n<meta name=\"twitter:card\" content=\"summary_large_image\" \/>\n<meta name=\"twitter:label1\" content=\"Est. reading time\" \/>\n\t<meta name=\"twitter:data1\" content=\"4 minutes\" \/>\n<script type=\"application\/ld+json\" class=\"yoast-schema-graph\">{\"@context\":\"https:\/\/schema.org\",\"@graph\":[{\"@type\":\"WebPage\",\"@id\":\"https:\/\/dogsport-online.com\/produkt\/gemeinsam-erfolgreich-schutzdienst-als-ebook\/\",\"url\":\"https:\/\/dogsport-online.com\/produkt\/gemeinsam-erfolgreich-schutzdienst-als-ebook\/\",\"name\":\"Gemeinsam Erfolgreich - Schutzdienst als eBook - Dogsport-Online.com\",\"isPartOf\":{\"@id\":\"https:\/\/dogsport-online.com\/#website\"},\"primaryImageOfPage\":{\"@id\":\"https:\/\/dogsport-online.com\/produkt\/gemeinsam-erfolgreich-schutzdienst-als-ebook\/#primaryimage\"},\"image\":{\"@id\":\"https:\/\/dogsport-online.com\/produkt\/gemeinsam-erfolgreich-schutzdienst-als-ebook\/#primaryimage\"},\"thumbnailUrl\":\"https:\/\/dogsport-online.com\/wp-content\/uploads\/2025\/09\/Buch-Schutzdienst-Knabl-Scherk.jpg\",\"datePublished\":\"2025-09-23T14:12:05+00:00\",\"dateModified\":\"2025-09-29T06:58:22+00:00\",\"description\":\"Das komplette Buch von Peter Scherk und Dr. Florian Knabl zur IGP Unterordnung (Obedience) in der eBook Variante zum Download.\",\"breadcrumb\":{\"@id\":\"https:\/\/dogsport-online.com\/produkt\/gemeinsam-erfolgreich-schutzdienst-als-ebook\/#breadcrumb\"},\"inLanguage\":\"en-US\",\"potentialAction\":[{\"@type\":\"ReadAction\",\"target\":[\"https:\/\/dogsport-online.com\/produkt\/gemeinsam-erfolgreich-schutzdienst-als-ebook\/\"]}]},{\"@type\":\"ImageObject\",\"inLanguage\":\"en-US\",\"@id\":\"https:\/\/dogsport-online.com\/produkt\/gemeinsam-erfolgreich-schutzdienst-als-ebook\/#primaryimage\",\"url\":\"https:\/\/dogsport-online.com\/wp-content\/uploads\/2025\/09\/Buch-Schutzdienst-Knabl-Scherk.jpg\",\"contentUrl\":\"https:\/\/dogsport-online.com\/wp-content\/uploads\/2025\/09\/Buch-Schutzdienst-Knabl-Scherk.jpg\",\"width\":1000,\"height\":1000},{\"@type\":\"BreadcrumbList\",\"@id\":\"https:\/\/dogsport-online.com\/produkt\/gemeinsam-erfolgreich-schutzdienst-als-ebook\/#breadcrumb\",\"itemListElement\":[{\"@type\":\"ListItem\",\"position\":1,\"name\":\"Startseite\",\"item\":\"https:\/\/dogsport-online.com\/\"},{\"@type\":\"ListItem\",\"position\":2,\"name\":\"Produkte\",\"item\":\"https:\/\/dogsport-online.com\/shop\/\"},{\"@type\":\"ListItem\",\"position\":3,\"name\":\"Gemeinsam Erfolgreich &#8211; Schutzdienst als eBook\"}]},{\"@type\":\"WebSite\",\"@id\":\"https:\/\/dogsport-online.com\/#website\",\"url\":\"https:\/\/dogsport-online.com\/\",\"name\":\"Dogsport-Online.com\",\"description\":\"Training Videos and much more\",\"publisher\":{\"@id\":\"https:\/\/dogsport-online.com\/#organization\"},\"potentialAction\":[{\"@type\":\"SearchAction\",\"target\":{\"@type\":\"EntryPoint\",\"urlTemplate\":\"https:\/\/dogsport-online.com\/?s={search_term_string}\"},\"query-input\":{\"@type\":\"PropertyValueSpecification\",\"valueRequired\":true,\"valueName\":\"search_term_string\"}}],\"inLanguage\":\"en-US\"},{\"@type\":\"Organization\",\"@id\":\"https:\/\/dogsport-online.com\/#organization\",\"name\":\"Dogsport-Online.com\",\"url\":\"https:\/\/dogsport-online.com\/\",\"logo\":{\"@type\":\"ImageObject\",\"inLanguage\":\"en-US\",\"@id\":\"https:\/\/dogsport-online.com\/#\/schema\/logo\/image\/\",\"url\":\"https:\/\/dogsport-online.com\/wp-content\/uploads\/2021\/08\/Logo-DS-facebook-1.png\",\"contentUrl\":\"https:\/\/dogsport-online.com\/wp-content\/uploads\/2021\/08\/Logo-DS-facebook-1.png\",\"width\":1200,\"height\":630,\"caption\":\"Dogsport-Online.com\"},\"image\":{\"@id\":\"https:\/\/dogsport-online.com\/#\/schema\/logo\/image\/\"}}]}<\/script>\n<!-- \/ Yoast SEO plugin. -->","yoast_head_json":{"title":"Gemeinsam Erfolgreich - Schutzdienst als eBook - Dogsport-Online.com","description":"Das komplette Buch von Peter Scherk und Dr. Florian Knabl zur IGP Unterordnung (Obedience) in der eBook Variante zum Download.","robots":{"index":"index","follow":"follow","max-snippet":"max-snippet:-1","max-image-preview":"max-image-preview:large","max-video-preview":"max-video-preview:-1"},"canonical":"https:\/\/dogsport-online.com\/en\/product\/gemeinsam-erfolgreich-schutzdienst-als-ebook\/","og_locale":"en_US","og_type":"article","og_title":"Gemeinsam Erfolgreich - Schutzdienst als eBook - Dogsport-Online.com","og_description":"Das komplette Buch von Peter Scherk und Dr. Florian Knabl zur IGP Unterordnung (Obedience) in der eBook Variante zum Download.","og_url":"https:\/\/dogsport-online.com\/en\/product\/gemeinsam-erfolgreich-schutzdienst-als-ebook\/","og_site_name":"Dogsport-Online.com","article_modified_time":"2025-09-29T06:58:22+00:00","og_image":[{"width":1000,"height":1000,"url":"https:\/\/dogsport-online.com\/wp-content\/uploads\/2025\/09\/Buch-Schutzdienst-Knabl-Scherk.jpg","type":"image\/jpeg"}],"twitter_card":"summary_large_image","twitter_misc":{"Est. reading time":"4 minutes"},"schema":{"@context":"https:\/\/schema.org","@graph":[{"@type":"WebPage","@id":"https:\/\/dogsport-online.com\/produkt\/gemeinsam-erfolgreich-schutzdienst-als-ebook\/","url":"https:\/\/dogsport-online.com\/produkt\/gemeinsam-erfolgreich-schutzdienst-als-ebook\/","name":"Gemeinsam Erfolgreich - Schutzdienst als eBook - Dogsport-Online.com","isPartOf":{"@id":"https:\/\/dogsport-online.com\/#website"},"primaryImageOfPage":{"@id":"https:\/\/dogsport-online.com\/produkt\/gemeinsam-erfolgreich-schutzdienst-als-ebook\/#primaryimage"},"image":{"@id":"https:\/\/dogsport-online.com\/produkt\/gemeinsam-erfolgreich-schutzdienst-als-ebook\/#primaryimage"},"thumbnailUrl":"https:\/\/dogsport-online.com\/wp-content\/uploads\/2025\/09\/Buch-Schutzdienst-Knabl-Scherk.jpg","datePublished":"2025-09-23T14:12:05+00:00","dateModified":"2025-09-29T06:58:22+00:00","description":"Das komplette Buch von Peter Scherk und Dr. Florian Knabl zur IGP Unterordnung (Obedience) in der eBook Variante zum Download.","breadcrumb":{"@id":"https:\/\/dogsport-online.com\/produkt\/gemeinsam-erfolgreich-schutzdienst-als-ebook\/#breadcrumb"},"inLanguage":"en-US","potentialAction":[{"@type":"ReadAction","target":["https:\/\/dogsport-online.com\/produkt\/gemeinsam-erfolgreich-schutzdienst-als-ebook\/"]}]},{"@type":"ImageObject","inLanguage":"en-US","@id":"https:\/\/dogsport-online.com\/produkt\/gemeinsam-erfolgreich-schutzdienst-als-ebook\/#primaryimage","url":"https:\/\/dogsport-online.com\/wp-content\/uploads\/2025\/09\/Buch-Schutzdienst-Knabl-Scherk.jpg","contentUrl":"https:\/\/dogsport-online.com\/wp-content\/uploads\/2025\/09\/Buch-Schutzdienst-Knabl-Scherk.jpg","width":1000,"height":1000},{"@type":"BreadcrumbList","@id":"https:\/\/dogsport-online.com\/produkt\/gemeinsam-erfolgreich-schutzdienst-als-ebook\/#breadcrumb","itemListElement":[{"@type":"ListItem","position":1,"name":"Startseite","item":"https:\/\/dogsport-online.com\/"},{"@type":"ListItem","position":2,"name":"Produkte","item":"https:\/\/dogsport-online.com\/shop\/"},{"@type":"ListItem","position":3,"name":"Gemeinsam Erfolgreich &#8211; Schutzdienst als eBook"}]},{"@type":"WebSite","@id":"https:\/\/dogsport-online.com\/#website","url":"https:\/\/dogsport-online.com\/","name":"Dogsport-Online.com","description":"Training Videos and much more","publisher":{"@id":"https:\/\/dogsport-online.com\/#organization"},"potentialAction":[{"@type":"SearchAction","target":{"@type":"EntryPoint","urlTemplate":"https:\/\/dogsport-online.com\/?s={search_term_string}"},"query-input":{"@type":"PropertyValueSpecification","valueRequired":true,"valueName":"search_term_string"}}],"inLanguage":"en-US"},{"@type":"Organization","@id":"https:\/\/dogsport-online.com\/#organization","name":"Dogsport-Online.com","url":"https:\/\/dogsport-online.com\/","logo":{"@type":"ImageObject","inLanguage":"en-US","@id":"https:\/\/dogsport-online.com\/#\/schema\/logo\/image\/","url":"https:\/\/dogsport-online.com\/wp-content\/uploads\/2021\/08\/Logo-DS-facebook-1.png","contentUrl":"https:\/\/dogsport-online.com\/wp-content\/uploads\/2021\/08\/Logo-DS-facebook-1.png","width":1200,"height":630,"caption":"Dogsport-Online.com"},"image":{"@id":"https:\/\/dogsport-online.com\/#\/schema\/logo\/image\/"}}]}},"_links":{"self":[{"href":"https:\/\/dogsport-online.com\/en\/wp-json\/wp\/v2\/product\/13121","targetHints":{"allow":["GET"]}}],"collection":[{"href":"https:\/\/dogsport-online.com\/en\/wp-json\/wp\/v2\/product"}],"about":[{"href":"https:\/\/dogsport-online.com\/en\/wp-json\/wp\/v2\/types\/product"}],"replies":[{"embeddable":true,"href":"https:\/\/dogsport-online.com\/en\/wp-json\/wp\/v2\/comments?post=13121"}],"version-history":[{"count":1,"href":"https:\/\/dogsport-online.com\/en\/wp-json\/wp\/v2\/product\/13121\/revisions"}],"predecessor-version":[{"id":13132,"href":"https:\/\/dogsport-online.com\/en\/wp-json\/wp\/v2\/product\/13121\/revisions\/13132"}],"wp:featuredmedia":[{"embeddable":true,"href":"https:\/\/dogsport-online.com\/en\/wp-json\/wp\/v2\/media\/13127"}],"wp:attachment":[{"href":"https:\/\/dogsport-online.com\/en\/wp-json\/wp\/v2\/media?parent=13121"}],"wp:term":[{"taxonomy":"product_brand","embeddable":true,"href":"https:\/\/dogsport-online.com\/en\/wp-json\/wp\/v2\/product_brand?post=13121"},{"taxonomy":"product_cat","embeddable":true,"href":"https:\/\/dogsport-online.com\/en\/wp-json\/wp\/v2\/product_cat?post=13121"},{"taxonomy":"product_tag","embeddable":true,"href":"https:\/\/dogsport-online.com\/en\/wp-json\/wp\/v2\/product_tag?post=13121"},{"taxonomy":"giftcard-category","embeddable":true,"href":"https:\/\/dogsport-online.com\/en\/wp-json\/wp\/v2\/giftcard-category?post=13121"}],"curies":[{"name":"wp","href":"https:\/\/api.w.org\/{rel}","templated":true}]}}