{"id":12573,"date":"2025-09-18T16:07:29","date_gmt":"2025-09-18T14:07:29","guid":{"rendered":"https:\/\/dogsport-online.com\/?post_type=product&#038;p=12573"},"modified":"2025-09-29T08:58:55","modified_gmt":"2025-09-29T06:58:55","slug":"gemeinsam-erfolgreich-unterordnung-als-ebook","status":"publish","type":"product","link":"https:\/\/dogsport-online.com\/en\/product\/gemeinsam-erfolgreich-unterordnung-als-ebook\/","title":{"rendered":"Gemeinsam Erfolgreich &#8211; Unterordnung als eBook"},"content":{"rendered":"<h1>Gemeinsam Erfolgreich \u2013 Der Weg Zur Meisterhaften Unterordnung<\/h1>\n<p><strong>7. (\u00fcberarbeitete) Auflage<\/strong><\/p>\n<p><strong>Peter Scherk und<\/strong>\u00a0<strong>Dr. Florian Knabl<\/strong>\u00a0sind seit vielen Jahren klangvolle Namen im IGP-Hundesport. Ein halbes Leben haben sie mit ihren Hunden auf Hundepl\u00e4tzen und bei Pr\u00fcfungen verbracht. Ein halbes Leben haben sie get\u00fcftelt und verbessert, Problemen nachgesp\u00fcrt und L\u00f6sungen gefunden.<\/p>\n<p>Der Lohn: 5 x Einzel-Weltmeister, 14 x \u00a0Mannschaftsweltmeister und mehr als 20 fache Teilnahme an Weltmeisterschaften. Hinzu kommen viele weitere Platzierungen auf dem Treppchen, sowie unz\u00e4hlige Titel bei nationalen und internationalen Wettk\u00e4mpfen f\u00fcr die beiden und das gesamte Team Heuwinkl.<\/p>\n<p><em>\u201cGemeinsam erfolgreich \u2013 Der Weg zur meisterhaften Unterordnung\u201d<\/em>\u00a0, das komplette Handbuch zur IGP-Unterordnung, Schritt f\u00fcr Schritt in Wort und Bild von wirklichen Meistern ihres Fachs!<\/p>\n<p>&nbsp;<\/p>\n<h2>Hinweis:<\/h2>\n<p>Sobald die Zahlung verifiziert ist schalten wir den Download automatisch frei. Du findest das Dokument dann unter dem Menu-Punkte: <strong>Mein Konto -&gt; Downloads<\/strong>.<\/p>\n<p>&nbsp;<\/p>\n<h2>Text auf Buchr\u00fccken:<\/h2>\n<p>Mehr als 25 Jahre Erfahrung im IPO-Sport. Mehr als 25 Jahre stilbildend in der Gestaltung und Weiterentwicklung des IPO-Sports. Mehr als 25 Jahre auf allen Siegerpodesten der Welt. Weltweit hat kein Hundesportverein jemals mehr Titel gesammelt. Daf\u00fcr steht ein Name: Heuwinkl.<\/p>\n<p>In der oberbayerischen Gemeinde Iffeldorf, s\u00fcdlich des Starnberger Sees, t\u00fcftelt man mit gro\u00dfem Hunde- und Sachverstand unentwegt daran, den Hundesport weiter zu entwickeln und zur Perfektion zu f\u00fchren.<\/p>\n<p>Vordenker und Antreiber der Heuwinkler sind Peter Scherk und Dr. Florian Knabl. Hinter diesen erfolgreichen M\u00e4nnern steht, wie meist, eine kluge Frau: Connie Scherk, die der Pr\u00e4zision und Leidenschaft Herz und W\u00e4rme verleiht.<\/p>\n<p>Peter Scherk und Dr. Florian Knabl vermitteln uns in ihrem Buch detailliert ihren Aufbau aller \u00dcbungen der IPO-Unterordnung. In Wort und Bild und Schritt f\u00fcr Schritt zeigen sie uns den Weg vom Welpen zum meisterlichen Pr\u00fcfungsteilnehmer, immer die entscheidenden Erfolgsgaranten im Blick: Spa\u00df und Spannung, Motivation und Fairness, Flei\u00df und Geduld, Pr\u00e4zision, Plan und Kontrolle.<\/p>\n<p>Und wen es so gar nicht in den Hundesports zieht, wer mit seinem Liebling nur ein sicheres SITZ oder schnelles PLATZ erarbeiten m\u00f6chte, der profitiert gleicherma\u00dfen von den Erfahrungen der Autoren weil er sicher lernt, wie Hund und Mensch harmonisch und gemeinsam zum Erfolg kommen. Der Lohn daf\u00fcr ist kein Meistertitel, aber die unverbr\u00fcchliche Bindung zwischen Hund und Mensch, Spa\u00df an der gemeinsamen Arbeit, stetig wachsendes gegenseitiges Vertrauen und Stolz auf den gemeinsamen Erfolg in vielen kleinen Schritten.<\/p>\n<p>&nbsp;<\/p>\n<h2><strong>Details zum Buch:<\/strong><\/h2>\n<ul>\n<li>Thema: IGP Unterordnung<\/li>\n<li>Schritt f\u00fcr Schritt Anleitung f\u00fcr jede \u00dcbung<\/li>\n<li>Erkl\u00e4rungen vom Welpenalter bis zur Pr\u00fcfungsreife<\/li>\n<li>Illustriert mit vielen Bildern<\/li>\n<li>Umfang 491Seiten<\/li>\n<li>eBook als PDF zum Download<\/li>\n<\/ul>\n<h2>Lizenz- und Nutzungshinweis<\/h2>\n<p>Lizenziert <strong>nur f\u00fcr den K\u00e4ufer!<\/strong> Dieses E-Book ist urheberrechtlich gesch\u00fctzt. Es wurde ausschlie\u00dflich f\u00fcr den privaten Gebrauch durch den namentlich genannten Lizenznehmer erworben und personalisiert. Zur Identifikation dient der Name bzw. die Bestellnummer. Der Name des Lizenznehmers wurde als Wasserzeichen auf allen Seiten integriert. Die Lizenz ist nicht \u00fcbertragbar. Jegliche Weitergabe, Vervielf\u00e4ltigung, Verbreitung, \u00f6ffentliche Zug\u00e4nglichmachung oder kommerzielle Nutzung \u2013 sei es in digitaler oder gedruckter Form, vollst\u00e4ndig oder auszugsweise \u2013 ist nicht gestattet, sofern hierf\u00fcr keine ausdr\u00fcckliche schriftliche Genehmigung des Rechteinhabers vorliegt. Zuwiderhandlungen k\u00f6nnen zivil- und strafrechtlich verfolgt werden. Der Einsatz technischer Ma\u00dfnahmen zur R\u00fcckverfolgung und Identifikation der Lizenzdatei bleibt vorbehalten. Mit dem Erwerb und Download dieses E-Books erkl\u00e4rt sich der K\u00e4ufer mit den geltenden Lizenz- und Nutzungsbedingungen einverstanden. Die vollst\u00e4ndigen Allgemeinen Gesch\u00e4ftsbe<\/p>\n<p>&nbsp;<\/p>","protected":false},"excerpt":{"rendered":"<p>Das Buch zur IGP Unterordnung in der eBook Variante<\/p>","protected":false},"featured_media":13131,"comment_status":"open","ping_status":"closed","template":"","meta":{"site-sidebar-layout":"default","site-content-layout":"","ast-site-content-layout":"default","site-content-style":"default","site-sidebar-style":"default","ast-global-header-display":"","ast-banner-title-visibility":"","ast-main-header-display":"","ast-hfb-above-header-display":"","ast-hfb-below-header-display":"","ast-hfb-mobile-header-display":"","site-post-title":"","ast-breadcrumbs-content":"","ast-featured-img":"","footer-sml-layout":"","theme-transparent-header-meta":"default","adv-header-id-meta":"","stick-header-meta":"","header-above-stick-meta":"","header-main-stick-meta":"","header-below-stick-meta":"","astra-migrate-meta-layouts":"set","ast-page-background-enabled":"default","ast-page-background-meta":{"desktop":{"background-color":"","background-image":"","background-repeat":"repeat","background-position":"center center","background-size":"auto","background-attachment":"scroll","background-type":"","background-media":"","overlay-type":"","overlay-color":"","overlay-gradient":""},"tablet":{"background-color":"","background-image":"","background-repeat":"repeat","background-position":"center center","background-size":"auto","background-attachment":"scroll","background-type":"","background-media":"","overlay-type":"","overlay-color":"","overlay-gradient":""},"mobile":{"background-color":"","background-image":"","background-repeat":"repeat","background-position":"center center","background-size":"auto","background-attachment":"scroll","background-type":"","background-media":"","overlay-type":"","overlay-color":"","overlay-gradient":""}},"ast-content-background-meta":{"desktop":{"background-color":"var(--ast-global-color-5)","background-image":"","background-repeat":"repeat","background-position":"center center","background-size":"auto","background-attachment":"scroll","background-type":"","background-media":"","overlay-type":"","overlay-color":"","overlay-gradient":""},"tablet":{"background-color":"var(--ast-global-color-5)","background-image":"","background-repeat":"repeat","background-position":"center center","background-size":"auto","background-attachment":"scroll","background-type":"","background-media":"","overlay-type":"","overlay-color":"","overlay-gradient":""},"mobile":{"background-color":"var(--ast-global-color-5)","background-image":"","background-repeat":"repeat","background-position":"center center","background-size":"auto","background-attachment":"scroll","background-type":"","background-media":"","overlay-type":"","overlay-color":"","overlay-gradient":""}}},"product_brand":[],"product_cat":[542],"product_tag":[538,539,540,541],"giftcard-category":[],"class_list":{"0":"post-12573","1":"product","2":"type-product","3":"status-publish","4":"has-post-thumbnail","6":"product_cat-ebook","7":"product_tag-ebook","8":"product_tag-epaper","9":"product_tag-buch","10":"product_tag-book","11":"desktop-align-left","12":"tablet-align-left","13":"mobile-align-left","15":"first","16":"instock","17":"downloadable","18":"virtual","19":"taxable","20":"purchasable","21":"product-type-simple"},"yoast_head":"<!-- This site is optimized with the Yoast SEO plugin v26.0 - https:\/\/yoast.com\/wordpress\/plugins\/seo\/ -->\n<title>Gemeinsam Erfolgreich - Unterordnung als eBook - Dogsport-Online.com<\/title>\n<meta name=\"description\" content=\"Das komplette Buch von Peter Scherk und Dr. Florian Knabl zur IGP Unterordnung (Obedience) in der eBook Variante zum Download.\" \/>\n<meta name=\"robots\" content=\"index, follow, max-snippet:-1, max-image-preview:large, max-video-preview:-1\" \/>\n<link rel=\"canonical\" href=\"https:\/\/dogsport-online.com\/en\/product\/gemeinsam-erfolgreich-unterordnung-als-ebook\/\" \/>\n<meta property=\"og:locale\" content=\"en_US\" \/>\n<meta property=\"og:type\" content=\"article\" \/>\n<meta property=\"og:title\" content=\"Gemeinsam Erfolgreich - Unterordnung als eBook - Dogsport-Online.com\" \/>\n<meta property=\"og:description\" content=\"Das komplette Buch von Peter Scherk und Dr. Florian Knabl zur IGP Unterordnung (Obedience) in der eBook Variante zum Download.\" \/>\n<meta property=\"og:url\" content=\"https:\/\/dogsport-online.com\/en\/product\/gemeinsam-erfolgreich-unterordnung-als-ebook\/\" \/>\n<meta property=\"og:site_name\" content=\"Dogsport-Online.com\" \/>\n<meta property=\"article:modified_time\" content=\"2025-09-29T06:58:55+00:00\" \/>\n<meta property=\"og:image\" content=\"https:\/\/dogsport-online.com\/wp-content\/uploads\/2025\/09\/Book-Cover-frei.jpg\" \/>\n\t<meta property=\"og:image:width\" content=\"999\" \/>\n\t<meta property=\"og:image:height\" content=\"1000\" \/>\n\t<meta property=\"og:image:type\" content=\"image\/jpeg\" \/>\n<meta name=\"twitter:card\" content=\"summary_large_image\" \/>\n<meta name=\"twitter:label1\" content=\"Est. reading time\" \/>\n\t<meta name=\"twitter:data1\" content=\"4 minutes\" \/>\n<script type=\"application\/ld+json\" class=\"yoast-schema-graph\">{\"@context\":\"https:\/\/schema.org\",\"@graph\":[{\"@type\":\"WebPage\",\"@id\":\"https:\/\/dogsport-online.com\/produkt\/gemeinsam-erfolgreich-unterordnung-als-ebook\/\",\"url\":\"https:\/\/dogsport-online.com\/produkt\/gemeinsam-erfolgreich-unterordnung-als-ebook\/\",\"name\":\"Gemeinsam Erfolgreich - Unterordnung als eBook - Dogsport-Online.com\",\"isPartOf\":{\"@id\":\"https:\/\/dogsport-online.com\/#website\"},\"primaryImageOfPage\":{\"@id\":\"https:\/\/dogsport-online.com\/produkt\/gemeinsam-erfolgreich-unterordnung-als-ebook\/#primaryimage\"},\"image\":{\"@id\":\"https:\/\/dogsport-online.com\/produkt\/gemeinsam-erfolgreich-unterordnung-als-ebook\/#primaryimage\"},\"thumbnailUrl\":\"https:\/\/dogsport-online.com\/wp-content\/uploads\/2025\/09\/Book-Cover-frei.jpg\",\"datePublished\":\"2025-09-18T14:07:29+00:00\",\"dateModified\":\"2025-09-29T06:58:55+00:00\",\"description\":\"Das komplette Buch von Peter Scherk und Dr. Florian Knabl zur IGP Unterordnung (Obedience) in der eBook Variante zum Download.\",\"breadcrumb\":{\"@id\":\"https:\/\/dogsport-online.com\/produkt\/gemeinsam-erfolgreich-unterordnung-als-ebook\/#breadcrumb\"},\"inLanguage\":\"en-US\",\"potentialAction\":[{\"@type\":\"ReadAction\",\"target\":[\"https:\/\/dogsport-online.com\/produkt\/gemeinsam-erfolgreich-unterordnung-als-ebook\/\"]}]},{\"@type\":\"ImageObject\",\"inLanguage\":\"en-US\",\"@id\":\"https:\/\/dogsport-online.com\/produkt\/gemeinsam-erfolgreich-unterordnung-als-ebook\/#primaryimage\",\"url\":\"https:\/\/dogsport-online.com\/wp-content\/uploads\/2025\/09\/Book-Cover-frei.jpg\",\"contentUrl\":\"https:\/\/dogsport-online.com\/wp-content\/uploads\/2025\/09\/Book-Cover-frei.jpg\",\"width\":999,\"height\":1000},{\"@type\":\"BreadcrumbList\",\"@id\":\"https:\/\/dogsport-online.com\/produkt\/gemeinsam-erfolgreich-unterordnung-als-ebook\/#breadcrumb\",\"itemListElement\":[{\"@type\":\"ListItem\",\"position\":1,\"name\":\"Startseite\",\"item\":\"https:\/\/dogsport-online.com\/\"},{\"@type\":\"ListItem\",\"position\":2,\"name\":\"Produkte\",\"item\":\"https:\/\/dogsport-online.com\/shop\/\"},{\"@type\":\"ListItem\",\"position\":3,\"name\":\"Gemeinsam Erfolgreich &#8211; Unterordnung als eBook\"}]},{\"@type\":\"WebSite\",\"@id\":\"https:\/\/dogsport-online.com\/#website\",\"url\":\"https:\/\/dogsport-online.com\/\",\"name\":\"Dogsport-Online.com\",\"description\":\"Training Videos and much more\",\"publisher\":{\"@id\":\"https:\/\/dogsport-online.com\/#organization\"},\"potentialAction\":[{\"@type\":\"SearchAction\",\"target\":{\"@type\":\"EntryPoint\",\"urlTemplate\":\"https:\/\/dogsport-online.com\/?s={search_term_string}\"},\"query-input\":{\"@type\":\"PropertyValueSpecification\",\"valueRequired\":true,\"valueName\":\"search_term_string\"}}],\"inLanguage\":\"en-US\"},{\"@type\":\"Organization\",\"@id\":\"https:\/\/dogsport-online.com\/#organization\",\"name\":\"Dogsport-Online.com\",\"url\":\"https:\/\/dogsport-online.com\/\",\"logo\":{\"@type\":\"ImageObject\",\"inLanguage\":\"en-US\",\"@id\":\"https:\/\/dogsport-online.com\/#\/schema\/logo\/image\/\",\"url\":\"https:\/\/dogsport-online.com\/wp-content\/uploads\/2021\/08\/Logo-DS-facebook-1.png\",\"contentUrl\":\"https:\/\/dogsport-online.com\/wp-content\/uploads\/2021\/08\/Logo-DS-facebook-1.png\",\"width\":1200,\"height\":630,\"caption\":\"Dogsport-Online.com\"},\"image\":{\"@id\":\"https:\/\/dogsport-online.com\/#\/schema\/logo\/image\/\"}}]}<\/script>\n<!-- \/ Yoast SEO plugin. -->","yoast_head_json":{"title":"Gemeinsam Erfolgreich - Unterordnung als eBook - Dogsport-Online.com","description":"Das komplette Buch von Peter Scherk und Dr. Florian Knabl zur IGP Unterordnung (Obedience) in der eBook Variante zum Download.","robots":{"index":"index","follow":"follow","max-snippet":"max-snippet:-1","max-image-preview":"max-image-preview:large","max-video-preview":"max-video-preview:-1"},"canonical":"https:\/\/dogsport-online.com\/en\/product\/gemeinsam-erfolgreich-unterordnung-als-ebook\/","og_locale":"en_US","og_type":"article","og_title":"Gemeinsam Erfolgreich - Unterordnung als eBook - Dogsport-Online.com","og_description":"Das komplette Buch von Peter Scherk und Dr. Florian Knabl zur IGP Unterordnung (Obedience) in der eBook Variante zum Download.","og_url":"https:\/\/dogsport-online.com\/en\/product\/gemeinsam-erfolgreich-unterordnung-als-ebook\/","og_site_name":"Dogsport-Online.com","article_modified_time":"2025-09-29T06:58:55+00:00","og_image":[{"width":999,"height":1000,"url":"https:\/\/dogsport-online.com\/wp-content\/uploads\/2025\/09\/Book-Cover-frei.jpg","type":"image\/jpeg"}],"twitter_card":"summary_large_image","twitter_misc":{"Est. reading time":"4 minutes"},"schema":{"@context":"https:\/\/schema.org","@graph":[{"@type":"WebPage","@id":"https:\/\/dogsport-online.com\/produkt\/gemeinsam-erfolgreich-unterordnung-als-ebook\/","url":"https:\/\/dogsport-online.com\/produkt\/gemeinsam-erfolgreich-unterordnung-als-ebook\/","name":"Gemeinsam Erfolgreich - Unterordnung als eBook - Dogsport-Online.com","isPartOf":{"@id":"https:\/\/dogsport-online.com\/#website"},"primaryImageOfPage":{"@id":"https:\/\/dogsport-online.com\/produkt\/gemeinsam-erfolgreich-unterordnung-als-ebook\/#primaryimage"},"image":{"@id":"https:\/\/dogsport-online.com\/produkt\/gemeinsam-erfolgreich-unterordnung-als-ebook\/#primaryimage"},"thumbnailUrl":"https:\/\/dogsport-online.com\/wp-content\/uploads\/2025\/09\/Book-Cover-frei.jpg","datePublished":"2025-09-18T14:07:29+00:00","dateModified":"2025-09-29T06:58:55+00:00","description":"Das komplette Buch von Peter Scherk und Dr. Florian Knabl zur IGP Unterordnung (Obedience) in der eBook Variante zum Download.","breadcrumb":{"@id":"https:\/\/dogsport-online.com\/produkt\/gemeinsam-erfolgreich-unterordnung-als-ebook\/#breadcrumb"},"inLanguage":"en-US","potentialAction":[{"@type":"ReadAction","target":["https:\/\/dogsport-online.com\/produkt\/gemeinsam-erfolgreich-unterordnung-als-ebook\/"]}]},{"@type":"ImageObject","inLanguage":"en-US","@id":"https:\/\/dogsport-online.com\/produkt\/gemeinsam-erfolgreich-unterordnung-als-ebook\/#primaryimage","url":"https:\/\/dogsport-online.com\/wp-content\/uploads\/2025\/09\/Book-Cover-frei.jpg","contentUrl":"https:\/\/dogsport-online.com\/wp-content\/uploads\/2025\/09\/Book-Cover-frei.jpg","width":999,"height":1000},{"@type":"BreadcrumbList","@id":"https:\/\/dogsport-online.com\/produkt\/gemeinsam-erfolgreich-unterordnung-als-ebook\/#breadcrumb","itemListElement":[{"@type":"ListItem","position":1,"name":"Startseite","item":"https:\/\/dogsport-online.com\/"},{"@type":"ListItem","position":2,"name":"Produkte","item":"https:\/\/dogsport-online.com\/shop\/"},{"@type":"ListItem","position":3,"name":"Gemeinsam Erfolgreich &#8211; Unterordnung als eBook"}]},{"@type":"WebSite","@id":"https:\/\/dogsport-online.com\/#website","url":"https:\/\/dogsport-online.com\/","name":"Dogsport-Online.com","description":"Training Videos and much more","publisher":{"@id":"https:\/\/dogsport-online.com\/#organization"},"potentialAction":[{"@type":"SearchAction","target":{"@type":"EntryPoint","urlTemplate":"https:\/\/dogsport-online.com\/?s={search_term_string}"},"query-input":{"@type":"PropertyValueSpecification","valueRequired":true,"valueName":"search_term_string"}}],"inLanguage":"en-US"},{"@type":"Organization","@id":"https:\/\/dogsport-online.com\/#organization","name":"Dogsport-Online.com","url":"https:\/\/dogsport-online.com\/","logo":{"@type":"ImageObject","inLanguage":"en-US","@id":"https:\/\/dogsport-online.com\/#\/schema\/logo\/image\/","url":"https:\/\/dogsport-online.com\/wp-content\/uploads\/2021\/08\/Logo-DS-facebook-1.png","contentUrl":"https:\/\/dogsport-online.com\/wp-content\/uploads\/2021\/08\/Logo-DS-facebook-1.png","width":1200,"height":630,"caption":"Dogsport-Online.com"},"image":{"@id":"https:\/\/dogsport-online.com\/#\/schema\/logo\/image\/"}}]}},"_links":{"self":[{"href":"https:\/\/dogsport-online.com\/en\/wp-json\/wp\/v2\/product\/12573","targetHints":{"allow":["GET"]}}],"collection":[{"href":"https:\/\/dogsport-online.com\/en\/wp-json\/wp\/v2\/product"}],"about":[{"href":"https:\/\/dogsport-online.com\/en\/wp-json\/wp\/v2\/types\/product"}],"replies":[{"embeddable":true,"href":"https:\/\/dogsport-online.com\/en\/wp-json\/wp\/v2\/comments?post=12573"}],"version-history":[{"count":9,"href":"https:\/\/dogsport-online.com\/en\/wp-json\/wp\/v2\/product\/12573\/revisions"}],"predecessor-version":[{"id":13168,"href":"https:\/\/dogsport-online.com\/en\/wp-json\/wp\/v2\/product\/12573\/revisions\/13168"}],"wp:featuredmedia":[{"embeddable":true,"href":"https:\/\/dogsport-online.com\/en\/wp-json\/wp\/v2\/media\/13131"}],"wp:attachment":[{"href":"https:\/\/dogsport-online.com\/en\/wp-json\/wp\/v2\/media?parent=12573"}],"wp:term":[{"taxonomy":"product_brand","embeddable":true,"href":"https:\/\/dogsport-online.com\/en\/wp-json\/wp\/v2\/product_brand?post=12573"},{"taxonomy":"product_cat","embeddable":true,"href":"https:\/\/dogsport-online.com\/en\/wp-json\/wp\/v2\/product_cat?post=12573"},{"taxonomy":"product_tag","embeddable":true,"href":"https:\/\/dogsport-online.com\/en\/wp-json\/wp\/v2\/product_tag?post=12573"},{"taxonomy":"giftcard-category","embeddable":true,"href":"https:\/\/dogsport-online.com\/en\/wp-json\/wp\/v2\/giftcard-category?post=12573"}],"curies":[{"name":"wp","href":"https:\/\/api.w.org\/{rel}","templated":true}]}}