{"id":1168,"date":"2021-08-01T14:23:23","date_gmt":"2021-08-01T12:23:23","guid":{"rendered":"https:\/\/dogsport-online.com\/?post_type=product&#038;p=1168"},"modified":"2024-11-30T16:08:28","modified_gmt":"2024-11-30T15:08:28","slug":"fusslaufen-mit-blickkontakt","status":"publish","type":"product","link":"https:\/\/dogsport-online.com\/en\/product\/fusslaufen-mit-blickkontakt\/","title":{"rendered":"Heeling with eye contact"},"content":{"rendered":"<p><strong>Video details:<\/strong><\/p>\n<ul>\n<li>Two preparatory exercises, heeling at the hand and \u201clook\u201d are put together<\/li>\n<li>Pointing out several options<\/li>\n<li>Set off from basic position with the command \u201clook\u201d<\/li>\n<li>With assistance the dog stays in a good position<\/li>\n<li>While heeling at the hand the look exercise is added as an intermediate exercise<\/li>\n<li>We make eye contact with the dog using the barking exercise as a help<\/li>\n<li>Video examples and explanations to the individual points alternating<\/li>\n<li>Length 06:12 minutes<\/li>\n<\/ul>\n<p><strong>Preparatory videos: \u00a0\u00a0<\/strong><\/p>\n<ul>\n<li><a href=\"https:\/\/dogsport-online.com\/en\/product\/fusslaufen-an-der-hand\/\">Heeling on the hand<\/a><\/li>\n<li><a href=\"https:\/\/dogsport-online.com\/en\/product\/fusslaufen-von-der-hand-ins-gesicht-schau\/\">Heeling, from the hand to the face (look)<\/a><\/li>\n<\/ul>\n<p><strong>Link to video (unlock after payment)<br \/>\n<\/strong><\/p>\n<ul>\n<li><a href=\"https:\/\/dogsport-online.com\/en\/courses\/fusslaufen-mit-blickkontakt\/\">Heeling with eye contact<\/a><\/li>\n<\/ul>","protected":false},"excerpt":{"rendered":"<p>This video describes how we take the eye contact with us in the movement, resulting in correct heeling<br \/>\n<strong>Note: After payment, the <span style=\"color: #2e8b57;\">video is unlocked for 30 days<\/span>.<br \/>\nLink to video: <span style=\"color: #2e8b57;\"><a style=\"color: #2e8b57;\" href=\"https:\/\/dogsport-online.com\/en\/courses\/fusslaufen-mit-blickkontakt\/\">Heeling with eye contact<\/a><\/span><\/strong> (unlock after payment)<\/p>","protected":false},"featured_media":1157,"comment_status":"open","ping_status":"closed","template":"","meta":{"site-sidebar-layout":"default","site-content-layout":"default","ast-site-content-layout":"default","site-content-style":"default","site-sidebar-style":"default","ast-global-header-display":"","ast-banner-title-visibility":"","ast-main-header-display":"","ast-hfb-above-header-display":"","ast-hfb-below-header-display":"","ast-hfb-mobile-header-display":"","site-post-title":"","ast-breadcrumbs-content":"","ast-featured-img":"","footer-sml-layout":"","theme-transparent-header-meta":"default","adv-header-id-meta":"","stick-header-meta":"","header-above-stick-meta":"","header-main-stick-meta":"","header-below-stick-meta":"","astra-migrate-meta-layouts":"set","ast-page-background-enabled":"default","ast-page-background-meta":{"desktop":{"background-color":"","background-image":"","background-repeat":"repeat","background-position":"center center","background-size":"auto","background-attachment":"scroll","background-type":"","background-media":"","overlay-type":"","overlay-color":"","overlay-gradient":""},"tablet":{"background-color":"","background-image":"","background-repeat":"repeat","background-position":"center center","background-size":"auto","background-attachment":"scroll","background-type":"","background-media":"","overlay-type":"","overlay-color":"","overlay-gradient":""},"mobile":{"background-color":"","background-image":"","background-repeat":"repeat","background-position":"center center","background-size":"auto","background-attachment":"scroll","background-type":"","background-media":"","overlay-type":"","overlay-color":"","overlay-gradient":""}},"ast-content-background-meta":{"desktop":{"background-color":"var(--ast-global-color-5)","background-image":"","background-repeat":"repeat","background-position":"center center","background-size":"auto","background-attachment":"scroll","background-type":"","background-media":"","overlay-type":"","overlay-color":"","overlay-gradient":""},"tablet":{"background-color":"var(--ast-global-color-5)","background-image":"","background-repeat":"repeat","background-position":"center center","background-size":"auto","background-attachment":"scroll","background-type":"","background-media":"","overlay-type":"","overlay-color":"","overlay-gradient":""},"mobile":{"background-color":"var(--ast-global-color-5)","background-image":"","background-repeat":"repeat","background-position":"center center","background-size":"auto","background-attachment":"scroll","background-type":"","background-media":"","overlay-type":"","overlay-color":"","overlay-gradient":""}}},"product_brand":[],"product_cat":[82,31],"product_tag":[141,140,37,109,41,122,139,144,123,124,145,32],"giftcard-category":[],"class_list":{"0":"post-1168","1":"product","2":"type-product","3":"status-publish","4":"has-post-thumbnail","6":"product_cat-fusslaufen","7":"product_cat-unterordnung","8":"product_tag-concentration","9":"product_tag-fixpunkt-gesicht","10":"product_tag-fusslaufen","11":"product_tag-heuwinkl","12":"product_tag-igp","13":"product_tag-junghundtraining","14":"product_tag-konzentration","15":"product_tag-look","16":"product_tag-motivation","17":"product_tag-puppy-training","18":"product_tag-schau","19":"product_tag-unterordnung","20":"desktop-align-left","21":"tablet-align-left","22":"mobile-align-left","24":"first","25":"instock","26":"virtual","27":"sold-individually","28":"taxable","29":"purchasable","30":"product-type-simple"},"yoast_head":"<!-- This site is optimized with the Yoast SEO plugin v26.0 - https:\/\/yoast.com\/wordpress\/plugins\/seo\/ -->\n<title>Fu\u00dflaufen mit Blickkontakt - Dogsport-Online.com<\/title>\n<meta name=\"robots\" content=\"index, follow, max-snippet:-1, max-image-preview:large, max-video-preview:-1\" \/>\n<link rel=\"canonical\" href=\"https:\/\/dogsport-online.com\/en\/product\/fusslaufen-mit-blickkontakt\/\" \/>\n<meta property=\"og:locale\" content=\"en_US\" \/>\n<meta property=\"og:type\" content=\"article\" \/>\n<meta property=\"og:title\" content=\"Fu\u00dflaufen mit Blickkontakt - Dogsport-Online.com\" \/>\n<meta property=\"og:description\" content=\"In diesem Video wollen wir Euch zeigen, wie wir den Blickkontakt mit in die Bewegung nehmen, soda\u00df es ein \u201erichtiges\u201c Fu\u00dflaufen wird. Hinweis: Nach Bezahlung ist das Video f\u00fcr 30 Tage freigeschaltet. Link zum Video: Fu\u00dflaufen mit Blickkontakt (Freischaltung nach Bezahlung)\" \/>\n<meta property=\"og:url\" content=\"https:\/\/dogsport-online.com\/en\/product\/fusslaufen-mit-blickkontakt\/\" \/>\n<meta property=\"og:site_name\" content=\"Dogsport-Online.com\" \/>\n<meta property=\"article:modified_time\" content=\"2024-11-30T15:08:28+00:00\" \/>\n<meta property=\"og:image\" content=\"https:\/\/dogsport-online.com\/wp-content\/uploads\/2021\/08\/13-Fusslaufen-im-Blickkontakt.jpg\" \/>\n\t<meta property=\"og:image:width\" content=\"500\" \/>\n\t<meta property=\"og:image:height\" content=\"281\" \/>\n\t<meta property=\"og:image:type\" content=\"image\/jpeg\" \/>\n<meta name=\"twitter:card\" content=\"summary_large_image\" \/>\n<meta name=\"twitter:label1\" content=\"Est. reading time\" \/>\n\t<meta name=\"twitter:data1\" content=\"1 minute\" \/>\n<script type=\"application\/ld+json\" class=\"yoast-schema-graph\">{\"@context\":\"https:\/\/schema.org\",\"@graph\":[{\"@type\":\"WebPage\",\"@id\":\"https:\/\/dogsport-online.com\/produkt\/fusslaufen-mit-blickkontakt\/\",\"url\":\"https:\/\/dogsport-online.com\/produkt\/fusslaufen-mit-blickkontakt\/\",\"name\":\"Fu\u00dflaufen mit Blickkontakt - Dogsport-Online.com\",\"isPartOf\":{\"@id\":\"https:\/\/dogsport-online.com\/#website\"},\"primaryImageOfPage\":{\"@id\":\"https:\/\/dogsport-online.com\/produkt\/fusslaufen-mit-blickkontakt\/#primaryimage\"},\"image\":{\"@id\":\"https:\/\/dogsport-online.com\/produkt\/fusslaufen-mit-blickkontakt\/#primaryimage\"},\"thumbnailUrl\":\"https:\/\/dogsport-online.com\/wp-content\/uploads\/2021\/08\/13-Fusslaufen-im-Blickkontakt.jpg\",\"datePublished\":\"2021-08-01T12:23:23+00:00\",\"dateModified\":\"2024-11-30T15:08:28+00:00\",\"breadcrumb\":{\"@id\":\"https:\/\/dogsport-online.com\/produkt\/fusslaufen-mit-blickkontakt\/#breadcrumb\"},\"inLanguage\":\"en-US\",\"potentialAction\":[{\"@type\":\"ReadAction\",\"target\":[\"https:\/\/dogsport-online.com\/produkt\/fusslaufen-mit-blickkontakt\/\"]}]},{\"@type\":\"ImageObject\",\"inLanguage\":\"en-US\",\"@id\":\"https:\/\/dogsport-online.com\/produkt\/fusslaufen-mit-blickkontakt\/#primaryimage\",\"url\":\"https:\/\/dogsport-online.com\/wp-content\/uploads\/2021\/08\/13-Fusslaufen-im-Blickkontakt.jpg\",\"contentUrl\":\"https:\/\/dogsport-online.com\/wp-content\/uploads\/2021\/08\/13-Fusslaufen-im-Blickkontakt.jpg\",\"width\":500,\"height\":281,\"caption\":\"Fu\u00dflaufen mit Blickkontakt\"},{\"@type\":\"BreadcrumbList\",\"@id\":\"https:\/\/dogsport-online.com\/produkt\/fusslaufen-mit-blickkontakt\/#breadcrumb\",\"itemListElement\":[{\"@type\":\"ListItem\",\"position\":1,\"name\":\"Startseite\",\"item\":\"https:\/\/dogsport-online.com\/\"},{\"@type\":\"ListItem\",\"position\":2,\"name\":\"Produkte\",\"item\":\"https:\/\/dogsport-online.com\/shop\/\"},{\"@type\":\"ListItem\",\"position\":3,\"name\":\"Fu\u00dflaufen mit Blickkontakt\"}]},{\"@type\":\"WebSite\",\"@id\":\"https:\/\/dogsport-online.com\/#website\",\"url\":\"https:\/\/dogsport-online.com\/\",\"name\":\"Dogsport-Online.com\",\"description\":\"Training Videos and much more\",\"publisher\":{\"@id\":\"https:\/\/dogsport-online.com\/#organization\"},\"potentialAction\":[{\"@type\":\"SearchAction\",\"target\":{\"@type\":\"EntryPoint\",\"urlTemplate\":\"https:\/\/dogsport-online.com\/?s={search_term_string}\"},\"query-input\":{\"@type\":\"PropertyValueSpecification\",\"valueRequired\":true,\"valueName\":\"search_term_string\"}}],\"inLanguage\":\"en-US\"},{\"@type\":\"Organization\",\"@id\":\"https:\/\/dogsport-online.com\/#organization\",\"name\":\"Dogsport-Online.com\",\"url\":\"https:\/\/dogsport-online.com\/\",\"logo\":{\"@type\":\"ImageObject\",\"inLanguage\":\"en-US\",\"@id\":\"https:\/\/dogsport-online.com\/#\/schema\/logo\/image\/\",\"url\":\"https:\/\/dogsport-online.com\/wp-content\/uploads\/2021\/08\/Logo-DS-facebook-1.png\",\"contentUrl\":\"https:\/\/dogsport-online.com\/wp-content\/uploads\/2021\/08\/Logo-DS-facebook-1.png\",\"width\":1200,\"height\":630,\"caption\":\"Dogsport-Online.com\"},\"image\":{\"@id\":\"https:\/\/dogsport-online.com\/#\/schema\/logo\/image\/\"}}]}<\/script>\n<!-- \/ Yoast SEO plugin. -->","yoast_head_json":{"title":"Fu\u00dflaufen mit Blickkontakt - Dogsport-Online.com","robots":{"index":"index","follow":"follow","max-snippet":"max-snippet:-1","max-image-preview":"max-image-preview:large","max-video-preview":"max-video-preview:-1"},"canonical":"https:\/\/dogsport-online.com\/en\/product\/fusslaufen-mit-blickkontakt\/","og_locale":"en_US","og_type":"article","og_title":"Fu\u00dflaufen mit Blickkontakt - Dogsport-Online.com","og_description":"In diesem Video wollen wir Euch zeigen, wie wir den Blickkontakt mit in die Bewegung nehmen, soda\u00df es ein \u201erichtiges\u201c Fu\u00dflaufen wird. Hinweis: Nach Bezahlung ist das Video f\u00fcr 30 Tage freigeschaltet. Link zum Video: Fu\u00dflaufen mit Blickkontakt (Freischaltung nach Bezahlung)","og_url":"https:\/\/dogsport-online.com\/en\/product\/fusslaufen-mit-blickkontakt\/","og_site_name":"Dogsport-Online.com","article_modified_time":"2024-11-30T15:08:28+00:00","og_image":[{"width":500,"height":281,"url":"https:\/\/dogsport-online.com\/wp-content\/uploads\/2021\/08\/13-Fusslaufen-im-Blickkontakt.jpg","type":"image\/jpeg"}],"twitter_card":"summary_large_image","twitter_misc":{"Est. reading time":"1 minute"},"schema":{"@context":"https:\/\/schema.org","@graph":[{"@type":"WebPage","@id":"https:\/\/dogsport-online.com\/produkt\/fusslaufen-mit-blickkontakt\/","url":"https:\/\/dogsport-online.com\/produkt\/fusslaufen-mit-blickkontakt\/","name":"Fu\u00dflaufen mit Blickkontakt - Dogsport-Online.com","isPartOf":{"@id":"https:\/\/dogsport-online.com\/#website"},"primaryImageOfPage":{"@id":"https:\/\/dogsport-online.com\/produkt\/fusslaufen-mit-blickkontakt\/#primaryimage"},"image":{"@id":"https:\/\/dogsport-online.com\/produkt\/fusslaufen-mit-blickkontakt\/#primaryimage"},"thumbnailUrl":"https:\/\/dogsport-online.com\/wp-content\/uploads\/2021\/08\/13-Fusslaufen-im-Blickkontakt.jpg","datePublished":"2021-08-01T12:23:23+00:00","dateModified":"2024-11-30T15:08:28+00:00","breadcrumb":{"@id":"https:\/\/dogsport-online.com\/produkt\/fusslaufen-mit-blickkontakt\/#breadcrumb"},"inLanguage":"en-US","potentialAction":[{"@type":"ReadAction","target":["https:\/\/dogsport-online.com\/produkt\/fusslaufen-mit-blickkontakt\/"]}]},{"@type":"ImageObject","inLanguage":"en-US","@id":"https:\/\/dogsport-online.com\/produkt\/fusslaufen-mit-blickkontakt\/#primaryimage","url":"https:\/\/dogsport-online.com\/wp-content\/uploads\/2021\/08\/13-Fusslaufen-im-Blickkontakt.jpg","contentUrl":"https:\/\/dogsport-online.com\/wp-content\/uploads\/2021\/08\/13-Fusslaufen-im-Blickkontakt.jpg","width":500,"height":281,"caption":"Fu\u00dflaufen mit Blickkontakt"},{"@type":"BreadcrumbList","@id":"https:\/\/dogsport-online.com\/produkt\/fusslaufen-mit-blickkontakt\/#breadcrumb","itemListElement":[{"@type":"ListItem","position":1,"name":"Startseite","item":"https:\/\/dogsport-online.com\/"},{"@type":"ListItem","position":2,"name":"Produkte","item":"https:\/\/dogsport-online.com\/shop\/"},{"@type":"ListItem","position":3,"name":"Fu\u00dflaufen mit Blickkontakt"}]},{"@type":"WebSite","@id":"https:\/\/dogsport-online.com\/#website","url":"https:\/\/dogsport-online.com\/","name":"Dogsport-Online.com","description":"Training Videos and much more","publisher":{"@id":"https:\/\/dogsport-online.com\/#organization"},"potentialAction":[{"@type":"SearchAction","target":{"@type":"EntryPoint","urlTemplate":"https:\/\/dogsport-online.com\/?s={search_term_string}"},"query-input":{"@type":"PropertyValueSpecification","valueRequired":true,"valueName":"search_term_string"}}],"inLanguage":"en-US"},{"@type":"Organization","@id":"https:\/\/dogsport-online.com\/#organization","name":"Dogsport-Online.com","url":"https:\/\/dogsport-online.com\/","logo":{"@type":"ImageObject","inLanguage":"en-US","@id":"https:\/\/dogsport-online.com\/#\/schema\/logo\/image\/","url":"https:\/\/dogsport-online.com\/wp-content\/uploads\/2021\/08\/Logo-DS-facebook-1.png","contentUrl":"https:\/\/dogsport-online.com\/wp-content\/uploads\/2021\/08\/Logo-DS-facebook-1.png","width":1200,"height":630,"caption":"Dogsport-Online.com"},"image":{"@id":"https:\/\/dogsport-online.com\/#\/schema\/logo\/image\/"}}]}},"_links":{"self":[{"href":"https:\/\/dogsport-online.com\/en\/wp-json\/wp\/v2\/product\/1168","targetHints":{"allow":["GET"]}}],"collection":[{"href":"https:\/\/dogsport-online.com\/en\/wp-json\/wp\/v2\/product"}],"about":[{"href":"https:\/\/dogsport-online.com\/en\/wp-json\/wp\/v2\/types\/product"}],"replies":[{"embeddable":true,"href":"https:\/\/dogsport-online.com\/en\/wp-json\/wp\/v2\/comments?post=1168"}],"version-history":[{"count":5,"href":"https:\/\/dogsport-online.com\/en\/wp-json\/wp\/v2\/product\/1168\/revisions"}],"predecessor-version":[{"id":1583,"href":"https:\/\/dogsport-online.com\/en\/wp-json\/wp\/v2\/product\/1168\/revisions\/1583"}],"wp:featuredmedia":[{"embeddable":true,"href":"https:\/\/dogsport-online.com\/en\/wp-json\/wp\/v2\/media\/1157"}],"wp:attachment":[{"href":"https:\/\/dogsport-online.com\/en\/wp-json\/wp\/v2\/media?parent=1168"}],"wp:term":[{"taxonomy":"product_brand","embeddable":true,"href":"https:\/\/dogsport-online.com\/en\/wp-json\/wp\/v2\/product_brand?post=1168"},{"taxonomy":"product_cat","embeddable":true,"href":"https:\/\/dogsport-online.com\/en\/wp-json\/wp\/v2\/product_cat?post=1168"},{"taxonomy":"product_tag","embeddable":true,"href":"https:\/\/dogsport-online.com\/en\/wp-json\/wp\/v2\/product_tag?post=1168"},{"taxonomy":"giftcard-category","embeddable":true,"href":"https:\/\/dogsport-online.com\/en\/wp-json\/wp\/v2\/giftcard-category?post=1168"}],"curies":[{"name":"wp","href":"https:\/\/api.w.org\/{rel}","templated":true}]}}