{"id":1091,"date":"2021-07-18T13:14:31","date_gmt":"2021-07-18T11:14:31","guid":{"rendered":"https:\/\/dogsport-online.com\/?post_type=product&#038;p=1091"},"modified":"2024-06-12T13:44:58","modified_gmt":"2024-06-12T11:44:58","slug":"voraussenden-der-zaubertrick","status":"publish","type":"product","link":"https:\/\/dogsport-online.com\/en\/product\/voraussenden-der-zaubertrick\/","title":{"rendered":"Send out \u2013 the magic trick"},"content":{"rendered":"<p><strong>Video details:<\/strong><\/p>\n<ul>\n<li>Prerequisite, when do we start with the \"magic trick\"<\/li>\n<li>The idea with the magic trick<\/li>\n<li>The endless loop<\/li>\n<li>The correct distance<\/li>\n<li>The optimal attitude<\/li>\n<li>Detailed explanations plus various video examples alternating<\/li>\n<li>Lenght 06:42 minutes<\/li>\n<\/ul>\n<p><strong>Preparatory videos: \u00a0\u00a0<\/strong><\/p>\n<ul>\n<li><a href=\"https:\/\/dogsport-online.com\/en\/product\/voraussenden-der-anfang\/\">Send out \u2013 the beginning<\/a><\/li>\n<\/ul>\n<p><strong>Link to video (unlock after payment)<br \/>\n<\/strong><\/p>\n<ul>\n<li><a href=\"https:\/\/dogsport-online.com\/en\/courses\/voraussenden-der-zaubertrick\/\">Send out \u2013 the magic trick<\/a><\/li>\n<\/ul>","protected":false},"excerpt":{"rendered":"<p>In this video we would like to show you, how we can stop being dependent on the assistant who carries out the toy when practicing the send out.<br \/>\n<strong>Note: After payment, the <span style=\"color: #2e8b57;\">video is unlocked for 30 days<\/span>.<br \/>\nLink to video: <span style=\"color: #2e8b57;\"><a style=\"color: #2e8b57;\" href=\"https:\/\/dogsport-online.com\/en\/courses\/voraussenden-der-zaubertrick\/\">Send out \u2013 the magic trick<\/a><\/span><\/strong> (unlock after payment)<\/p>","protected":false},"featured_media":1083,"comment_status":"open","ping_status":"closed","template":"","meta":{"site-sidebar-layout":"default","site-content-layout":"default","ast-site-content-layout":"default","site-content-style":"default","site-sidebar-style":"default","ast-global-header-display":"","ast-banner-title-visibility":"","ast-main-header-display":"","ast-hfb-above-header-display":"","ast-hfb-below-header-display":"","ast-hfb-mobile-header-display":"","site-post-title":"","ast-breadcrumbs-content":"","ast-featured-img":"","footer-sml-layout":"","theme-transparent-header-meta":"default","adv-header-id-meta":"","stick-header-meta":"","header-above-stick-meta":"","header-main-stick-meta":"","header-below-stick-meta":"","astra-migrate-meta-layouts":"set","ast-page-background-enabled":"default","ast-page-background-meta":{"desktop":{"background-color":"","background-image":"","background-repeat":"repeat","background-position":"center center","background-size":"auto","background-attachment":"scroll","background-type":"","background-media":"","overlay-type":"","overlay-color":"","overlay-gradient":""},"tablet":{"background-color":"","background-image":"","background-repeat":"repeat","background-position":"center center","background-size":"auto","background-attachment":"scroll","background-type":"","background-media":"","overlay-type":"","overlay-color":"","overlay-gradient":""},"mobile":{"background-color":"","background-image":"","background-repeat":"repeat","background-position":"center center","background-size":"auto","background-attachment":"scroll","background-type":"","background-media":"","overlay-type":"","overlay-color":"","overlay-gradient":""}},"ast-content-background-meta":{"desktop":{"background-color":"var(--ast-global-color-5)","background-image":"","background-repeat":"repeat","background-position":"center center","background-size":"auto","background-attachment":"scroll","background-type":"","background-media":"","overlay-type":"","overlay-color":"","overlay-gradient":""},"tablet":{"background-color":"var(--ast-global-color-5)","background-image":"","background-repeat":"repeat","background-position":"center center","background-size":"auto","background-attachment":"scroll","background-type":"","background-media":"","overlay-type":"","overlay-color":"","overlay-gradient":""},"mobile":{"background-color":"var(--ast-global-color-5)","background-image":"","background-repeat":"repeat","background-position":"center center","background-size":"auto","background-attachment":"scroll","background-type":"","background-media":"","overlay-type":"","overlay-color":"","overlay-gradient":""}}},"product_brand":[],"product_cat":[31,112],"product_tag":[109,41,114,64,108,32,106,107,113],"giftcard-category":[],"class_list":{"0":"post-1091","1":"product","2":"type-product","3":"status-publish","4":"has-post-thumbnail","6":"product_cat-unterordnung","7":"product_cat-voraus","8":"product_tag-heuwinkl","9":"product_tag-igp","10":"product_tag-magic-trick","11":"product_tag-obedience","12":"product_tag-send-out","13":"product_tag-unterordnung","14":"product_tag-voraus","15":"product_tag-voraussenden","16":"product_tag-zaubertrick","17":"desktop-align-left","18":"tablet-align-left","19":"mobile-align-left","21":"first","22":"instock","23":"virtual","24":"sold-individually","25":"taxable","26":"purchasable","27":"product-type-simple"},"yoast_head":"<!-- This site is optimized with the Yoast SEO plugin v26.0 - https:\/\/yoast.com\/wordpress\/plugins\/seo\/ -->\n<title>Voraussenden \u2013 der Zaubertrick - Dogsport-Online.com<\/title>\n<meta name=\"robots\" content=\"index, follow, max-snippet:-1, max-image-preview:large, max-video-preview:-1\" \/>\n<link rel=\"canonical\" href=\"https:\/\/dogsport-online.com\/en\/product\/voraussenden-der-zaubertrick\/\" \/>\n<meta property=\"og:locale\" content=\"en_US\" \/>\n<meta property=\"og:type\" content=\"article\" \/>\n<meta property=\"og:title\" content=\"Voraussenden \u2013 der Zaubertrick - Dogsport-Online.com\" \/>\n<meta property=\"og:description\" content=\"In diesem Video wollen wir Euch zeigen, wie wir beim Voraussenden die Abh\u00e4ngigkeit von der Hilfsperson, die das Spielzeug raustr\u00e4gt, abbauen k\u00f6nnen. Hinweis: Nach Bezahlung ist das Video f\u00fcr 30 Tage freigeschaltet. Link zum Video: Voraussenden \u2013 der Zaubertrick (Freischaltung nach Bezahlung)\" \/>\n<meta property=\"og:url\" content=\"https:\/\/dogsport-online.com\/en\/product\/voraussenden-der-zaubertrick\/\" \/>\n<meta property=\"og:site_name\" content=\"Dogsport-Online.com\" \/>\n<meta property=\"article:modified_time\" content=\"2024-06-12T11:44:58+00:00\" \/>\n<meta property=\"og:image\" content=\"https:\/\/dogsport-online.com\/wp-content\/uploads\/2021\/07\/Voraus-derZaubertrick.jpg\" \/>\n\t<meta property=\"og:image:width\" content=\"500\" \/>\n\t<meta property=\"og:image:height\" content=\"281\" \/>\n\t<meta property=\"og:image:type\" content=\"image\/jpeg\" \/>\n<meta name=\"twitter:card\" content=\"summary_large_image\" \/>\n<meta name=\"twitter:label1\" content=\"Est. reading time\" \/>\n\t<meta name=\"twitter:data1\" content=\"1 minute\" \/>\n<script type=\"application\/ld+json\" class=\"yoast-schema-graph\">{\"@context\":\"https:\/\/schema.org\",\"@graph\":[{\"@type\":\"WebPage\",\"@id\":\"https:\/\/dogsport-online.com\/produkt\/voraussenden-der-zaubertrick\/\",\"url\":\"https:\/\/dogsport-online.com\/produkt\/voraussenden-der-zaubertrick\/\",\"name\":\"Voraussenden \u2013 der Zaubertrick - Dogsport-Online.com\",\"isPartOf\":{\"@id\":\"https:\/\/dogsport-online.com\/#website\"},\"primaryImageOfPage\":{\"@id\":\"https:\/\/dogsport-online.com\/produkt\/voraussenden-der-zaubertrick\/#primaryimage\"},\"image\":{\"@id\":\"https:\/\/dogsport-online.com\/produkt\/voraussenden-der-zaubertrick\/#primaryimage\"},\"thumbnailUrl\":\"https:\/\/dogsport-online.com\/wp-content\/uploads\/2021\/07\/Voraus-derZaubertrick.jpg\",\"datePublished\":\"2021-07-18T11:14:31+00:00\",\"dateModified\":\"2024-06-12T11:44:58+00:00\",\"breadcrumb\":{\"@id\":\"https:\/\/dogsport-online.com\/produkt\/voraussenden-der-zaubertrick\/#breadcrumb\"},\"inLanguage\":\"en-US\",\"potentialAction\":[{\"@type\":\"ReadAction\",\"target\":[\"https:\/\/dogsport-online.com\/produkt\/voraussenden-der-zaubertrick\/\"]}]},{\"@type\":\"ImageObject\",\"inLanguage\":\"en-US\",\"@id\":\"https:\/\/dogsport-online.com\/produkt\/voraussenden-der-zaubertrick\/#primaryimage\",\"url\":\"https:\/\/dogsport-online.com\/wp-content\/uploads\/2021\/07\/Voraus-derZaubertrick.jpg\",\"contentUrl\":\"https:\/\/dogsport-online.com\/wp-content\/uploads\/2021\/07\/Voraus-derZaubertrick.jpg\",\"width\":500,\"height\":281,\"caption\":\"Voraussenden - der Zaubertrick\"},{\"@type\":\"BreadcrumbList\",\"@id\":\"https:\/\/dogsport-online.com\/produkt\/voraussenden-der-zaubertrick\/#breadcrumb\",\"itemListElement\":[{\"@type\":\"ListItem\",\"position\":1,\"name\":\"Startseite\",\"item\":\"https:\/\/dogsport-online.com\/\"},{\"@type\":\"ListItem\",\"position\":2,\"name\":\"Produkte\",\"item\":\"https:\/\/dogsport-online.com\/shop\/\"},{\"@type\":\"ListItem\",\"position\":3,\"name\":\"Voraussenden \u2013 der Zaubertrick\"}]},{\"@type\":\"WebSite\",\"@id\":\"https:\/\/dogsport-online.com\/#website\",\"url\":\"https:\/\/dogsport-online.com\/\",\"name\":\"Dogsport-Online.com\",\"description\":\"Training Videos and much more\",\"publisher\":{\"@id\":\"https:\/\/dogsport-online.com\/#organization\"},\"potentialAction\":[{\"@type\":\"SearchAction\",\"target\":{\"@type\":\"EntryPoint\",\"urlTemplate\":\"https:\/\/dogsport-online.com\/?s={search_term_string}\"},\"query-input\":{\"@type\":\"PropertyValueSpecification\",\"valueRequired\":true,\"valueName\":\"search_term_string\"}}],\"inLanguage\":\"en-US\"},{\"@type\":\"Organization\",\"@id\":\"https:\/\/dogsport-online.com\/#organization\",\"name\":\"Dogsport-Online.com\",\"url\":\"https:\/\/dogsport-online.com\/\",\"logo\":{\"@type\":\"ImageObject\",\"inLanguage\":\"en-US\",\"@id\":\"https:\/\/dogsport-online.com\/#\/schema\/logo\/image\/\",\"url\":\"https:\/\/dogsport-online.com\/wp-content\/uploads\/2021\/08\/Logo-DS-facebook-1.png\",\"contentUrl\":\"https:\/\/dogsport-online.com\/wp-content\/uploads\/2021\/08\/Logo-DS-facebook-1.png\",\"width\":1200,\"height\":630,\"caption\":\"Dogsport-Online.com\"},\"image\":{\"@id\":\"https:\/\/dogsport-online.com\/#\/schema\/logo\/image\/\"}}]}<\/script>\n<!-- \/ Yoast SEO plugin. -->","yoast_head_json":{"title":"Voraussenden \u2013 der Zaubertrick - Dogsport-Online.com","robots":{"index":"index","follow":"follow","max-snippet":"max-snippet:-1","max-image-preview":"max-image-preview:large","max-video-preview":"max-video-preview:-1"},"canonical":"https:\/\/dogsport-online.com\/en\/product\/voraussenden-der-zaubertrick\/","og_locale":"en_US","og_type":"article","og_title":"Voraussenden \u2013 der Zaubertrick - Dogsport-Online.com","og_description":"In diesem Video wollen wir Euch zeigen, wie wir beim Voraussenden die Abh\u00e4ngigkeit von der Hilfsperson, die das Spielzeug raustr\u00e4gt, abbauen k\u00f6nnen. Hinweis: Nach Bezahlung ist das Video f\u00fcr 30 Tage freigeschaltet. Link zum Video: Voraussenden \u2013 der Zaubertrick (Freischaltung nach Bezahlung)","og_url":"https:\/\/dogsport-online.com\/en\/product\/voraussenden-der-zaubertrick\/","og_site_name":"Dogsport-Online.com","article_modified_time":"2024-06-12T11:44:58+00:00","og_image":[{"width":500,"height":281,"url":"https:\/\/dogsport-online.com\/wp-content\/uploads\/2021\/07\/Voraus-derZaubertrick.jpg","type":"image\/jpeg"}],"twitter_card":"summary_large_image","twitter_misc":{"Est. reading time":"1 minute"},"schema":{"@context":"https:\/\/schema.org","@graph":[{"@type":"WebPage","@id":"https:\/\/dogsport-online.com\/produkt\/voraussenden-der-zaubertrick\/","url":"https:\/\/dogsport-online.com\/produkt\/voraussenden-der-zaubertrick\/","name":"Voraussenden \u2013 der Zaubertrick - Dogsport-Online.com","isPartOf":{"@id":"https:\/\/dogsport-online.com\/#website"},"primaryImageOfPage":{"@id":"https:\/\/dogsport-online.com\/produkt\/voraussenden-der-zaubertrick\/#primaryimage"},"image":{"@id":"https:\/\/dogsport-online.com\/produkt\/voraussenden-der-zaubertrick\/#primaryimage"},"thumbnailUrl":"https:\/\/dogsport-online.com\/wp-content\/uploads\/2021\/07\/Voraus-derZaubertrick.jpg","datePublished":"2021-07-18T11:14:31+00:00","dateModified":"2024-06-12T11:44:58+00:00","breadcrumb":{"@id":"https:\/\/dogsport-online.com\/produkt\/voraussenden-der-zaubertrick\/#breadcrumb"},"inLanguage":"en-US","potentialAction":[{"@type":"ReadAction","target":["https:\/\/dogsport-online.com\/produkt\/voraussenden-der-zaubertrick\/"]}]},{"@type":"ImageObject","inLanguage":"en-US","@id":"https:\/\/dogsport-online.com\/produkt\/voraussenden-der-zaubertrick\/#primaryimage","url":"https:\/\/dogsport-online.com\/wp-content\/uploads\/2021\/07\/Voraus-derZaubertrick.jpg","contentUrl":"https:\/\/dogsport-online.com\/wp-content\/uploads\/2021\/07\/Voraus-derZaubertrick.jpg","width":500,"height":281,"caption":"Voraussenden - der Zaubertrick"},{"@type":"BreadcrumbList","@id":"https:\/\/dogsport-online.com\/produkt\/voraussenden-der-zaubertrick\/#breadcrumb","itemListElement":[{"@type":"ListItem","position":1,"name":"Startseite","item":"https:\/\/dogsport-online.com\/"},{"@type":"ListItem","position":2,"name":"Produkte","item":"https:\/\/dogsport-online.com\/shop\/"},{"@type":"ListItem","position":3,"name":"Voraussenden \u2013 der Zaubertrick"}]},{"@type":"WebSite","@id":"https:\/\/dogsport-online.com\/#website","url":"https:\/\/dogsport-online.com\/","name":"Dogsport-Online.com","description":"Training Videos and much more","publisher":{"@id":"https:\/\/dogsport-online.com\/#organization"},"potentialAction":[{"@type":"SearchAction","target":{"@type":"EntryPoint","urlTemplate":"https:\/\/dogsport-online.com\/?s={search_term_string}"},"query-input":{"@type":"PropertyValueSpecification","valueRequired":true,"valueName":"search_term_string"}}],"inLanguage":"en-US"},{"@type":"Organization","@id":"https:\/\/dogsport-online.com\/#organization","name":"Dogsport-Online.com","url":"https:\/\/dogsport-online.com\/","logo":{"@type":"ImageObject","inLanguage":"en-US","@id":"https:\/\/dogsport-online.com\/#\/schema\/logo\/image\/","url":"https:\/\/dogsport-online.com\/wp-content\/uploads\/2021\/08\/Logo-DS-facebook-1.png","contentUrl":"https:\/\/dogsport-online.com\/wp-content\/uploads\/2021\/08\/Logo-DS-facebook-1.png","width":1200,"height":630,"caption":"Dogsport-Online.com"},"image":{"@id":"https:\/\/dogsport-online.com\/#\/schema\/logo\/image\/"}}]}},"_links":{"self":[{"href":"https:\/\/dogsport-online.com\/en\/wp-json\/wp\/v2\/product\/1091","targetHints":{"allow":["GET"]}}],"collection":[{"href":"https:\/\/dogsport-online.com\/en\/wp-json\/wp\/v2\/product"}],"about":[{"href":"https:\/\/dogsport-online.com\/en\/wp-json\/wp\/v2\/types\/product"}],"replies":[{"embeddable":true,"href":"https:\/\/dogsport-online.com\/en\/wp-json\/wp\/v2\/comments?post=1091"}],"version-history":[{"count":4,"href":"https:\/\/dogsport-online.com\/en\/wp-json\/wp\/v2\/product\/1091\/revisions"}],"predecessor-version":[{"id":1589,"href":"https:\/\/dogsport-online.com\/en\/wp-json\/wp\/v2\/product\/1091\/revisions\/1589"}],"wp:featuredmedia":[{"embeddable":true,"href":"https:\/\/dogsport-online.com\/en\/wp-json\/wp\/v2\/media\/1083"}],"wp:attachment":[{"href":"https:\/\/dogsport-online.com\/en\/wp-json\/wp\/v2\/media?parent=1091"}],"wp:term":[{"taxonomy":"product_brand","embeddable":true,"href":"https:\/\/dogsport-online.com\/en\/wp-json\/wp\/v2\/product_brand?post=1091"},{"taxonomy":"product_cat","embeddable":true,"href":"https:\/\/dogsport-online.com\/en\/wp-json\/wp\/v2\/product_cat?post=1091"},{"taxonomy":"product_tag","embeddable":true,"href":"https:\/\/dogsport-online.com\/en\/wp-json\/wp\/v2\/product_tag?post=1091"},{"taxonomy":"giftcard-category","embeddable":true,"href":"https:\/\/dogsport-online.com\/en\/wp-json\/wp\/v2\/giftcard-category?post=1091"}],"curies":[{"name":"wp","href":"https:\/\/api.w.org\/{rel}","templated":true}]}}