{"id":10517,"date":"2024-08-13T14:12:36","date_gmt":"2024-08-13T12:12:36","guid":{"rendered":"https:\/\/dogsport-online.com\/?post_type=product&#038;p=10517"},"modified":"2024-08-13T14:16:02","modified_gmt":"2024-08-13T12:16:02","slug":"klettersprung-schraegwand","status":"publish","type":"product","link":"https:\/\/dogsport-online.com\/en\/product\/klettersprung-schraegwand\/","title":{"rendered":"Jump over the Scaling Wall"},"content":{"rendered":"<p><strong>Video details:<\/strong><\/p>\n<ul>\n<li>no prerequisites necessary at the beginning, except for a suitable physical condition<\/li>\n<li>later the dog must be able to retrieve<\/li>\n<li>with lots of help and using an initially flat scaling wall , a good jumping technique is created straight away<\/li>\n<li>a new form of confirmation is introduced and also an alternative described in this regard<\/li>\n<li>create a higher dynamic and also the right mood for retrieving by increasing the drive<\/li>\n<li>Integrate the dumbbell into the exercise in small steps up to the complete exercise<\/li>\n<li>Video examples and explanations to the individual points alternating<\/li>\n<li>Duration: 9:55 minutes<\/li>\n<\/ul>\n<p><strong>Preparatory videos: \u00a0\u00a0\u00a0\u00a0<\/strong><\/p>\n<ul>\n<li><a href=\"https:\/\/dogsport-online.com\/en\/apportieren\/\">All retrieving videos<\/a><\/li>\n<\/ul>\n<p><strong>Link zum Video (Freischaltung nach Kauf):<\/strong><\/p>\n<ul>\n<li><a href=\"https:\/\/dogsport-online.com\/en\/courses\/klettersprung-schraegwand\/\">Jump over the Scaling Wall<\/a><\/li>\n<\/ul>","protected":false},"excerpt":{"rendered":"<p style=\"font-weight: 400;\">This video describes how we teach our dogs to jump over the scaling wall and integrate it into retrieving.<\/p>\n<p style=\"font-weight: 400;\"><strong>Note: After payment, the <span style=\"color: #2e8b57;\">video is unlocked for 30 days<\/span>.<br \/>\nLink to video: <span style=\"color: #2e8b57;\"><a style=\"color: #2e8b57;\" href=\"https:\/\/dogsport-online.com\/en\/courses\/klettersprung-schraegwand\/\">Jump over the Scaling Wall<\/a><\/span><\/strong> (unlock after payment)<\/p>","protected":false},"featured_media":10513,"comment_status":"open","ping_status":"closed","template":"","meta":{"site-sidebar-layout":"default","site-content-layout":"default","ast-site-content-layout":"default","site-content-style":"default","site-sidebar-style":"default","ast-global-header-display":"","ast-banner-title-visibility":"","ast-main-header-display":"","ast-hfb-above-header-display":"","ast-hfb-below-header-display":"","ast-hfb-mobile-header-display":"","site-post-title":"","ast-breadcrumbs-content":"","ast-featured-img":"","footer-sml-layout":"","theme-transparent-header-meta":"default","adv-header-id-meta":"","stick-header-meta":"","header-above-stick-meta":"","header-main-stick-meta":"","header-below-stick-meta":"","astra-migrate-meta-layouts":"set","ast-page-background-enabled":"default","ast-page-background-meta":{"desktop":{"background-color":"","background-image":"","background-repeat":"repeat","background-position":"center center","background-size":"auto","background-attachment":"scroll","background-type":"","background-media":"","overlay-type":"","overlay-color":"","overlay-gradient":""},"tablet":{"background-color":"","background-image":"","background-repeat":"repeat","background-position":"center center","background-size":"auto","background-attachment":"scroll","background-type":"","background-media":"","overlay-type":"","overlay-color":"","overlay-gradient":""},"mobile":{"background-color":"","background-image":"","background-repeat":"repeat","background-position":"center center","background-size":"auto","background-attachment":"scroll","background-type":"","background-media":"","overlay-type":"","overlay-color":"","overlay-gradient":""}},"ast-content-background-meta":{"desktop":{"background-color":"var(--ast-global-color-5)","background-image":"","background-repeat":"repeat","background-position":"center center","background-size":"auto","background-attachment":"scroll","background-type":"","background-media":"","overlay-type":"","overlay-color":"","overlay-gradient":""},"tablet":{"background-color":"var(--ast-global-color-5)","background-image":"","background-repeat":"repeat","background-position":"center center","background-size":"auto","background-attachment":"scroll","background-type":"","background-media":"","overlay-type":"","overlay-color":"","overlay-gradient":""},"mobile":{"background-color":"var(--ast-global-color-5)","background-image":"","background-repeat":"repeat","background-position":"center center","background-size":"auto","background-attachment":"scroll","background-type":"","background-media":"","overlay-type":"","overlay-color":"","overlay-gradient":""}}},"product_brand":[],"product_cat":[31,59],"product_tag":[409,410,411,511,32,512,41,513,514,64,515,109,516,301,350],"giftcard-category":[],"class_list":{"0":"post-10517","1":"product","2":"type-product","3":"status-publish","4":"has-post-thumbnail","6":"product_cat-unterordnung","7":"product_cat-apportieren","8":"product_tag-spruenge","9":"product_tag-jumps","10":"product_tag-retrieving","11":"product_tag-kletterwand","12":"product_tag-unterordnung","13":"product_tag-schraegwand","14":"product_tag-igp","15":"product_tag-scaling-wall","16":"product_tag-a-frame","17":"product_tag-obedience","18":"product_tag-a-wand","19":"product_tag-heuwinkl","20":"product_tag-klettersprung","21":"product_tag-hundesport","22":"product_tag-dogsport","23":"desktop-align-left","24":"tablet-align-left","25":"mobile-align-left","27":"first","28":"instock","29":"virtual","30":"sold-individually","31":"taxable","32":"purchasable","33":"product-type-simple"},"yoast_head":"<!-- This site is optimized with the Yoast SEO plugin v26.0 - https:\/\/yoast.com\/wordpress\/plugins\/seo\/ -->\n<title>Klettersprung \u00fcber die Schr\u00e4gwand - Dogsport-Online.com<\/title>\n<meta name=\"description\" content=\"Dieses Video beschreibt, wie wir unseren Hunden den Sprung \u00fcber die Schr\u00e4gwand lernen und diese ins Apportieren integrieren.\" \/>\n<meta name=\"robots\" content=\"index, follow, max-snippet:-1, max-image-preview:large, max-video-preview:-1\" \/>\n<link rel=\"canonical\" href=\"https:\/\/dogsport-online.com\/en\/product\/klettersprung-schraegwand\/\" \/>\n<meta property=\"og:locale\" content=\"en_US\" \/>\n<meta property=\"og:type\" content=\"article\" \/>\n<meta property=\"og:title\" content=\"Klettersprung \u00fcber die Schr\u00e4gwand - Dogsport-Online.com\" \/>\n<meta property=\"og:description\" content=\"Dieses Video beschreibt, wie wir unseren Hunden den Sprung \u00fcber die Schr\u00e4gwand lernen und diese ins Apportieren integrieren.\" \/>\n<meta property=\"og:url\" content=\"https:\/\/dogsport-online.com\/en\/product\/klettersprung-schraegwand\/\" \/>\n<meta property=\"og:site_name\" content=\"Dogsport-Online.com\" \/>\n<meta property=\"article:modified_time\" content=\"2024-08-13T12:16:02+00:00\" \/>\n<meta property=\"og:image\" content=\"https:\/\/dogsport-online.com\/wp-content\/uploads\/2024\/08\/46-Schraegwand.jpg\" \/>\n\t<meta property=\"og:image:width\" content=\"500\" \/>\n\t<meta property=\"og:image:height\" content=\"281\" \/>\n\t<meta property=\"og:image:type\" content=\"image\/jpeg\" \/>\n<meta name=\"twitter:card\" content=\"summary_large_image\" \/>\n<meta name=\"twitter:label1\" content=\"Est. reading time\" \/>\n\t<meta name=\"twitter:data1\" content=\"1 minute\" \/>\n<script type=\"application\/ld+json\" class=\"yoast-schema-graph\">{\"@context\":\"https:\/\/schema.org\",\"@graph\":[{\"@type\":\"WebPage\",\"@id\":\"https:\/\/dogsport-online.com\/produkt\/klettersprung-schraegwand\/\",\"url\":\"https:\/\/dogsport-online.com\/produkt\/klettersprung-schraegwand\/\",\"name\":\"Klettersprung \u00fcber die Schr\u00e4gwand - Dogsport-Online.com\",\"isPartOf\":{\"@id\":\"https:\/\/dogsport-online.com\/#website\"},\"primaryImageOfPage\":{\"@id\":\"https:\/\/dogsport-online.com\/produkt\/klettersprung-schraegwand\/#primaryimage\"},\"image\":{\"@id\":\"https:\/\/dogsport-online.com\/produkt\/klettersprung-schraegwand\/#primaryimage\"},\"thumbnailUrl\":\"https:\/\/dogsport-online.com\/wp-content\/uploads\/2024\/08\/46-Schraegwand.jpg\",\"datePublished\":\"2024-08-13T12:12:36+00:00\",\"dateModified\":\"2024-08-13T12:16:02+00:00\",\"description\":\"Dieses Video beschreibt, wie wir unseren Hunden den Sprung \u00fcber die Schr\u00e4gwand lernen und diese ins Apportieren integrieren.\",\"breadcrumb\":{\"@id\":\"https:\/\/dogsport-online.com\/produkt\/klettersprung-schraegwand\/#breadcrumb\"},\"inLanguage\":\"en-US\",\"potentialAction\":[{\"@type\":\"ReadAction\",\"target\":[\"https:\/\/dogsport-online.com\/produkt\/klettersprung-schraegwand\/\"]}]},{\"@type\":\"ImageObject\",\"inLanguage\":\"en-US\",\"@id\":\"https:\/\/dogsport-online.com\/produkt\/klettersprung-schraegwand\/#primaryimage\",\"url\":\"https:\/\/dogsport-online.com\/wp-content\/uploads\/2024\/08\/46-Schraegwand.jpg\",\"contentUrl\":\"https:\/\/dogsport-online.com\/wp-content\/uploads\/2024\/08\/46-Schraegwand.jpg\",\"width\":500,\"height\":281,\"caption\":\"Klettersprung \u00fcber die Schr\u00e4gwand\"},{\"@type\":\"BreadcrumbList\",\"@id\":\"https:\/\/dogsport-online.com\/produkt\/klettersprung-schraegwand\/#breadcrumb\",\"itemListElement\":[{\"@type\":\"ListItem\",\"position\":1,\"name\":\"Startseite\",\"item\":\"https:\/\/dogsport-online.com\/\"},{\"@type\":\"ListItem\",\"position\":2,\"name\":\"Produkte\",\"item\":\"https:\/\/dogsport-online.com\/shop\/\"},{\"@type\":\"ListItem\",\"position\":3,\"name\":\"Klettersprung \u00fcber die Schr\u00e4gwand\"}]},{\"@type\":\"WebSite\",\"@id\":\"https:\/\/dogsport-online.com\/#website\",\"url\":\"https:\/\/dogsport-online.com\/\",\"name\":\"Dogsport-Online.com\",\"description\":\"Training Videos and much more\",\"publisher\":{\"@id\":\"https:\/\/dogsport-online.com\/#organization\"},\"potentialAction\":[{\"@type\":\"SearchAction\",\"target\":{\"@type\":\"EntryPoint\",\"urlTemplate\":\"https:\/\/dogsport-online.com\/?s={search_term_string}\"},\"query-input\":{\"@type\":\"PropertyValueSpecification\",\"valueRequired\":true,\"valueName\":\"search_term_string\"}}],\"inLanguage\":\"en-US\"},{\"@type\":\"Organization\",\"@id\":\"https:\/\/dogsport-online.com\/#organization\",\"name\":\"Dogsport-Online.com\",\"url\":\"https:\/\/dogsport-online.com\/\",\"logo\":{\"@type\":\"ImageObject\",\"inLanguage\":\"en-US\",\"@id\":\"https:\/\/dogsport-online.com\/#\/schema\/logo\/image\/\",\"url\":\"https:\/\/dogsport-online.com\/wp-content\/uploads\/2021\/08\/Logo-DS-facebook-1.png\",\"contentUrl\":\"https:\/\/dogsport-online.com\/wp-content\/uploads\/2021\/08\/Logo-DS-facebook-1.png\",\"width\":1200,\"height\":630,\"caption\":\"Dogsport-Online.com\"},\"image\":{\"@id\":\"https:\/\/dogsport-online.com\/#\/schema\/logo\/image\/\"}}]}<\/script>\n<!-- \/ Yoast SEO plugin. -->","yoast_head_json":{"title":"Klettersprung \u00fcber die Schr\u00e4gwand - Dogsport-Online.com","description":"This video describes how we teach our dogs to jump over the scaling wall and integrate it into retrieving.","robots":{"index":"index","follow":"follow","max-snippet":"max-snippet:-1","max-image-preview":"max-image-preview:large","max-video-preview":"max-video-preview:-1"},"canonical":"https:\/\/dogsport-online.com\/en\/product\/klettersprung-schraegwand\/","og_locale":"en_US","og_type":"article","og_title":"Klettersprung \u00fcber die Schr\u00e4gwand - Dogsport-Online.com","og_description":"Dieses Video beschreibt, wie wir unseren Hunden den Sprung \u00fcber die Schr\u00e4gwand lernen und diese ins Apportieren integrieren.","og_url":"https:\/\/dogsport-online.com\/en\/product\/klettersprung-schraegwand\/","og_site_name":"Dogsport-Online.com","article_modified_time":"2024-08-13T12:16:02+00:00","og_image":[{"width":500,"height":281,"url":"https:\/\/dogsport-online.com\/wp-content\/uploads\/2024\/08\/46-Schraegwand.jpg","type":"image\/jpeg"}],"twitter_card":"summary_large_image","twitter_misc":{"Est. reading time":"1 minute"},"schema":{"@context":"https:\/\/schema.org","@graph":[{"@type":"WebPage","@id":"https:\/\/dogsport-online.com\/produkt\/klettersprung-schraegwand\/","url":"https:\/\/dogsport-online.com\/produkt\/klettersprung-schraegwand\/","name":"Klettersprung \u00fcber die Schr\u00e4gwand - Dogsport-Online.com","isPartOf":{"@id":"https:\/\/dogsport-online.com\/#website"},"primaryImageOfPage":{"@id":"https:\/\/dogsport-online.com\/produkt\/klettersprung-schraegwand\/#primaryimage"},"image":{"@id":"https:\/\/dogsport-online.com\/produkt\/klettersprung-schraegwand\/#primaryimage"},"thumbnailUrl":"https:\/\/dogsport-online.com\/wp-content\/uploads\/2024\/08\/46-Schraegwand.jpg","datePublished":"2024-08-13T12:12:36+00:00","dateModified":"2024-08-13T12:16:02+00:00","description":"This video describes how we teach our dogs to jump over the scaling wall and integrate it into retrieving.","breadcrumb":{"@id":"https:\/\/dogsport-online.com\/produkt\/klettersprung-schraegwand\/#breadcrumb"},"inLanguage":"en-US","potentialAction":[{"@type":"ReadAction","target":["https:\/\/dogsport-online.com\/produkt\/klettersprung-schraegwand\/"]}]},{"@type":"ImageObject","inLanguage":"en-US","@id":"https:\/\/dogsport-online.com\/produkt\/klettersprung-schraegwand\/#primaryimage","url":"https:\/\/dogsport-online.com\/wp-content\/uploads\/2024\/08\/46-Schraegwand.jpg","contentUrl":"https:\/\/dogsport-online.com\/wp-content\/uploads\/2024\/08\/46-Schraegwand.jpg","width":500,"height":281,"caption":"Klettersprung \u00fcber die Schr\u00e4gwand"},{"@type":"BreadcrumbList","@id":"https:\/\/dogsport-online.com\/produkt\/klettersprung-schraegwand\/#breadcrumb","itemListElement":[{"@type":"ListItem","position":1,"name":"Startseite","item":"https:\/\/dogsport-online.com\/"},{"@type":"ListItem","position":2,"name":"Produkte","item":"https:\/\/dogsport-online.com\/shop\/"},{"@type":"ListItem","position":3,"name":"Klettersprung \u00fcber die Schr\u00e4gwand"}]},{"@type":"WebSite","@id":"https:\/\/dogsport-online.com\/#website","url":"https:\/\/dogsport-online.com\/","name":"Dogsport-Online.com","description":"Training Videos and much more","publisher":{"@id":"https:\/\/dogsport-online.com\/#organization"},"potentialAction":[{"@type":"SearchAction","target":{"@type":"EntryPoint","urlTemplate":"https:\/\/dogsport-online.com\/?s={search_term_string}"},"query-input":{"@type":"PropertyValueSpecification","valueRequired":true,"valueName":"search_term_string"}}],"inLanguage":"en-US"},{"@type":"Organization","@id":"https:\/\/dogsport-online.com\/#organization","name":"Dogsport-Online.com","url":"https:\/\/dogsport-online.com\/","logo":{"@type":"ImageObject","inLanguage":"en-US","@id":"https:\/\/dogsport-online.com\/#\/schema\/logo\/image\/","url":"https:\/\/dogsport-online.com\/wp-content\/uploads\/2021\/08\/Logo-DS-facebook-1.png","contentUrl":"https:\/\/dogsport-online.com\/wp-content\/uploads\/2021\/08\/Logo-DS-facebook-1.png","width":1200,"height":630,"caption":"Dogsport-Online.com"},"image":{"@id":"https:\/\/dogsport-online.com\/#\/schema\/logo\/image\/"}}]}},"_links":{"self":[{"href":"https:\/\/dogsport-online.com\/en\/wp-json\/wp\/v2\/product\/10517","targetHints":{"allow":["GET"]}}],"collection":[{"href":"https:\/\/dogsport-online.com\/en\/wp-json\/wp\/v2\/product"}],"about":[{"href":"https:\/\/dogsport-online.com\/en\/wp-json\/wp\/v2\/types\/product"}],"replies":[{"embeddable":true,"href":"https:\/\/dogsport-online.com\/en\/wp-json\/wp\/v2\/comments?post=10517"}],"version-history":[{"count":2,"href":"https:\/\/dogsport-online.com\/en\/wp-json\/wp\/v2\/product\/10517\/revisions"}],"predecessor-version":[{"id":10519,"href":"https:\/\/dogsport-online.com\/en\/wp-json\/wp\/v2\/product\/10517\/revisions\/10519"}],"wp:featuredmedia":[{"embeddable":true,"href":"https:\/\/dogsport-online.com\/en\/wp-json\/wp\/v2\/media\/10513"}],"wp:attachment":[{"href":"https:\/\/dogsport-online.com\/en\/wp-json\/wp\/v2\/media?parent=10517"}],"wp:term":[{"taxonomy":"product_brand","embeddable":true,"href":"https:\/\/dogsport-online.com\/en\/wp-json\/wp\/v2\/product_brand?post=10517"},{"taxonomy":"product_cat","embeddable":true,"href":"https:\/\/dogsport-online.com\/en\/wp-json\/wp\/v2\/product_cat?post=10517"},{"taxonomy":"product_tag","embeddable":true,"href":"https:\/\/dogsport-online.com\/en\/wp-json\/wp\/v2\/product_tag?post=10517"},{"taxonomy":"giftcard-category","embeddable":true,"href":"https:\/\/dogsport-online.com\/en\/wp-json\/wp\/v2\/giftcard-category?post=10517"}],"curies":[{"name":"wp","href":"https:\/\/api.w.org\/{rel}","templated":true}]}}