{"id":1013,"date":"2021-07-17T21:02:11","date_gmt":"2021-07-17T19:02:11","guid":{"rendered":"https:\/\/dogsport-online.com\/?post_type=product&#038;p=1013"},"modified":"2025-09-17T16:27:27","modified_gmt":"2025-09-17T14:27:27","slug":"ruhiges-holzhalten-der-anfang","status":"publish","type":"product","link":"https:\/\/dogsport-online.com\/en\/product\/ruhiges-holzhalten-der-anfang\/","title":{"rendered":"Holding the dumbbell calm - the beginning"},"content":{"rendered":"<p><strong>Video details:<\/strong><\/p>\n<ul>\n<li>at what age do we begin the exercise<\/li>\n<li>what mood we choose<\/li>\n<li>the best place for the exercise<\/li>\n<li>important pre -exercise<\/li>\n<li>control<\/li>\n<li>the perfect technique of how to put the dumbbell in the dog's mouth stress free<\/li>\n<li>negative example inclusive<\/li>\n<li>Detailed explanations plus various video examples alternating<\/li>\n<li>Length 07:26 minutes<\/li>\n<\/ul>\n<p><strong>Preparatory videos: \u00a0\u00a0<\/strong><\/p>\n<ul>\n<li>no<\/li>\n<\/ul>\n<p><strong>Link zum Video (Freischaltung nach Kauf):<br \/>\n<\/strong><\/p>\n<ul>\n<li><a href=\"https:\/\/dogsport-online.com\/en\/courses\/ruhiges-holzhalten-der-anfang\/\">Holding the dumbbell calm - the beginning<\/a><\/li>\n<\/ul>","protected":false},"excerpt":{"rendered":"<p>In this video we explain how we put the dumbbell into the dogs\u2019 mouth, what mood we choose and how we prepare the exercise well.<br \/>\n<strong>Note: After payment, the <span style=\"color: #2e8b57;\">video is unlocked for 30 days<\/span>.<br \/>\nLink to video: <span style=\"color: #2e8b57;\"><a style=\"color: #2e8b57;\" href=\"https:\/\/dogsport-online.com\/en\/courses\/ruhiges-holzhalten-der-anfang\/\">Holding the dumbbell calm - the beginning<\/a><\/span><\/strong> (unlock after payment)<\/p>","protected":false},"featured_media":5370,"comment_status":"open","ping_status":"closed","template":"","meta":{"site-sidebar-layout":"default","site-content-layout":"default","ast-site-content-layout":"default","site-content-style":"default","site-sidebar-style":"default","ast-global-header-display":"","ast-banner-title-visibility":"","ast-main-header-display":"","ast-hfb-above-header-display":"","ast-hfb-below-header-display":"","ast-hfb-mobile-header-display":"","site-post-title":"","ast-breadcrumbs-content":"","ast-featured-img":"","footer-sml-layout":"","theme-transparent-header-meta":"default","adv-header-id-meta":"","stick-header-meta":"","header-above-stick-meta":"","header-main-stick-meta":"","header-below-stick-meta":"","astra-migrate-meta-layouts":"set","ast-page-background-enabled":"default","ast-page-background-meta":{"desktop":{"background-color":"","background-image":"","background-repeat":"repeat","background-position":"center center","background-size":"auto","background-attachment":"scroll","background-type":"","background-media":"","overlay-type":"","overlay-color":"","overlay-gradient":""},"tablet":{"background-color":"","background-image":"","background-repeat":"repeat","background-position":"center center","background-size":"auto","background-attachment":"scroll","background-type":"","background-media":"","overlay-type":"","overlay-color":"","overlay-gradient":""},"mobile":{"background-color":"","background-image":"","background-repeat":"repeat","background-position":"center center","background-size":"auto","background-attachment":"scroll","background-type":"","background-media":"","overlay-type":"","overlay-color":"","overlay-gradient":""}},"ast-content-background-meta":{"desktop":{"background-color":"var(--ast-global-color-5)","background-image":"","background-repeat":"repeat","background-position":"center center","background-size":"auto","background-attachment":"scroll","background-type":"","background-media":"","overlay-type":"","overlay-color":"","overlay-gradient":""},"tablet":{"background-color":"var(--ast-global-color-5)","background-image":"","background-repeat":"repeat","background-position":"center center","background-size":"auto","background-attachment":"scroll","background-type":"","background-media":"","overlay-type":"","overlay-color":"","overlay-gradient":""},"mobile":{"background-color":"var(--ast-global-color-5)","background-image":"","background-repeat":"repeat","background-position":"center center","background-size":"auto","background-attachment":"scroll","background-type":"","background-media":"","overlay-type":"","overlay-color":"","overlay-gradient":""}}},"product_brand":[],"product_cat":[59,31],"product_tag":[38,60,88,65,109,86,62,41,64,32],"giftcard-category":[],"class_list":{"0":"post-1013","1":"product","2":"type-product","3":"status-publish","4":"has-post-thumbnail","6":"product_cat-apportieren","7":"product_cat-unterordnung","8":"product_tag-apport","9":"product_tag-apportieren","10":"product_tag-calm","11":"product_tag-dumbell","12":"product_tag-heuwinkl","13":"product_tag-holding","14":"product_tag-holzhalten","15":"product_tag-igp","16":"product_tag-obedience","17":"product_tag-unterordnung","18":"desktop-align-left","19":"tablet-align-left","20":"mobile-align-left","22":"first","23":"instock","24":"virtual","25":"sold-individually","26":"taxable","27":"purchasable","28":"product-type-simple"},"yoast_head":"<!-- This site is optimized with the Yoast SEO plugin v26.0 - https:\/\/yoast.com\/wordpress\/plugins\/seo\/ -->\n<title>Ruhiges Holzhalten \u2013 der Anfang - Dogsport-Online.com<\/title>\n<meta name=\"robots\" content=\"index, follow, max-snippet:-1, max-image-preview:large, max-video-preview:-1\" \/>\n<link rel=\"canonical\" href=\"https:\/\/dogsport-online.com\/en\/product\/ruhiges-holzhalten-der-anfang\/\" \/>\n<meta property=\"og:locale\" content=\"en_US\" \/>\n<meta property=\"og:type\" content=\"article\" \/>\n<meta property=\"og:title\" content=\"Ruhiges Holzhalten \u2013 der Anfang - Dogsport-Online.com\" \/>\n<meta property=\"og:description\" content=\"In diesem Video zeigen und erkl\u00e4ren wir wie wir das Holz in den Fang des Hundes geben, was f\u00fcr eine Stimmung wir dazu w\u00e4hlen und wie wir die \u00dcbung m\u00f6glichst gut vorbereiten. Hinweis: Nach Bezahlung ist das Video f\u00fcr 30 Tage freigeschaltet. Link zum Video: Ruhiges Holzhalten \u2013 der Anfang (Freischaltung nach Bezahlung)\" \/>\n<meta property=\"og:url\" content=\"https:\/\/dogsport-online.com\/en\/product\/ruhiges-holzhalten-der-anfang\/\" \/>\n<meta property=\"og:site_name\" content=\"Dogsport-Online.com\" \/>\n<meta property=\"article:modified_time\" content=\"2025-09-17T14:27:27+00:00\" \/>\n<meta property=\"og:image\" content=\"https:\/\/dogsport-online.com\/wp-content\/uploads\/2021\/07\/10-Halteuebung-Apportieren-de-eng-it.jpg\" \/>\n\t<meta property=\"og:image:width\" content=\"500\" \/>\n\t<meta property=\"og:image:height\" content=\"281\" \/>\n\t<meta property=\"og:image:type\" content=\"image\/jpeg\" \/>\n<meta name=\"twitter:card\" content=\"summary_large_image\" \/>\n<meta name=\"twitter:label1\" content=\"Est. reading time\" \/>\n\t<meta name=\"twitter:data1\" content=\"1 minute\" \/>\n<script type=\"application\/ld+json\" class=\"yoast-schema-graph\">{\"@context\":\"https:\/\/schema.org\",\"@graph\":[{\"@type\":\"WebPage\",\"@id\":\"https:\/\/dogsport-online.com\/produkt\/ruhiges-holzhalten-der-anfang\/\",\"url\":\"https:\/\/dogsport-online.com\/produkt\/ruhiges-holzhalten-der-anfang\/\",\"name\":\"Ruhiges Holzhalten \u2013 der Anfang - Dogsport-Online.com\",\"isPartOf\":{\"@id\":\"https:\/\/dogsport-online.com\/#website\"},\"primaryImageOfPage\":{\"@id\":\"https:\/\/dogsport-online.com\/produkt\/ruhiges-holzhalten-der-anfang\/#primaryimage\"},\"image\":{\"@id\":\"https:\/\/dogsport-online.com\/produkt\/ruhiges-holzhalten-der-anfang\/#primaryimage\"},\"thumbnailUrl\":\"https:\/\/dogsport-online.com\/wp-content\/uploads\/2021\/07\/10-Halteuebung-Apportieren-de-eng-it.jpg\",\"datePublished\":\"2021-07-17T19:02:11+00:00\",\"dateModified\":\"2025-09-17T14:27:27+00:00\",\"breadcrumb\":{\"@id\":\"https:\/\/dogsport-online.com\/produkt\/ruhiges-holzhalten-der-anfang\/#breadcrumb\"},\"inLanguage\":\"en-US\",\"potentialAction\":[{\"@type\":\"ReadAction\",\"target\":[\"https:\/\/dogsport-online.com\/produkt\/ruhiges-holzhalten-der-anfang\/\"]}]},{\"@type\":\"ImageObject\",\"inLanguage\":\"en-US\",\"@id\":\"https:\/\/dogsport-online.com\/produkt\/ruhiges-holzhalten-der-anfang\/#primaryimage\",\"url\":\"https:\/\/dogsport-online.com\/wp-content\/uploads\/2021\/07\/10-Halteuebung-Apportieren-de-eng-it.jpg\",\"contentUrl\":\"https:\/\/dogsport-online.com\/wp-content\/uploads\/2021\/07\/10-Halteuebung-Apportieren-de-eng-it.jpg\",\"width\":500,\"height\":281,\"caption\":\"Holzhalten - der Anfang (Apport)\"},{\"@type\":\"BreadcrumbList\",\"@id\":\"https:\/\/dogsport-online.com\/produkt\/ruhiges-holzhalten-der-anfang\/#breadcrumb\",\"itemListElement\":[{\"@type\":\"ListItem\",\"position\":1,\"name\":\"Startseite\",\"item\":\"https:\/\/dogsport-online.com\/\"},{\"@type\":\"ListItem\",\"position\":2,\"name\":\"Produkte\",\"item\":\"https:\/\/dogsport-online.com\/shop\/\"},{\"@type\":\"ListItem\",\"position\":3,\"name\":\"Ruhiges Holzhalten \u2013 der Anfang\"}]},{\"@type\":\"WebSite\",\"@id\":\"https:\/\/dogsport-online.com\/#website\",\"url\":\"https:\/\/dogsport-online.com\/\",\"name\":\"Dogsport-Online.com\",\"description\":\"Training Videos and much more\",\"publisher\":{\"@id\":\"https:\/\/dogsport-online.com\/#organization\"},\"potentialAction\":[{\"@type\":\"SearchAction\",\"target\":{\"@type\":\"EntryPoint\",\"urlTemplate\":\"https:\/\/dogsport-online.com\/?s={search_term_string}\"},\"query-input\":{\"@type\":\"PropertyValueSpecification\",\"valueRequired\":true,\"valueName\":\"search_term_string\"}}],\"inLanguage\":\"en-US\"},{\"@type\":\"Organization\",\"@id\":\"https:\/\/dogsport-online.com\/#organization\",\"name\":\"Dogsport-Online.com\",\"url\":\"https:\/\/dogsport-online.com\/\",\"logo\":{\"@type\":\"ImageObject\",\"inLanguage\":\"en-US\",\"@id\":\"https:\/\/dogsport-online.com\/#\/schema\/logo\/image\/\",\"url\":\"https:\/\/dogsport-online.com\/wp-content\/uploads\/2021\/08\/Logo-DS-facebook-1.png\",\"contentUrl\":\"https:\/\/dogsport-online.com\/wp-content\/uploads\/2021\/08\/Logo-DS-facebook-1.png\",\"width\":1200,\"height\":630,\"caption\":\"Dogsport-Online.com\"},\"image\":{\"@id\":\"https:\/\/dogsport-online.com\/#\/schema\/logo\/image\/\"}}]}<\/script>\n<!-- \/ Yoast SEO plugin. -->","yoast_head_json":{"title":"Ruhiges Holzhalten \u2013 der Anfang - Dogsport-Online.com","robots":{"index":"index","follow":"follow","max-snippet":"max-snippet:-1","max-image-preview":"max-image-preview:large","max-video-preview":"max-video-preview:-1"},"canonical":"https:\/\/dogsport-online.com\/en\/product\/ruhiges-holzhalten-der-anfang\/","og_locale":"en_US","og_type":"article","og_title":"Ruhiges Holzhalten \u2013 der Anfang - Dogsport-Online.com","og_description":"In diesem Video zeigen und erkl\u00e4ren wir wie wir das Holz in den Fang des Hundes geben, was f\u00fcr eine Stimmung wir dazu w\u00e4hlen und wie wir die \u00dcbung m\u00f6glichst gut vorbereiten. Hinweis: Nach Bezahlung ist das Video f\u00fcr 30 Tage freigeschaltet. Link zum Video: Ruhiges Holzhalten \u2013 der Anfang (Freischaltung nach Bezahlung)","og_url":"https:\/\/dogsport-online.com\/en\/product\/ruhiges-holzhalten-der-anfang\/","og_site_name":"Dogsport-Online.com","article_modified_time":"2025-09-17T14:27:27+00:00","og_image":[{"width":500,"height":281,"url":"https:\/\/dogsport-online.com\/wp-content\/uploads\/2021\/07\/10-Halteuebung-Apportieren-de-eng-it.jpg","type":"image\/jpeg"}],"twitter_card":"summary_large_image","twitter_misc":{"Est. reading time":"1 minute"},"schema":{"@context":"https:\/\/schema.org","@graph":[{"@type":"WebPage","@id":"https:\/\/dogsport-online.com\/produkt\/ruhiges-holzhalten-der-anfang\/","url":"https:\/\/dogsport-online.com\/produkt\/ruhiges-holzhalten-der-anfang\/","name":"Ruhiges Holzhalten \u2013 der Anfang - Dogsport-Online.com","isPartOf":{"@id":"https:\/\/dogsport-online.com\/#website"},"primaryImageOfPage":{"@id":"https:\/\/dogsport-online.com\/produkt\/ruhiges-holzhalten-der-anfang\/#primaryimage"},"image":{"@id":"https:\/\/dogsport-online.com\/produkt\/ruhiges-holzhalten-der-anfang\/#primaryimage"},"thumbnailUrl":"https:\/\/dogsport-online.com\/wp-content\/uploads\/2021\/07\/10-Halteuebung-Apportieren-de-eng-it.jpg","datePublished":"2021-07-17T19:02:11+00:00","dateModified":"2025-09-17T14:27:27+00:00","breadcrumb":{"@id":"https:\/\/dogsport-online.com\/produkt\/ruhiges-holzhalten-der-anfang\/#breadcrumb"},"inLanguage":"en-US","potentialAction":[{"@type":"ReadAction","target":["https:\/\/dogsport-online.com\/produkt\/ruhiges-holzhalten-der-anfang\/"]}]},{"@type":"ImageObject","inLanguage":"en-US","@id":"https:\/\/dogsport-online.com\/produkt\/ruhiges-holzhalten-der-anfang\/#primaryimage","url":"https:\/\/dogsport-online.com\/wp-content\/uploads\/2021\/07\/10-Halteuebung-Apportieren-de-eng-it.jpg","contentUrl":"https:\/\/dogsport-online.com\/wp-content\/uploads\/2021\/07\/10-Halteuebung-Apportieren-de-eng-it.jpg","width":500,"height":281,"caption":"Holzhalten - der Anfang (Apport)"},{"@type":"BreadcrumbList","@id":"https:\/\/dogsport-online.com\/produkt\/ruhiges-holzhalten-der-anfang\/#breadcrumb","itemListElement":[{"@type":"ListItem","position":1,"name":"Startseite","item":"https:\/\/dogsport-online.com\/"},{"@type":"ListItem","position":2,"name":"Produkte","item":"https:\/\/dogsport-online.com\/shop\/"},{"@type":"ListItem","position":3,"name":"Ruhiges Holzhalten \u2013 der Anfang"}]},{"@type":"WebSite","@id":"https:\/\/dogsport-online.com\/#website","url":"https:\/\/dogsport-online.com\/","name":"Dogsport-Online.com","description":"Training Videos and much more","publisher":{"@id":"https:\/\/dogsport-online.com\/#organization"},"potentialAction":[{"@type":"SearchAction","target":{"@type":"EntryPoint","urlTemplate":"https:\/\/dogsport-online.com\/?s={search_term_string}"},"query-input":{"@type":"PropertyValueSpecification","valueRequired":true,"valueName":"search_term_string"}}],"inLanguage":"en-US"},{"@type":"Organization","@id":"https:\/\/dogsport-online.com\/#organization","name":"Dogsport-Online.com","url":"https:\/\/dogsport-online.com\/","logo":{"@type":"ImageObject","inLanguage":"en-US","@id":"https:\/\/dogsport-online.com\/#\/schema\/logo\/image\/","url":"https:\/\/dogsport-online.com\/wp-content\/uploads\/2021\/08\/Logo-DS-facebook-1.png","contentUrl":"https:\/\/dogsport-online.com\/wp-content\/uploads\/2021\/08\/Logo-DS-facebook-1.png","width":1200,"height":630,"caption":"Dogsport-Online.com"},"image":{"@id":"https:\/\/dogsport-online.com\/#\/schema\/logo\/image\/"}}]}},"_links":{"self":[{"href":"https:\/\/dogsport-online.com\/en\/wp-json\/wp\/v2\/product\/1013","targetHints":{"allow":["GET"]}}],"collection":[{"href":"https:\/\/dogsport-online.com\/en\/wp-json\/wp\/v2\/product"}],"about":[{"href":"https:\/\/dogsport-online.com\/en\/wp-json\/wp\/v2\/types\/product"}],"replies":[{"embeddable":true,"href":"https:\/\/dogsport-online.com\/en\/wp-json\/wp\/v2\/comments?post=1013"}],"version-history":[{"count":5,"href":"https:\/\/dogsport-online.com\/en\/wp-json\/wp\/v2\/product\/1013\/revisions"}],"predecessor-version":[{"id":1595,"href":"https:\/\/dogsport-online.com\/en\/wp-json\/wp\/v2\/product\/1013\/revisions\/1595"}],"wp:featuredmedia":[{"embeddable":true,"href":"https:\/\/dogsport-online.com\/en\/wp-json\/wp\/v2\/media\/5370"}],"wp:attachment":[{"href":"https:\/\/dogsport-online.com\/en\/wp-json\/wp\/v2\/media?parent=1013"}],"wp:term":[{"taxonomy":"product_brand","embeddable":true,"href":"https:\/\/dogsport-online.com\/en\/wp-json\/wp\/v2\/product_brand?post=1013"},{"taxonomy":"product_cat","embeddable":true,"href":"https:\/\/dogsport-online.com\/en\/wp-json\/wp\/v2\/product_cat?post=1013"},{"taxonomy":"product_tag","embeddable":true,"href":"https:\/\/dogsport-online.com\/en\/wp-json\/wp\/v2\/product_tag?post=1013"},{"taxonomy":"giftcard-category","embeddable":true,"href":"https:\/\/dogsport-online.com\/en\/wp-json\/wp\/v2\/giftcard-category?post=1013"}],"curies":[{"name":"wp","href":"https:\/\/api.w.org\/{rel}","templated":true}]}}