{"id":694,"date":"2020-05-02T21:00:13","date_gmt":"2020-05-02T19:00:13","guid":{"rendered":"https:\/\/dogsport-online.com\/widerrufsbelehrung\/"},"modified":"2021-08-22T16:34:33","modified_gmt":"2021-08-22T14:34:33","slug":"widerrufsbelehrung","status":"publish","type":"page","link":"https:\/\/dogsport-online.com\/en\/widerrufsbelehrung\/","title":{"rendered":"Instruction on right of revocation"},"content":{"rendered":"<div data-elementor-type=\"wp-page\" data-elementor-id=\"694\" class=\"elementor elementor-694\" data-elementor-post-type=\"page\">\n\t\t\t\t\t\t<section class=\"elementor-section elementor-top-section elementor-element elementor-element-2973a23 elementor-section-boxed elementor-section-height-default elementor-section-height-default\" data-id=\"2973a23\" data-element_type=\"section\">\n\t\t\t\t\t\t<div class=\"elementor-container elementor-column-gap-default\">\n\t\t\t\t\t<div class=\"elementor-column elementor-col-100 elementor-top-column elementor-element elementor-element-26dd55b\" data-id=\"26dd55b\" data-element_type=\"column\">\n\t\t\t<div class=\"elementor-widget-wrap elementor-element-populated\">\n\t\t\t\t\t\t<div class=\"elementor-element elementor-element-2998832 elementor-widget elementor-widget-text-editor\" data-id=\"2998832\" data-element_type=\"widget\" data-widget_type=\"text-editor.default\">\n\t\t\t\t<div class=\"elementor-widget-container\">\n\t\t\t\t\t\t\t\t\t<p><strong>Right of revocation<\/strong><\/p><p>You have the right to revoke this contract within fourteen days without giving any reason. The revocation period is fourteen days starting at the date at which the agreement has been concluded.<\/p><p>In order to exercise your revocation right, you must inform us (Dogsport Online, owned by Knabl Scherk GbR, H\u00f6lderlinstr. 5, 85084 Reichershofen, phone:  08453\/3380205, fax: 08453\/4363239, E-Mail: <a href=\"mailto:mail@dogsport-online.com\">mail@dogsport-online.com<\/a>by means of a clear declaration (e.g. a letter sent by post, a fax or e-mail) of your decision to revoke this contract. You can use the attached sample revocation form for this purpose, which is, however, not mandatory.<\/p><p>In order to comply with the revocation period, it is sufficient that you send the notification of the exercise of the revocation right before the expiry of the revocation period.<\/p><p>\u00a0<\/p><p><strong>Consequences of the revocation<\/strong><\/p><p>If you revoke this contract, we shall reimburse you all payments we have received from you, including delivery costs (with the exception of additional costs resulting from the fact that you have chosen a type of delivery other than the most favorable standard delivery offered by us), without undue delay and no later than within fourteen days from the day on which we received the notification of your revocation of this contract. For this repayment, we will use the same means of payment that you used for the original transaction, unless expressly agreed otherwise with you; in no case will you be charged any fees because of this repayment.<\/p><p>\u00a0<\/p><p><strong>- End of instruction on right of revocation -<\/strong><\/p><p>\u00a0<\/p><p><strong>Forfeiture of Revocation Right<\/strong><\/p><p>The revocation right shall forfeit for any Agreement regarding the delivery of digital contents not stored on any storage device if we have started with execution of this Agreement after you (i) shall have expressly consented to start of execution prior expiry of the revocation deadline and (ii) you have confirmed to be aware that through your approval at the start of execution of this Agreement you will forego your right of revocation.<\/p><p>\u00a0<\/p><p>The revocation is to be addressed to:<\/p><p>Dogsport Online<br \/>Inhaber Knabl Scherk GbR<br \/>H\u00f6lderlinstr. 5<br \/>85084 Reichershofen<\/p><p>Fax: 08453\/4363239<\/p><p>E-Mail: mail@dogsport-online.com \u00a0<\/p><p>\u00a0<\/p><p>Downlaod:\u00a0<a href=\"https:\/\/dogsport-online.com\/wp-content\/uploads\/2021\/08\/Dogsport-Online-Revocation-form.pdf\">Sample revocation form (click here)<\/a><\/p><p>\u00a0<\/p><p>\u00a0<\/p>\t\t\t\t\t\t\t\t<\/div>\n\t\t\t\t<\/div>\n\t\t\t\t<div class=\"elementor-element elementor-element-fa2b570 elementor-widget elementor-widget-text-editor\" data-id=\"fa2b570\" data-element_type=\"widget\" data-widget_type=\"text-editor.default\">\n\t\t\t\t<div class=\"elementor-widget-container\">\n\t\t\t\t\t\t\t\t\t<h2>Revocation form<\/h2><p>If you wish to revoke the contract, please complete this form and return it to us.<\/p><p>To:<br \/>Dogsport-Online<br \/>Inhaber: Knabl Scherk GbR<br \/>H\u00f6lderlinstr. 5<br \/>85084 Reichertshofen<\/p><p>Fax: 08453\/4363239<br \/><a href=\"mailto:mail@dogsport-online.com\">mail@dogsport-online.com<\/a><\/p><p>I\/we (*) hereby revoke the contract concluded by me\/us (*) to purchase the following merchandise (*)\/the performance of the following service (*):<\/p><p>__________________________________________________________________________<\/p><p>ordered on (*)\/received on (*)<\/p><p>__________________________________________________________________________<\/p><p>name of customer(s)<\/p><p>__________________________________________________________________________<\/p><p>address of customer(s)<\/p><p>__________________________________________________________________________<\/p><p>signature of customer(s) (only if notification on paper)<\/p><p>__________________________________________________________________________<\/p><p>date<\/p><p>__________________________________________________________________________<\/p><p>(*) Delete where applicable<\/p><p><a href=\"#_ftnref1\" name=\"_ftn1\"><\/a>\u00a0<\/p>\t\t\t\t\t\t\t\t<\/div>\n\t\t\t\t<\/div>\n\t\t\t\t\t<\/div>\n\t\t<\/div>\n\t\t\t\t\t<\/div>\n\t\t<\/section>\n\t\t\t\t<\/div>","protected":false},"excerpt":{"rendered":"<p>Widerrufsrecht Sie haben das Recht, binnen vierzehn Tagen ohne Angabe von Gr\u00fcnden diesen Vertrag zu widerrufen. Die Widerrufsfrist betr\u00e4gt vierzehn Tage ab dem Tag des Vertragsschlusses. Um Ihr Widerrufsrecht auszu\u00fcben, m\u00fcssen Sie uns (Dogsport Online, Inhaber Knabl Scherk GbR H\u00f6lderlinstr. 5, 85084 Reichertshofen, Telefon: 08453\/3380205, Telefax: 08453\/4363239, E-Mail: mail@dogsport-online.com, mittels einer eindeutigen Erkl\u00e4rung (z.B. ein [&hellip;]<\/p>","protected":false},"author":1,"featured_media":0,"parent":0,"menu_order":0,"comment_status":"closed","ping_status":"closed","template":"","meta":{"site-sidebar-layout":"default","site-content-layout":"default","ast-site-content-layout":"","site-content-style":"default","site-sidebar-style":"default","ast-global-header-display":"","ast-banner-title-visibility":"","ast-main-header-display":"","ast-hfb-above-header-display":"","ast-hfb-below-header-display":"","ast-hfb-mobile-header-display":"","site-post-title":"","ast-breadcrumbs-content":"","ast-featured-img":"disabled","footer-sml-layout":"","theme-transparent-header-meta":"default","adv-header-id-meta":"","stick-header-meta":"","header-above-stick-meta":"","header-main-stick-meta":"","header-below-stick-meta":"","astra-migrate-meta-layouts":"default","ast-page-background-enabled":"default","ast-page-background-meta":{"desktop":{"background-color":"","background-image":"","background-repeat":"repeat","background-position":"center center","background-size":"auto","background-attachment":"scroll","background-type":"","background-media":"","overlay-type":"","overlay-color":"","overlay-gradient":""},"tablet":{"background-color":"","background-image":"","background-repeat":"repeat","background-position":"center center","background-size":"auto","background-attachment":"scroll","background-type":"","background-media":"","overlay-type":"","overlay-color":"","overlay-gradient":""},"mobile":{"background-color":"","background-image":"","background-repeat":"repeat","background-position":"center center","background-size":"auto","background-attachment":"scroll","background-type":"","background-media":"","overlay-type":"","overlay-color":"","overlay-gradient":""}},"ast-content-background-meta":{"desktop":{"background-color":"var(--ast-global-color-5)","background-image":"","background-repeat":"repeat","background-position":"center center","background-size":"auto","background-attachment":"scroll","background-type":"","background-media":"","overlay-type":"","overlay-color":"","overlay-gradient":""},"tablet":{"background-color":"var(--ast-global-color-5)","background-image":"","background-repeat":"repeat","background-position":"center center","background-size":"auto","background-attachment":"scroll","background-type":"","background-media":"","overlay-type":"","overlay-color":"","overlay-gradient":""},"mobile":{"background-color":"var(--ast-global-color-5)","background-image":"","background-repeat":"repeat","background-position":"center center","background-size":"auto","background-attachment":"scroll","background-type":"","background-media":"","overlay-type":"","overlay-color":"","overlay-gradient":""}},"footnotes":""},"class_list":["post-694","page","type-page","status-publish","hentry"],"yoast_head":"<!-- This site is optimized with the Yoast SEO plugin v26.0 - https:\/\/yoast.com\/wordpress\/plugins\/seo\/ -->\n<title>Widerrufsbelehrung - Dogsport-Online.com<\/title>\n<meta name=\"robots\" content=\"index, follow, max-snippet:-1, max-image-preview:large, max-video-preview:-1\" \/>\n<link rel=\"canonical\" href=\"https:\/\/dogsport-online.com\/en\/widerrufsbelehrung\/\" \/>\n<meta property=\"og:locale\" content=\"en_US\" \/>\n<meta property=\"og:type\" content=\"article\" \/>\n<meta property=\"og:title\" content=\"Widerrufsbelehrung - Dogsport-Online.com\" \/>\n<meta property=\"og:description\" content=\"Widerrufsrecht Sie haben das Recht, binnen vierzehn Tagen ohne Angabe von Gr\u00fcnden diesen Vertrag zu widerrufen. Die Widerrufsfrist betr\u00e4gt vierzehn Tage ab dem Tag des Vertragsschlusses. Um Ihr Widerrufsrecht auszu\u00fcben, m\u00fcssen Sie uns (Dogsport Online, Inhaber Knabl Scherk GbR H\u00f6lderlinstr. 5, 85084 Reichertshofen, Telefon: 08453\/3380205, Telefax: 08453\/4363239, E-Mail: mail@dogsport-online.com, mittels einer eindeutigen Erkl\u00e4rung (z.B. ein [&hellip;]\" \/>\n<meta property=\"og:url\" content=\"https:\/\/dogsport-online.com\/en\/widerrufsbelehrung\/\" \/>\n<meta property=\"og:site_name\" content=\"Dogsport-Online.com\" \/>\n<meta property=\"article:modified_time\" content=\"2021-08-22T14:34:33+00:00\" \/>\n<meta property=\"og:image\" content=\"https:\/\/dogsport-online.com\/wp-content\/uploads\/2021\/08\/Logo-DS-facebook-1.png\" \/>\n\t<meta property=\"og:image:width\" content=\"1200\" \/>\n\t<meta property=\"og:image:height\" content=\"630\" \/>\n\t<meta property=\"og:image:type\" content=\"image\/png\" \/>\n<meta name=\"twitter:card\" content=\"summary_large_image\" \/>\n<meta name=\"twitter:label1\" content=\"Est. reading time\" \/>\n\t<meta name=\"twitter:data1\" content=\"2 minutes\" \/>\n<script type=\"application\/ld+json\" class=\"yoast-schema-graph\">{\"@context\":\"https:\/\/schema.org\",\"@graph\":[{\"@type\":\"WebPage\",\"@id\":\"https:\/\/dogsport-online.com\/widerrufsbelehrung\/\",\"url\":\"https:\/\/dogsport-online.com\/widerrufsbelehrung\/\",\"name\":\"Widerrufsbelehrung - Dogsport-Online.com\",\"isPartOf\":{\"@id\":\"https:\/\/dogsport-online.com\/#website\"},\"datePublished\":\"2020-05-02T19:00:13+00:00\",\"dateModified\":\"2021-08-22T14:34:33+00:00\",\"breadcrumb\":{\"@id\":\"https:\/\/dogsport-online.com\/widerrufsbelehrung\/#breadcrumb\"},\"inLanguage\":\"en-US\",\"potentialAction\":[{\"@type\":\"ReadAction\",\"target\":[\"https:\/\/dogsport-online.com\/widerrufsbelehrung\/\"]}]},{\"@type\":\"BreadcrumbList\",\"@id\":\"https:\/\/dogsport-online.com\/widerrufsbelehrung\/#breadcrumb\",\"itemListElement\":[{\"@type\":\"ListItem\",\"position\":1,\"name\":\"Startseite\",\"item\":\"https:\/\/dogsport-online.com\/\"},{\"@type\":\"ListItem\",\"position\":2,\"name\":\"Widerrufsbelehrung\"}]},{\"@type\":\"WebSite\",\"@id\":\"https:\/\/dogsport-online.com\/#website\",\"url\":\"https:\/\/dogsport-online.com\/\",\"name\":\"Dogsport-Online.com\",\"description\":\"Training Videos and much more\",\"publisher\":{\"@id\":\"https:\/\/dogsport-online.com\/#organization\"},\"potentialAction\":[{\"@type\":\"SearchAction\",\"target\":{\"@type\":\"EntryPoint\",\"urlTemplate\":\"https:\/\/dogsport-online.com\/?s={search_term_string}\"},\"query-input\":{\"@type\":\"PropertyValueSpecification\",\"valueRequired\":true,\"valueName\":\"search_term_string\"}}],\"inLanguage\":\"en-US\"},{\"@type\":\"Organization\",\"@id\":\"https:\/\/dogsport-online.com\/#organization\",\"name\":\"Dogsport-Online.com\",\"url\":\"https:\/\/dogsport-online.com\/\",\"logo\":{\"@type\":\"ImageObject\",\"inLanguage\":\"en-US\",\"@id\":\"https:\/\/dogsport-online.com\/#\/schema\/logo\/image\/\",\"url\":\"https:\/\/dogsport-online.com\/wp-content\/uploads\/2021\/08\/Logo-DS-facebook-1.png\",\"contentUrl\":\"https:\/\/dogsport-online.com\/wp-content\/uploads\/2021\/08\/Logo-DS-facebook-1.png\",\"width\":1200,\"height\":630,\"caption\":\"Dogsport-Online.com\"},\"image\":{\"@id\":\"https:\/\/dogsport-online.com\/#\/schema\/logo\/image\/\"}}]}<\/script>\n<!-- \/ Yoast SEO plugin. -->","yoast_head_json":{"title":"Widerrufsbelehrung - Dogsport-Online.com","robots":{"index":"index","follow":"follow","max-snippet":"max-snippet:-1","max-image-preview":"max-image-preview:large","max-video-preview":"max-video-preview:-1"},"canonical":"https:\/\/dogsport-online.com\/en\/widerrufsbelehrung\/","og_locale":"en_US","og_type":"article","og_title":"Widerrufsbelehrung - Dogsport-Online.com","og_description":"Widerrufsrecht Sie haben das Recht, binnen vierzehn Tagen ohne Angabe von Gr\u00fcnden diesen Vertrag zu widerrufen. Die Widerrufsfrist betr\u00e4gt vierzehn Tage ab dem Tag des Vertragsschlusses. Um Ihr Widerrufsrecht auszu\u00fcben, m\u00fcssen Sie uns (Dogsport Online, Inhaber Knabl Scherk GbR H\u00f6lderlinstr. 5, 85084 Reichertshofen, Telefon: 08453\/3380205, Telefax: 08453\/4363239, E-Mail: mail@dogsport-online.com, mittels einer eindeutigen Erkl\u00e4rung (z.B. ein [&hellip;]","og_url":"https:\/\/dogsport-online.com\/en\/widerrufsbelehrung\/","og_site_name":"Dogsport-Online.com","article_modified_time":"2021-08-22T14:34:33+00:00","og_image":[{"width":1200,"height":630,"url":"https:\/\/dogsport-online.com\/wp-content\/uploads\/2021\/08\/Logo-DS-facebook-1.png","type":"image\/png"}],"twitter_card":"summary_large_image","twitter_misc":{"Est. reading time":"2 minutes"},"schema":{"@context":"https:\/\/schema.org","@graph":[{"@type":"WebPage","@id":"https:\/\/dogsport-online.com\/widerrufsbelehrung\/","url":"https:\/\/dogsport-online.com\/widerrufsbelehrung\/","name":"Widerrufsbelehrung - Dogsport-Online.com","isPartOf":{"@id":"https:\/\/dogsport-online.com\/#website"},"datePublished":"2020-05-02T19:00:13+00:00","dateModified":"2021-08-22T14:34:33+00:00","breadcrumb":{"@id":"https:\/\/dogsport-online.com\/widerrufsbelehrung\/#breadcrumb"},"inLanguage":"en-US","potentialAction":[{"@type":"ReadAction","target":["https:\/\/dogsport-online.com\/widerrufsbelehrung\/"]}]},{"@type":"BreadcrumbList","@id":"https:\/\/dogsport-online.com\/widerrufsbelehrung\/#breadcrumb","itemListElement":[{"@type":"ListItem","position":1,"name":"Startseite","item":"https:\/\/dogsport-online.com\/"},{"@type":"ListItem","position":2,"name":"Widerrufsbelehrung"}]},{"@type":"WebSite","@id":"https:\/\/dogsport-online.com\/#website","url":"https:\/\/dogsport-online.com\/","name":"Dogsport-Online.com","description":"Training Videos and much more","publisher":{"@id":"https:\/\/dogsport-online.com\/#organization"},"potentialAction":[{"@type":"SearchAction","target":{"@type":"EntryPoint","urlTemplate":"https:\/\/dogsport-online.com\/?s={search_term_string}"},"query-input":{"@type":"PropertyValueSpecification","valueRequired":true,"valueName":"search_term_string"}}],"inLanguage":"en-US"},{"@type":"Organization","@id":"https:\/\/dogsport-online.com\/#organization","name":"Dogsport-Online.com","url":"https:\/\/dogsport-online.com\/","logo":{"@type":"ImageObject","inLanguage":"en-US","@id":"https:\/\/dogsport-online.com\/#\/schema\/logo\/image\/","url":"https:\/\/dogsport-online.com\/wp-content\/uploads\/2021\/08\/Logo-DS-facebook-1.png","contentUrl":"https:\/\/dogsport-online.com\/wp-content\/uploads\/2021\/08\/Logo-DS-facebook-1.png","width":1200,"height":630,"caption":"Dogsport-Online.com"},"image":{"@id":"https:\/\/dogsport-online.com\/#\/schema\/logo\/image\/"}}]}},"_links":{"self":[{"href":"https:\/\/dogsport-online.com\/en\/wp-json\/wp\/v2\/pages\/694","targetHints":{"allow":["GET"]}}],"collection":[{"href":"https:\/\/dogsport-online.com\/en\/wp-json\/wp\/v2\/pages"}],"about":[{"href":"https:\/\/dogsport-online.com\/en\/wp-json\/wp\/v2\/types\/page"}],"author":[{"embeddable":true,"href":"https:\/\/dogsport-online.com\/en\/wp-json\/wp\/v2\/users\/1"}],"replies":[{"embeddable":true,"href":"https:\/\/dogsport-online.com\/en\/wp-json\/wp\/v2\/comments?post=694"}],"version-history":[{"count":16,"href":"https:\/\/dogsport-online.com\/en\/wp-json\/wp\/v2\/pages\/694\/revisions"}],"predecessor-version":[{"id":2167,"href":"https:\/\/dogsport-online.com\/en\/wp-json\/wp\/v2\/pages\/694\/revisions\/2167"}],"wp:attachment":[{"href":"https:\/\/dogsport-online.com\/en\/wp-json\/wp\/v2\/media?parent=694"}],"curies":[{"name":"wp","href":"https:\/\/api.w.org\/{rel}","templated":true}]}}